{"id":30274,"date":"2020-03-19T21:38:15","date_gmt":"2020-03-19T20:38:15","guid":{"rendered":"https:\/\/musee-circuit.be\/praktische-informatie\/"},"modified":"2023-10-26T13:52:42","modified_gmt":"2023-10-26T11:52:42","slug":"praktische-informatie","status":"publish","type":"page","link":"https:\/\/musee-circuit.be\/nl\/praktische-informatie\/","title":{"rendered":"Praktische informatie"},"content":{"rendered":"<p>[et_pb_section fb_built=&#8221;1&#8243; _builder_version=&#8221;4.16&#8243; global_colors_info=&#8221;{}&#8221;][et_pb_row _builder_version=&#8221;4.16&#8243; background_color=&#8221;#ffffff&#8221; custom_margin=&#8221;50px||||false|false&#8221; custom_padding=&#8221;0px||4px|||&#8221; box_shadow_style=&#8221;preset1&#8243; global_colors_info=&#8221;{}&#8221;][et_pb_column type=&#8221;4_4&#8243; _builder_version=&#8221;4.16&#8243; global_colors_info=&#8221;{}&#8221;][et_pb_text _builder_version=&#8221;4.22.2&#8243; text_font=&#8221;Open Sans||||||||&#8221; text_line_height=&#8221;1.8em&#8221; header_font=&#8221;||||||||&#8221; header_2_font=&#8221;Squada One||||||||&#8221; header_2_font_size=&#8221;40px&#8221; background_color=&#8221;#ffffff&#8221; width=&#8221;100%&#8221; custom_margin=&#8221;|391px|0px|||&#8221; custom_padding=&#8221;5px|24px|5px|24px|true|true&#8221; animation_direction=&#8221;bottom&#8221; hover_enabled=&#8221;0&#8243; header_2_font_size_tablet=&#8221;35px&#8221; header_2_font_size_phone=&#8221;25px&#8221; header_2_font_size_last_edited=&#8221;on|desktop&#8221; border_color_all=&#8221;#e02b20&#8243; border_width_top=&#8221;8px&#8221; box_shadow_style=&#8221;preset1&#8243; box_shadow_blur=&#8221;100px&#8221; box_shadow_color=&#8221;rgba(0,0,0,0.1)&#8221; global_colors_info=&#8221;{}&#8221; sticky_enabled=&#8221;0&#8243;]<\/p>\n<h2>Dienstregeling<\/h2>\n<p><strong>Ga voor de openingstijden van het museum van het circuit van spa-francorchamps naar de website van de<span style=\"text-decoration: underline;\"><a href=\"https:\/\/www.abbayedestavelot.be\/preparer-ma-visite\/horaire-acces\/\" target=\"_blank\" rel=\"noopener\">abdij van Stavelot<\/a><\/span><\/strong><\/p>\n<p>&nbsp;<\/p>\n<p>[\/et_pb_text][\/et_pb_column][\/et_pb_row][et_pb_row _builder_version=&#8221;4.16&#8243; background_color=&#8221;#ffffff&#8221; custom_margin=&#8221;50px||||false|false&#8221; custom_padding=&#8221;0px|||||&#8221; box_shadow_style=&#8221;preset1&#8243; global_colors_info=&#8221;{}&#8221;][et_pb_column type=&#8221;4_4&#8243; _builder_version=&#8221;4.16&#8243; global_colors_info=&#8221;{}&#8221;][et_pb_text _builder_version=&#8221;4.19.1&#8243; text_font=&#8221;Open Sans||||||||&#8221; text_line_height=&#8221;1.8em&#8221; header_font=&#8221;||||||||&#8221; header_2_font=&#8221;Squada One||||||||&#8221; header_2_font_size=&#8221;40px&#8221; background_color=&#8221;#ffffff&#8221; width=&#8221;100%&#8221; custom_margin=&#8221;|391px|0px|||&#8221; custom_padding=&#8221;5px|24px|5px|24px|true|true&#8221; animation_direction=&#8221;bottom&#8221; header_2_font_size_tablet=&#8221;35px&#8221; header_2_font_size_phone=&#8221;25px&#8221; header_2_font_size_last_edited=&#8221;on|desktop&#8221; border_color_all=&#8221;#e02b20&#8243; border_width_top=&#8221;8px&#8221; box_shadow_style=&#8221;preset1&#8243; box_shadow_blur=&#8221;100px&#8221; box_shadow_color=&#8221;rgba(0,0,0,0.1)&#8221; global_colors_info=&#8221;{}&#8221;]<\/p>\n<h2>Tarieven<\/h2>\n<p>[\/et_pb_text][et_pb_text _builder_version=&#8221;4.16&#8243; text_font=&#8221;||||||||&#8221; text_font_size=&#8221;16px&#8221; background_color=&#8221;#ffffff&#8221; custom_margin=&#8221;||0px||false|false&#8221; custom_padding=&#8221;|||25px|false|false&#8221; global_colors_info=&#8221;{}&#8221;]<\/p>\n<h3 class=\"visite-titre\">All-in bezoek<\/h3>\n<p>Gratis bezoek aan de 3 musea en de tijdelijke tentoonstelling.<\/p>\n<table border=\"1\" style=\"width: 100%; border-collapse: collapse; border-style: solid; margin-left: auto; margin-right: auto;\">\n<tbody>\n<tr>\n<td style=\"width: 99.9999%; text-align: center;\" colspan=\"3\"><strong>Normale prijs<\/strong><br \/><strong>11,00 \u20ac<\/strong><\/td>\n<\/tr>\n<tr>\n<td style=\"width: 33.3333%; text-align: center;\"><strong>0 \u2013 6 jaar<\/strong><br \/><strong>GRATUIT<\/strong><\/td>\n<td style=\"width: 33.3333%; text-align: center;\"><strong>6 \u2013 18 jaar<\/strong><br \/><strong>9,50 \u20ac<\/strong><\/td>\n<td style=\"width: 33.3333%; text-align: center;\"><strong>65+ jaar<\/strong><br \/><strong>9,50 \u20ac<\/strong><\/td>\n<\/tr>\n<\/tbody>\n<\/table>\n<h3>Duur van het bezoek:<\/h3>\n<p>Historisch Museum van het Prinsdom Stavelot-Malmedy: 1u30 tot 2u<br \/>Museum van het Circuit van Spa-Francorchamps: 30 min. tot 1 uur<br \/>Guillaume Apollinaire Museum: 30 min. tot 1 uur<\/p>\n<p>Meer informatie op <a href=\"https:\/\/www.abbayedestavelot.be\/\">https:\/\/www.abbayedestavelot.be\/<\/a><br \/>Koop tickets online op <a href=\"https:\/\/reservation.elloha.com\/?idPublication=d1d71d4c-086b-4b10-855c-3b9f078cd4f9&amp;idoi=9af9be28-61a9-4cf2-9d25-031c2049ca94&amp;idPrestation=912f1af0-0220-482c-b017-42a3bb46a0ee&amp;culture=fr-FR&amp;searchFirstAvailableDates=1\">Elloha.com<\/a><\/p>\n<p>&nbsp;<\/p>\n<p>[\/et_pb_text][\/et_pb_column][\/et_pb_row][et_pb_row _builder_version=&#8221;4.16&#8243; background_color=&#8221;#ffffff&#8221; custom_margin=&#8221;50px||||false|false&#8221; custom_padding=&#8221;0px|||||&#8221; box_shadow_style=&#8221;preset1&#8243; global_colors_info=&#8221;{}&#8221;][et_pb_column type=&#8221;4_4&#8243; _builder_version=&#8221;4.16&#8243; global_colors_info=&#8221;{}&#8221;][et_pb_text _builder_version=&#8221;4.19.1&#8243; text_font=&#8221;Open Sans||||||||&#8221; text_line_height=&#8221;1.8em&#8221; header_font=&#8221;||||||||&#8221; header_2_font=&#8221;Squada One||||||||&#8221; header_2_font_size=&#8221;40px&#8221; background_color=&#8221;#ffffff&#8221; width=&#8221;100%&#8221; custom_margin=&#8221;|391px|0px|||&#8221; custom_padding=&#8221;5px|24px|5px|24px|true|true&#8221; animation_direction=&#8221;bottom&#8221; header_2_font_size_tablet=&#8221;35px&#8221; header_2_font_size_phone=&#8221;25px&#8221; header_2_font_size_last_edited=&#8221;on|desktop&#8221; border_color_all=&#8221;#e02b20&#8243; border_width_top=&#8221;8px&#8221; box_shadow_style=&#8221;preset1&#8243; box_shadow_blur=&#8221;100px&#8221; box_shadow_color=&#8221;rgba(0,0,0,0.1)&#8221; global_colors_info=&#8221;{}&#8221;]<\/p>\n<h2>Parkeren en stadsplattegrond<\/h2>\n<p><a href=\"abbayedestavelot.be\/wp-content\/uploads\/2021\/11\/plan_des_parking.pdf\" target=\"_blank\" rel=\"noopener\">Download de parkeerkaart<\/a><\/p>\n<p>[\/et_pb_text][et_pb_image src=&#8221;https:\/\/www.abbayedestavelot.be\/wp-content\/uploads\/2021\/11\/0001-scaled.jpg&#8221; _builder_version=&#8221;4.19.1&#8243; _module_preset=&#8221;default&#8221; global_colors_info=&#8221;{}&#8221;][\/et_pb_image][\/et_pb_column][\/et_pb_row][et_pb_row _builder_version=&#8221;4.16&#8243; background_color=&#8221;#ffffff&#8221; custom_margin=&#8221;50px||||false|false&#8221; custom_padding=&#8221;0px|||||&#8221; box_shadow_style=&#8221;preset1&#8243; global_colors_info=&#8221;{}&#8221;][et_pb_column type=&#8221;4_4&#8243; _builder_version=&#8221;4.16&#8243; global_colors_info=&#8221;{}&#8221;][et_pb_text _builder_version=&#8221;4.19.1&#8243; text_font=&#8221;Open Sans||||||||&#8221; text_line_height=&#8221;1.8em&#8221; header_font=&#8221;||||||||&#8221; header_2_font=&#8221;Squada One||||||||&#8221; header_2_font_size=&#8221;40px&#8221; background_color=&#8221;#ffffff&#8221; width=&#8221;100%&#8221; custom_margin=&#8221;|391px|0px|||&#8221; custom_padding=&#8221;5px|24px|5px|24px|true|true&#8221; animation_direction=&#8221;bottom&#8221; header_2_font_size_tablet=&#8221;35px&#8221; header_2_font_size_phone=&#8221;25px&#8221; header_2_font_size_last_edited=&#8221;on|desktop&#8221; border_color_all=&#8221;#e02b20&#8243; border_width_top=&#8221;8px&#8221; box_shadow_style=&#8221;preset1&#8243; box_shadow_blur=&#8221;100px&#8221; box_shadow_color=&#8221;rgba(0,0,0,0.1)&#8221; global_colors_info=&#8221;{}&#8221;]<\/p>\n<h2>Verdere informatie<\/h2>\n<p>Voor meer informatie over toegang, openingstijden en regelingen voor personen met beperkte mobiliteit kunt u terecht op <a href=\"https:\/\/www.abbayedestavelot.be\/preparer-ma-visite\/horaire-acces\/\">de website van de Abdij van Stavelot<\/a><\/p>\n<p>[\/et_pb_text][\/et_pb_column][\/et_pb_row][\/et_pb_section]<\/p>\n","protected":false},"excerpt":{"rendered":"<p>Dienstregeling Ga voor de openingstijden van het museum van het circuit van spa-francorchamps naar de website van deabdij van Stavelot &nbsp;TarievenAll-in bezoek Gratis bezoek aan de 3 musea en de tijdelijke tentoonstelling. Normale prijs11,00 \u20ac 0 \u2013 6 jaarGRATUIT 6 \u2013 18 jaar9,50 \u20ac 65+ jaar9,50 \u20ac Duur van het bezoek: Historisch Museum van het [&hellip;]<\/p>\n","protected":false},"author":1,"featured_media":0,"parent":0,"menu_order":0,"comment_status":"closed","ping_status":"closed","template":"","meta":{"_et_pb_use_builder":"on","_et_pb_old_content":"","_et_gb_content_width":"","footnotes":""},"class_list":["post-30274","page","type-page","status-publish","hentry"],"yoast_head":"<!-- This site is optimized with the Yoast SEO plugin v25.4 - https:\/\/yoast.com\/wordpress\/plugins\/seo\/ -->\n<title>Praktische informatie - Mus\u00e9e du Circuit de Spa Francorchamps \u00e0 Stavelot | Abbaye de Stavelot<\/title>\n<meta name=\"robots\" content=\"index, follow, max-snippet:-1, max-image-preview:large, max-video-preview:-1\" \/>\n<link rel=\"canonical\" href=\"https:\/\/musee-circuit.be\/nl\/praktische-informatie\/\" \/>\n<meta property=\"og:locale\" content=\"nl_NL\" \/>\n<meta property=\"og:type\" content=\"article\" \/>\n<meta property=\"og:title\" content=\"Praktische informatie - Mus\u00e9e du Circuit de Spa Francorchamps \u00e0 Stavelot | Abbaye de Stavelot\" \/>\n<meta property=\"og:description\" content=\"Dienstregeling Ga voor de openingstijden van het museum van het circuit van spa-francorchamps naar de website van deabdij van Stavelot &nbsp;TarievenAll-in bezoek Gratis bezoek aan de 3 musea en de tijdelijke tentoonstelling. Normale prijs11,00 \u20ac 0 \u2013 6 jaarGRATUIT 6 \u2013 18 jaar9,50 \u20ac 65+ jaar9,50 \u20ac Duur van het bezoek: Historisch Museum van het [&hellip;]\" \/>\n<meta property=\"og:url\" content=\"https:\/\/musee-circuit.be\/nl\/praktische-informatie\/\" \/>\n<meta property=\"og:site_name\" content=\"Mus\u00e9e du Circuit de Spa Francorchamps \u00e0 Stavelot | Abbaye de Stavelot\" \/>\n<meta property=\"article:publisher\" content=\"https:\/\/www.facebook.com\/museecircuitspafrancorchamps\" \/>\n<meta property=\"article:modified_time\" content=\"2023-10-26T11:52:42+00:00\" \/>\n<meta name=\"twitter:card\" content=\"summary_large_image\" \/>\n<meta name=\"twitter:label1\" content=\"Geschatte leestijd\" \/>\n\t<meta name=\"twitter:data1\" content=\"3 minuten\" \/>\n<script type=\"application\/ld+json\" class=\"yoast-schema-graph\">{\"@context\":\"https:\/\/schema.org\",\"@graph\":[{\"@type\":\"WebPage\",\"@id\":\"https:\/\/musee-circuit.be\/nl\/praktische-informatie\/\",\"url\":\"https:\/\/musee-circuit.be\/nl\/praktische-informatie\/\",\"name\":\"Praktische informatie - Mus\u00e9e du Circuit de Spa Francorchamps \u00e0 Stavelot | Abbaye de Stavelot\",\"isPartOf\":{\"@id\":\"https:\/\/musee-circuit.be\/nl\/homepage\/#website\"},\"datePublished\":\"2020-03-19T20:38:15+00:00\",\"dateModified\":\"2023-10-26T11:52:42+00:00\",\"breadcrumb\":{\"@id\":\"https:\/\/musee-circuit.be\/nl\/praktische-informatie\/#breadcrumb\"},\"inLanguage\":\"nl-NL\",\"potentialAction\":[{\"@type\":\"ReadAction\",\"target\":[\"https:\/\/musee-circuit.be\/nl\/praktische-informatie\/\"]}]},{\"@type\":\"BreadcrumbList\",\"@id\":\"https:\/\/musee-circuit.be\/nl\/praktische-informatie\/#breadcrumb\",\"itemListElement\":[{\"@type\":\"ListItem\",\"position\":1,\"name\":\"Accueil\",\"item\":\"https:\/\/musee-circuit.be\/nl\/\"},{\"@type\":\"ListItem\",\"position\":2,\"name\":\"Praktische informatie\"}]},{\"@type\":\"WebSite\",\"@id\":\"https:\/\/musee-circuit.be\/nl\/homepage\/#website\",\"url\":\"https:\/\/musee-circuit.be\/nl\/homepage\/\",\"name\":\"Mus\u00e9e du Circuit de Spa Francorchamps \u00e0 Stavelot | Abbaye de Stavelot\",\"description\":\"Mus\u00e9e du Circuit de Spa Francorchamps \u00e0 Stavelot | Abbaye de Stavelot\",\"publisher\":{\"@id\":\"https:\/\/musee-circuit.be\/nl\/homepage\/#organization\"},\"potentialAction\":[{\"@type\":\"SearchAction\",\"target\":{\"@type\":\"EntryPoint\",\"urlTemplate\":\"https:\/\/musee-circuit.be\/nl\/homepage\/?s={search_term_string}\"},\"query-input\":{\"@type\":\"PropertyValueSpecification\",\"valueRequired\":true,\"valueName\":\"search_term_string\"}}],\"inLanguage\":\"nl-NL\"},{\"@type\":\"Organization\",\"@id\":\"https:\/\/musee-circuit.be\/nl\/homepage\/#organization\",\"name\":\"Mus\u00e9e Du Circuit de Spa-Francorchamps\",\"url\":\"https:\/\/musee-circuit.be\/nl\/homepage\/\",\"logo\":{\"@type\":\"ImageObject\",\"inLanguage\":\"nl-NL\",\"@id\":\"https:\/\/musee-circuit.be\/nl\/homepage\/#\/schema\/logo\/image\/\",\"url\":\"https:\/\/musee-circuit.be\/wp-content\/uploads\/2021\/07\/logo-noir.png\",\"contentUrl\":\"https:\/\/musee-circuit.be\/wp-content\/uploads\/2021\/07\/logo-noir.png\",\"width\":939,\"height\":400,\"caption\":\"Mus\u00e9e Du Circuit de Spa-Francorchamps\"},\"image\":{\"@id\":\"https:\/\/musee-circuit.be\/nl\/homepage\/#\/schema\/logo\/image\/\"},\"sameAs\":[\"https:\/\/www.facebook.com\/museecircuitspafrancorchamps\"]}]}<\/script>\n<!-- \/ Yoast SEO plugin. -->","yoast_head_json":{"title":"Praktische informatie - Mus\u00e9e du Circuit de Spa Francorchamps \u00e0 Stavelot | Abbaye de Stavelot","robots":{"index":"index","follow":"follow","max-snippet":"max-snippet:-1","max-image-preview":"max-image-preview:large","max-video-preview":"max-video-preview:-1"},"canonical":"https:\/\/musee-circuit.be\/nl\/praktische-informatie\/","og_locale":"nl_NL","og_type":"article","og_title":"Praktische informatie - Mus\u00e9e du Circuit de Spa Francorchamps \u00e0 Stavelot | Abbaye de Stavelot","og_description":"Dienstregeling Ga voor de openingstijden van het museum van het circuit van spa-francorchamps naar de website van deabdij van Stavelot &nbsp;TarievenAll-in bezoek Gratis bezoek aan de 3 musea en de tijdelijke tentoonstelling. Normale prijs11,00 \u20ac 0 \u2013 6 jaarGRATUIT 6 \u2013 18 jaar9,50 \u20ac 65+ jaar9,50 \u20ac Duur van het bezoek: Historisch Museum van het [&hellip;]","og_url":"https:\/\/musee-circuit.be\/nl\/praktische-informatie\/","og_site_name":"Mus\u00e9e du Circuit de Spa Francorchamps \u00e0 Stavelot | Abbaye de Stavelot","article_publisher":"https:\/\/www.facebook.com\/museecircuitspafrancorchamps","article_modified_time":"2023-10-26T11:52:42+00:00","twitter_card":"summary_large_image","twitter_misc":{"Geschatte leestijd":"3 minuten"},"schema":{"@context":"https:\/\/schema.org","@graph":[{"@type":"WebPage","@id":"https:\/\/musee-circuit.be\/nl\/praktische-informatie\/","url":"https:\/\/musee-circuit.be\/nl\/praktische-informatie\/","name":"Praktische informatie - Mus\u00e9e du Circuit de Spa Francorchamps \u00e0 Stavelot | Abbaye de Stavelot","isPartOf":{"@id":"https:\/\/musee-circuit.be\/nl\/homepage\/#website"},"datePublished":"2020-03-19T20:38:15+00:00","dateModified":"2023-10-26T11:52:42+00:00","breadcrumb":{"@id":"https:\/\/musee-circuit.be\/nl\/praktische-informatie\/#breadcrumb"},"inLanguage":"nl-NL","potentialAction":[{"@type":"ReadAction","target":["https:\/\/musee-circuit.be\/nl\/praktische-informatie\/"]}]},{"@type":"BreadcrumbList","@id":"https:\/\/musee-circuit.be\/nl\/praktische-informatie\/#breadcrumb","itemListElement":[{"@type":"ListItem","position":1,"name":"Accueil","item":"https:\/\/musee-circuit.be\/nl\/"},{"@type":"ListItem","position":2,"name":"Praktische informatie"}]},{"@type":"WebSite","@id":"https:\/\/musee-circuit.be\/nl\/homepage\/#website","url":"https:\/\/musee-circuit.be\/nl\/homepage\/","name":"Mus\u00e9e du Circuit de Spa Francorchamps \u00e0 Stavelot | Abbaye de Stavelot","description":"Mus\u00e9e du Circuit de Spa Francorchamps \u00e0 Stavelot | Abbaye de Stavelot","publisher":{"@id":"https:\/\/musee-circuit.be\/nl\/homepage\/#organization"},"potentialAction":[{"@type":"SearchAction","target":{"@type":"EntryPoint","urlTemplate":"https:\/\/musee-circuit.be\/nl\/homepage\/?s={search_term_string}"},"query-input":{"@type":"PropertyValueSpecification","valueRequired":true,"valueName":"search_term_string"}}],"inLanguage":"nl-NL"},{"@type":"Organization","@id":"https:\/\/musee-circuit.be\/nl\/homepage\/#organization","name":"Mus\u00e9e Du Circuit de Spa-Francorchamps","url":"https:\/\/musee-circuit.be\/nl\/homepage\/","logo":{"@type":"ImageObject","inLanguage":"nl-NL","@id":"https:\/\/musee-circuit.be\/nl\/homepage\/#\/schema\/logo\/image\/","url":"https:\/\/musee-circuit.be\/wp-content\/uploads\/2021\/07\/logo-noir.png","contentUrl":"https:\/\/musee-circuit.be\/wp-content\/uploads\/2021\/07\/logo-noir.png","width":939,"height":400,"caption":"Mus\u00e9e Du Circuit de Spa-Francorchamps"},"image":{"@id":"https:\/\/musee-circuit.be\/nl\/homepage\/#\/schema\/logo\/image\/"},"sameAs":["https:\/\/www.facebook.com\/museecircuitspafrancorchamps"]}]}},"_links":{"self":[{"href":"https:\/\/musee-circuit.be\/nl\/wp-json\/wp\/v2\/pages\/30274","targetHints":{"allow":["GET"]}}],"collection":[{"href":"https:\/\/musee-circuit.be\/nl\/wp-json\/wp\/v2\/pages"}],"about":[{"href":"https:\/\/musee-circuit.be\/nl\/wp-json\/wp\/v2\/types\/page"}],"author":[{"embeddable":true,"href":"https:\/\/musee-circuit.be\/nl\/wp-json\/wp\/v2\/users\/1"}],"replies":[{"embeddable":true,"href":"https:\/\/musee-circuit.be\/nl\/wp-json\/wp\/v2\/comments?post=30274"}],"version-history":[{"count":12,"href":"https:\/\/musee-circuit.be\/nl\/wp-json\/wp\/v2\/pages\/30274\/revisions"}],"predecessor-version":[{"id":30638,"href":"https:\/\/musee-circuit.be\/nl\/wp-json\/wp\/v2\/pages\/30274\/revisions\/30638"}],"wp:attachment":[{"href":"https:\/\/musee-circuit.be\/nl\/wp-json\/wp\/v2\/media?parent=30274"}],"curies":[{"name":"wp","href":"https:\/\/api.w.org\/{rel}","templated":true}]}}