{"id":30270,"date":"2020-01-22T23:22:11","date_gmt":"2020-01-22T22:22:11","guid":{"rendered":"https:\/\/musee-circuit.be\/contacteer-ons\/"},"modified":"2022-11-23T18:56:09","modified_gmt":"2022-11-23T17:56:09","slug":"contacteer-ons","status":"publish","type":"page","link":"https:\/\/musee-circuit.be\/nl\/contacteer-ons\/","title":{"rendered":"Contacteer ons"},"content":{"rendered":"<p>[et_pb_section fb_built=&#8221;1&#8243; admin_label=&#8221;Header&#8221; _builder_version=&#8221;4.4.1&#8243; use_background_color_gradient=&#8221;on&#8221; background_color_gradient_start=&#8221;rgba(0,0,0,0.75)&#8221; background_color_gradient_end=&#8221;rgba(224,43,32,0.25)&#8221; background_color_gradient_direction=&#8221;120deg&#8221; background_color_gradient_start_position=&#8221;60%&#8221; background_color_gradient_end_position=&#8221;60%&#8221; background_color_gradient_overlays_image=&#8221;on&#8221; background_image=&#8221;https:\/\/musee-circuit.be\/wp-content\/uploads\/2020\/03\/23112019-DSC_8355-scaled.jpg&#8221; custom_padding=&#8221;7vw|0px|7vw|0px|true|false&#8221; bottom_divider_style=&#8221;mountains2&#8243; bottom_divider_color=&#8221;#000000&#8243; bottom_divider_flip=&#8221;horizontal&#8221; global_colors_info=&#8221;{}&#8221;][et_pb_row column_structure=&#8221;2_3,1_3&#8243; _builder_version=&#8221;3.25&#8243; custom_width_px__hover=&#8221;1080px&#8221; custom_width_px__hover_enabled=&#8221;1080px&#8221; custom_width_percent__hover=&#8221;80%&#8221; custom_width_percent__hover_enabled=&#8221;80%&#8221; global_colors_info=&#8221;{}&#8221; make_fullwidth__hover=&#8221;off&#8221; make_fullwidth__hover_enabled=&#8221;off&#8221; use_custom_width__hover=&#8221;off&#8221; use_custom_width__hover_enabled=&#8221;off&#8221; width_unit__hover=&#8221;on&#8221; width_unit__hover_enabled=&#8221;on&#8221; use_custom_gutter__hover=&#8221;off&#8221; use_custom_gutter__hover_enabled=&#8221;off&#8221; gutter_width__hover=&#8221;3&#8243; gutter_width__hover_enabled=&#8221;3&#8243; make_equal__hover=&#8221;off&#8221; make_equal__hover_enabled=&#8221;off&#8221;][et_pb_column type=&#8221;2_3&#8243; _builder_version=&#8221;3.25&#8243; custom_padding=&#8221;|||&#8221; global_colors_info=&#8221;{}&#8221; custom_padding__hover=&#8221;|||&#8221;][et_pb_text _builder_version=&#8221;4.2.2&#8243; text_font=&#8221;Open Sans||||||||&#8221; text_font_size=&#8221;16px&#8221; text_line_height=&#8221;1.8em&#8221; header_font=&#8221;Squada One|||on|||||&#8221; header_font_size=&#8221;60px&#8221; header_letter_spacing=&#8221;1px&#8221; header_line_height=&#8221;1.1em&#8221; background_layout=&#8221;dark&#8221; max_width=&#8221;700px&#8221; animation_style=&#8221;fade&#8221; text_font_size_tablet=&#8221;&#8221; text_font_size_phone=&#8221;&#8221; text_font_size_last_edited=&#8221;on|desktop&#8221; text_line_height_tablet=&#8221;&#8221; text_line_height_phone=&#8221;&#8221; text_line_height_last_edited=&#8221;on|desktop&#8221; header_font_size_tablet=&#8221;&#8221; header_font_size_phone=&#8221;32px&#8221; header_font_size_last_edited=&#8221;on|phone&#8221; global_colors_info=&#8221;{}&#8221;]<\/p>\n<h1>Contacteer ons<\/h1>\n<p>Een probleem? Nog vragen? Aarzel niet om ons een bericht te sturen!<\/p>\n<p>[\/et_pb_text][\/et_pb_column][et_pb_column type=&#8221;1_3&#8243; _builder_version=&#8221;3.25&#8243; custom_padding=&#8221;|||&#8221; global_colors_info=&#8221;{}&#8221; custom_padding__hover=&#8221;|||&#8221;][\/et_pb_column][\/et_pb_row][et_pb_row column_structure=&#8221;2_3,1_3&#8243; _builder_version=&#8221;3.25&#8243; custom_width_px__hover=&#8221;1080px&#8221; custom_width_px__hover_enabled=&#8221;1080px&#8221; custom_width_percent__hover=&#8221;80%&#8221; custom_width_percent__hover_enabled=&#8221;80%&#8221; global_colors_info=&#8221;{}&#8221; make_fullwidth__hover=&#8221;off&#8221; make_fullwidth__hover_enabled=&#8221;off&#8221; use_custom_width__hover=&#8221;off&#8221; use_custom_width__hover_enabled=&#8221;off&#8221; width_unit__hover=&#8221;on&#8221; width_unit__hover_enabled=&#8221;on&#8221; use_custom_gutter__hover=&#8221;off&#8221; use_custom_gutter__hover_enabled=&#8221;off&#8221; gutter_width__hover=&#8221;3&#8243; gutter_width__hover_enabled=&#8221;3&#8243; make_equal__hover=&#8221;off&#8221; make_equal__hover_enabled=&#8221;off&#8221;][et_pb_column type=&#8221;2_3&#8243; _builder_version=&#8221;3.25&#8243; custom_padding=&#8221;|||&#8221; global_colors_info=&#8221;{}&#8221; custom_padding__hover=&#8221;|||&#8221;][et_pb_contact_form use_spam_service=&#8221;on&#8221; recaptcha_list=&#8221;Mus\u00e9e Circuit Form-0&#8243; email=&#8221;info@musee-circuit.be&#8221; custom_message=&#8221;&#8212; Message envoy\u00e9 depuis le formulaire du site &#8212;||et_pb_line_break_holder||||et_pb_line_break_holder||Adresse email : %%email%%||et_pb_line_break_holder||Nom : %%name%%||et_pb_line_break_holder||Sujet : %%subject%%||et_pb_line_break_holder||Message : ||et_pb_line_break_holder||%%message%%&#8221; success_message=&#8221;Het bericht is verzonden!&#8221; submit_button_text=&#8221;Stuur&#8221; module_id=&#8221;et_pb_contact_form_0&#8243; _builder_version=&#8221;4.10.6&#8243; form_field_background_color=&#8221;#000000&#8243; form_field_text_color=&#8221;#ffffff&#8221; form_field_focus_background_color=&#8221;#232323&#8243; form_field_focus_text_color=&#8221;#ffffff&#8221; title_level=&#8221;h2&#8243; title_font=&#8221;Squada One||||||||&#8221; title_text_color=&#8221;#ffffff&#8221; title_font_size=&#8221;40px&#8221; captcha_text_color=&#8221;#ffffff&#8221; captcha_font_size=&#8221;20px&#8221; form_field_font=&#8221;Open Sans||||||||&#8221; form_field_line_height=&#8221;1.8em&#8221; custom_button=&#8221;on&#8221; button_text_color=&#8221;#ffffff&#8221; button_bg_color=&#8221;#e02b20&#8243; button_border_width=&#8221;5px&#8221; button_border_color=&#8221;rgba(0,0,0,0)&#8221; button_border_radius=&#8221;0px&#8221; button_font=&#8221;Squada One|||on|||||&#8221; button_custom_margin=&#8221;10px||||false|false&#8221; hover_enabled=&#8221;0&#8243; title_font_size_tablet=&#8221;35px&#8221; title_font_size_phone=&#8221;25px&#8221; title_font_size_last_edited=&#8221;on|desktop&#8221; form_background_color=&#8221;rgba(255,255,255,0.29)&#8221; global_colors_info=&#8221;{}&#8221; button_border_radius_hover=&#8221;0px&#8221; sticky_enabled=&#8221;0&#8243;][et_pb_contact_field field_id=&#8221;name&#8221; field_title=&#8221;Uw naam&#8221; _builder_version=&#8221;4.4.1&#8243; global_colors_info=&#8221;{}&#8221; button_text_size__hover_enabled=&#8221;off&#8221; button_one_text_size__hover_enabled=&#8221;off&#8221; button_two_text_size__hover_enabled=&#8221;off&#8221; button_text_color__hover_enabled=&#8221;off&#8221; button_one_text_color__hover_enabled=&#8221;off&#8221; button_two_text_color__hover_enabled=&#8221;off&#8221; button_border_width__hover_enabled=&#8221;off&#8221; button_one_border_width__hover_enabled=&#8221;off&#8221; button_two_border_width__hover_enabled=&#8221;off&#8221; button_border_color__hover_enabled=&#8221;off&#8221; button_one_border_color__hover_enabled=&#8221;off&#8221; button_two_border_color__hover_enabled=&#8221;off&#8221; button_border_radius__hover_enabled=&#8221;off&#8221; button_one_border_radius__hover_enabled=&#8221;off&#8221; button_two_border_radius__hover_enabled=&#8221;off&#8221; button_letter_spacing__hover_enabled=&#8221;off&#8221; button_one_letter_spacing__hover_enabled=&#8221;off&#8221; button_two_letter_spacing__hover_enabled=&#8221;off&#8221; button_bg_color__hover_enabled=&#8221;off&#8221; button_one_bg_color__hover_enabled=&#8221;off&#8221; button_two_bg_color__hover_enabled=&#8221;off&#8221;][\/et_pb_contact_field][et_pb_contact_field field_id=&#8221;email&#8221; field_title=&#8221;Uw e-mailadres&#8221; field_type=&#8221;email&#8221; _builder_version=&#8221;4.4.1&#8243; global_colors_info=&#8221;{}&#8221; button_text_size__hover_enabled=&#8221;off&#8221; button_one_text_size__hover_enabled=&#8221;off&#8221; button_two_text_size__hover_enabled=&#8221;off&#8221; button_text_color__hover_enabled=&#8221;off&#8221; button_one_text_color__hover_enabled=&#8221;off&#8221; button_two_text_color__hover_enabled=&#8221;off&#8221; button_border_width__hover_enabled=&#8221;off&#8221; button_one_border_width__hover_enabled=&#8221;off&#8221; button_two_border_width__hover_enabled=&#8221;off&#8221; button_border_color__hover_enabled=&#8221;off&#8221; button_one_border_color__hover_enabled=&#8221;off&#8221; button_two_border_color__hover_enabled=&#8221;off&#8221; button_border_radius__hover_enabled=&#8221;off&#8221; button_one_border_radius__hover_enabled=&#8221;off&#8221; button_two_border_radius__hover_enabled=&#8221;off&#8221; button_letter_spacing__hover_enabled=&#8221;off&#8221; button_one_letter_spacing__hover_enabled=&#8221;off&#8221; button_two_letter_spacing__hover_enabled=&#8221;off&#8221; button_bg_color__hover_enabled=&#8221;off&#8221; button_one_bg_color__hover_enabled=&#8221;off&#8221; button_two_bg_color__hover_enabled=&#8221;off&#8221;][\/et_pb_contact_field][et_pb_contact_field field_id=&#8221;subject&#8221; field_title=&#8221;Het onderwerp van uw aanvraag&#8221; field_type=&#8221;select&#8221; select_options=&#8221;%91{%22value%22:%22Archief%22,%22checked%22:0,%22dragID%22:-1},{%22value%22:%22Toegang tot het museum en informatie%22,%22checked%22:0,%22dragID%22:0},{%22value%22:%22Andere%22,%22checked%22:0,%22dragID%22:1}%93&#8243; fullwidth_field=&#8221;on&#8221; _builder_version=&#8221;4.10.6&#8243; hover_enabled=&#8221;0&#8243; global_colors_info=&#8221;{}&#8221; sticky_enabled=&#8221;0&#8243;][\/et_pb_contact_field][et_pb_contact_field field_id=&#8221;message&#8221; field_title=&#8221;Uw bericht&#8221; field_type=&#8221;text&#8221; fullwidth_field=&#8221;on&#8221; _builder_version=&#8221;4.4.1&#8243; custom_margin=&#8221;||5px&#8221; global_colors_info=&#8221;{}&#8221; button_text_size__hover_enabled=&#8221;off&#8221; button_one_text_size__hover_enabled=&#8221;off&#8221; button_two_text_size__hover_enabled=&#8221;off&#8221; button_text_color__hover_enabled=&#8221;off&#8221; button_one_text_color__hover_enabled=&#8221;off&#8221; button_two_text_color__hover_enabled=&#8221;off&#8221; button_border_width__hover_enabled=&#8221;off&#8221; button_one_border_width__hover_enabled=&#8221;off&#8221; button_two_border_width__hover_enabled=&#8221;off&#8221; button_border_color__hover_enabled=&#8221;off&#8221; button_one_border_color__hover_enabled=&#8221;off&#8221; button_two_border_color__hover_enabled=&#8221;off&#8221; button_border_radius__hover_enabled=&#8221;off&#8221; button_one_border_radius__hover_enabled=&#8221;off&#8221; button_two_border_radius__hover_enabled=&#8221;off&#8221; button_letter_spacing__hover_enabled=&#8221;off&#8221; button_one_letter_spacing__hover_enabled=&#8221;off&#8221; button_two_letter_spacing__hover_enabled=&#8221;off&#8221; button_bg_color__hover_enabled=&#8221;off&#8221; button_one_bg_color__hover_enabled=&#8221;off&#8221; button_two_bg_color__hover_enabled=&#8221;off&#8221;][\/et_pb_contact_field][\/et_pb_contact_form][\/et_pb_column][et_pb_column type=&#8221;1_3&#8243; _builder_version=&#8221;3.25&#8243; custom_padding=&#8221;|||&#8221; global_colors_info=&#8221;{}&#8221; custom_padding__hover=&#8221;|||&#8221;][et_pb_text _builder_version=&#8221;4.9.7&#8243; text_font=&#8221;|700|||||||&#8221; text_text_color=&#8221;#e02b20&#8243; text_font_size=&#8221;16px&#8221; text_line_height=&#8221;1.5em&#8221; link_font=&#8221;Open Sans|700|||||||&#8221; header_font=&#8221;||||||||&#8221; header_3_font=&#8221;Open Sans|700|||||||&#8221; header_3_font_size=&#8221;14px&#8221; header_3_letter_spacing=&#8221;0.1px&#8221; header_3_line_height=&#8221;1.8em&#8221; header_4_font_size=&#8221;15px&#8221; background_color=&#8221;#ffffff&#8221; custom_margin=&#8221;|||&#8221; custom_padding=&#8221;20px|20px|20px|20px|true|true&#8221; locked=&#8221;off&#8221; global_colors_info=&#8221;{}&#8221;]<\/p>\n<h3>Telefoon<\/h3>\n<h4>Administratie<\/h4>\n<p><span>+32 (0) 80 78 65 51<\/span><span><\/span><\/p>\n<h4><span>Informatie<\/span><\/h4>\n<p><span>+32 (0) 80 88 08 78<\/span><\/p>\n<p>[\/et_pb_text][et_pb_text _builder_version=&#8221;4.2.2&#8243; text_font=&#8221;|700|||||||&#8221; text_text_color=&#8221;#e02b20&#8243; text_font_size=&#8221;16px&#8221; text_line_height=&#8221;1.5em&#8221; link_font=&#8221;Open Sans|700|||||||&#8221; header_font=&#8221;||||||||&#8221; header_3_font=&#8221;Open Sans|700|||||||&#8221; header_3_font_size=&#8221;14px&#8221; header_3_letter_spacing=&#8221;0.1px&#8221; header_3_line_height=&#8221;1.8em&#8221; background_color=&#8221;#ffffff&#8221; custom_margin=&#8221;|||&#8221; custom_padding=&#8221;20px|20px|20px|20px|true|true&#8221; locked=&#8221;off&#8221; global_colors_info=&#8221;{}&#8221;]<\/p>\n<h3>E-mail<\/h3>\n<p>info@musee-circuit.be<\/p>\n<p>[\/et_pb_text][et_pb_text _builder_version=&#8221;4.2.2&#8243; text_font=&#8221;|700|||||||&#8221; text_text_color=&#8221;#e02b20&#8243; text_font_size=&#8221;16px&#8221; text_line_height=&#8221;1.5em&#8221; link_font=&#8221;Open Sans|700|||||||&#8221; header_font=&#8221;||||||||&#8221; header_3_font=&#8221;Open Sans|700|||||||&#8221; header_3_font_size=&#8221;14px&#8221; header_3_letter_spacing=&#8221;0.1px&#8221; header_3_line_height=&#8221;1.8em&#8221; background_color=&#8221;#ffffff&#8221; custom_margin=&#8221;|||&#8221; custom_padding=&#8221;20px|20px|20px|20px|true|true&#8221; locked=&#8221;off&#8221; global_colors_info=&#8221;{}&#8221;]<\/p>\n<h3>Adres<\/h3>\n<p>Cour de l&#8217;Abbaye<br \/> B-4970 STAVELOT<br \/> Belgi\u00eb<\/p>\n<p>[\/et_pb_text][\/et_pb_column][\/et_pb_row][\/et_pb_section]<\/p>\n","protected":false},"excerpt":{"rendered":"<p>Contacteer ons Een probleem? Nog vragen? Aarzel niet om ons een bericht te sturen!Telefoon Administratie +32 (0) 80 78 65 51 Informatie +32 (0) 80 88 08 78E-mail info@musee-circuit.beAdres Cour de l&#8217;Abbaye B-4970 STAVELOT Belgi\u00eb<\/p>\n","protected":false},"author":1,"featured_media":0,"parent":0,"menu_order":0,"comment_status":"closed","ping_status":"closed","template":"","meta":{"_et_pb_use_builder":"on","_et_pb_old_content":"","_et_gb_content_width":"","footnotes":""},"class_list":["post-30270","page","type-page","status-publish","hentry"],"yoast_head":"<!-- This site is optimized with the Yoast SEO plugin v25.4 - https:\/\/yoast.com\/wordpress\/plugins\/seo\/ -->\n<title>Contacteer ons - Mus\u00e9e du Circuit de Spa Francorchamps \u00e0 Stavelot | Abbaye de Stavelot<\/title>\n<meta name=\"robots\" content=\"index, follow, max-snippet:-1, max-image-preview:large, max-video-preview:-1\" \/>\n<link rel=\"canonical\" href=\"https:\/\/musee-circuit.be\/nl\/contacteer-ons\/\" \/>\n<meta property=\"og:locale\" content=\"nl_NL\" \/>\n<meta property=\"og:type\" content=\"article\" \/>\n<meta property=\"og:title\" content=\"Contacteer ons - Mus\u00e9e du Circuit de Spa Francorchamps \u00e0 Stavelot | Abbaye de Stavelot\" \/>\n<meta property=\"og:description\" content=\"Contacteer ons Een probleem? Nog vragen? Aarzel niet om ons een bericht te sturen!Telefoon Administratie +32 (0) 80 78 65 51 Informatie +32 (0) 80 88 08 78E-mail info@musee-circuit.beAdres Cour de l&#039;Abbaye B-4970 STAVELOT Belgi\u00eb\" \/>\n<meta property=\"og:url\" content=\"https:\/\/musee-circuit.be\/nl\/contacteer-ons\/\" \/>\n<meta property=\"og:site_name\" content=\"Mus\u00e9e du Circuit de Spa Francorchamps \u00e0 Stavelot | Abbaye de Stavelot\" \/>\n<meta property=\"article:publisher\" content=\"https:\/\/www.facebook.com\/museecircuitspafrancorchamps\" \/>\n<meta property=\"article:modified_time\" content=\"2022-11-23T17:56:09+00:00\" \/>\n<meta name=\"twitter:card\" content=\"summary_large_image\" \/>\n<meta name=\"twitter:label1\" content=\"Geschatte leestijd\" \/>\n\t<meta name=\"twitter:data1\" content=\"7 minuten\" \/>\n<script type=\"application\/ld+json\" class=\"yoast-schema-graph\">{\"@context\":\"https:\/\/schema.org\",\"@graph\":[{\"@type\":\"WebPage\",\"@id\":\"https:\/\/musee-circuit.be\/nl\/contacteer-ons\/\",\"url\":\"https:\/\/musee-circuit.be\/nl\/contacteer-ons\/\",\"name\":\"Contacteer ons - Mus\u00e9e du Circuit de Spa Francorchamps \u00e0 Stavelot | Abbaye de Stavelot\",\"isPartOf\":{\"@id\":\"https:\/\/musee-circuit.be\/nl\/homepage\/#website\"},\"datePublished\":\"2020-01-22T22:22:11+00:00\",\"dateModified\":\"2022-11-23T17:56:09+00:00\",\"breadcrumb\":{\"@id\":\"https:\/\/musee-circuit.be\/nl\/contacteer-ons\/#breadcrumb\"},\"inLanguage\":\"nl-NL\",\"potentialAction\":[{\"@type\":\"ReadAction\",\"target\":[\"https:\/\/musee-circuit.be\/nl\/contacteer-ons\/\"]}]},{\"@type\":\"BreadcrumbList\",\"@id\":\"https:\/\/musee-circuit.be\/nl\/contacteer-ons\/#breadcrumb\",\"itemListElement\":[{\"@type\":\"ListItem\",\"position\":1,\"name\":\"Accueil\",\"item\":\"https:\/\/musee-circuit.be\/nl\/\"},{\"@type\":\"ListItem\",\"position\":2,\"name\":\"Contacteer ons\"}]},{\"@type\":\"WebSite\",\"@id\":\"https:\/\/musee-circuit.be\/nl\/homepage\/#website\",\"url\":\"https:\/\/musee-circuit.be\/nl\/homepage\/\",\"name\":\"Mus\u00e9e du Circuit de Spa Francorchamps \u00e0 Stavelot | Abbaye de Stavelot\",\"description\":\"Mus\u00e9e du Circuit de Spa Francorchamps \u00e0 Stavelot | Abbaye de Stavelot\",\"publisher\":{\"@id\":\"https:\/\/musee-circuit.be\/nl\/homepage\/#organization\"},\"potentialAction\":[{\"@type\":\"SearchAction\",\"target\":{\"@type\":\"EntryPoint\",\"urlTemplate\":\"https:\/\/musee-circuit.be\/nl\/homepage\/?s={search_term_string}\"},\"query-input\":{\"@type\":\"PropertyValueSpecification\",\"valueRequired\":true,\"valueName\":\"search_term_string\"}}],\"inLanguage\":\"nl-NL\"},{\"@type\":\"Organization\",\"@id\":\"https:\/\/musee-circuit.be\/nl\/homepage\/#organization\",\"name\":\"Mus\u00e9e Du Circuit de Spa-Francorchamps\",\"url\":\"https:\/\/musee-circuit.be\/nl\/homepage\/\",\"logo\":{\"@type\":\"ImageObject\",\"inLanguage\":\"nl-NL\",\"@id\":\"https:\/\/musee-circuit.be\/nl\/homepage\/#\/schema\/logo\/image\/\",\"url\":\"https:\/\/musee-circuit.be\/wp-content\/uploads\/2021\/07\/logo-noir.png\",\"contentUrl\":\"https:\/\/musee-circuit.be\/wp-content\/uploads\/2021\/07\/logo-noir.png\",\"width\":939,\"height\":400,\"caption\":\"Mus\u00e9e Du Circuit de Spa-Francorchamps\"},\"image\":{\"@id\":\"https:\/\/musee-circuit.be\/nl\/homepage\/#\/schema\/logo\/image\/\"},\"sameAs\":[\"https:\/\/www.facebook.com\/museecircuitspafrancorchamps\"]}]}<\/script>\n<!-- \/ Yoast SEO plugin. -->","yoast_head_json":{"title":"Contacteer ons - Mus\u00e9e du Circuit de Spa Francorchamps \u00e0 Stavelot | Abbaye de Stavelot","robots":{"index":"index","follow":"follow","max-snippet":"max-snippet:-1","max-image-preview":"max-image-preview:large","max-video-preview":"max-video-preview:-1"},"canonical":"https:\/\/musee-circuit.be\/nl\/contacteer-ons\/","og_locale":"nl_NL","og_type":"article","og_title":"Contacteer ons - Mus\u00e9e du Circuit de Spa Francorchamps \u00e0 Stavelot | Abbaye de Stavelot","og_description":"Contacteer ons Een probleem? Nog vragen? Aarzel niet om ons een bericht te sturen!Telefoon Administratie +32 (0) 80 78 65 51 Informatie +32 (0) 80 88 08 78E-mail info@musee-circuit.beAdres Cour de l'Abbaye B-4970 STAVELOT Belgi\u00eb","og_url":"https:\/\/musee-circuit.be\/nl\/contacteer-ons\/","og_site_name":"Mus\u00e9e du Circuit de Spa Francorchamps \u00e0 Stavelot | Abbaye de Stavelot","article_publisher":"https:\/\/www.facebook.com\/museecircuitspafrancorchamps","article_modified_time":"2022-11-23T17:56:09+00:00","twitter_card":"summary_large_image","twitter_misc":{"Geschatte leestijd":"7 minuten"},"schema":{"@context":"https:\/\/schema.org","@graph":[{"@type":"WebPage","@id":"https:\/\/musee-circuit.be\/nl\/contacteer-ons\/","url":"https:\/\/musee-circuit.be\/nl\/contacteer-ons\/","name":"Contacteer ons - Mus\u00e9e du Circuit de Spa Francorchamps \u00e0 Stavelot | Abbaye de Stavelot","isPartOf":{"@id":"https:\/\/musee-circuit.be\/nl\/homepage\/#website"},"datePublished":"2020-01-22T22:22:11+00:00","dateModified":"2022-11-23T17:56:09+00:00","breadcrumb":{"@id":"https:\/\/musee-circuit.be\/nl\/contacteer-ons\/#breadcrumb"},"inLanguage":"nl-NL","potentialAction":[{"@type":"ReadAction","target":["https:\/\/musee-circuit.be\/nl\/contacteer-ons\/"]}]},{"@type":"BreadcrumbList","@id":"https:\/\/musee-circuit.be\/nl\/contacteer-ons\/#breadcrumb","itemListElement":[{"@type":"ListItem","position":1,"name":"Accueil","item":"https:\/\/musee-circuit.be\/nl\/"},{"@type":"ListItem","position":2,"name":"Contacteer ons"}]},{"@type":"WebSite","@id":"https:\/\/musee-circuit.be\/nl\/homepage\/#website","url":"https:\/\/musee-circuit.be\/nl\/homepage\/","name":"Mus\u00e9e du Circuit de Spa Francorchamps \u00e0 Stavelot | Abbaye de Stavelot","description":"Mus\u00e9e du Circuit de Spa Francorchamps \u00e0 Stavelot | Abbaye de Stavelot","publisher":{"@id":"https:\/\/musee-circuit.be\/nl\/homepage\/#organization"},"potentialAction":[{"@type":"SearchAction","target":{"@type":"EntryPoint","urlTemplate":"https:\/\/musee-circuit.be\/nl\/homepage\/?s={search_term_string}"},"query-input":{"@type":"PropertyValueSpecification","valueRequired":true,"valueName":"search_term_string"}}],"inLanguage":"nl-NL"},{"@type":"Organization","@id":"https:\/\/musee-circuit.be\/nl\/homepage\/#organization","name":"Mus\u00e9e Du Circuit de Spa-Francorchamps","url":"https:\/\/musee-circuit.be\/nl\/homepage\/","logo":{"@type":"ImageObject","inLanguage":"nl-NL","@id":"https:\/\/musee-circuit.be\/nl\/homepage\/#\/schema\/logo\/image\/","url":"https:\/\/musee-circuit.be\/wp-content\/uploads\/2021\/07\/logo-noir.png","contentUrl":"https:\/\/musee-circuit.be\/wp-content\/uploads\/2021\/07\/logo-noir.png","width":939,"height":400,"caption":"Mus\u00e9e Du Circuit de Spa-Francorchamps"},"image":{"@id":"https:\/\/musee-circuit.be\/nl\/homepage\/#\/schema\/logo\/image\/"},"sameAs":["https:\/\/www.facebook.com\/museecircuitspafrancorchamps"]}]}},"_links":{"self":[{"href":"https:\/\/musee-circuit.be\/nl\/wp-json\/wp\/v2\/pages\/30270","targetHints":{"allow":["GET"]}}],"collection":[{"href":"https:\/\/musee-circuit.be\/nl\/wp-json\/wp\/v2\/pages"}],"about":[{"href":"https:\/\/musee-circuit.be\/nl\/wp-json\/wp\/v2\/types\/page"}],"author":[{"embeddable":true,"href":"https:\/\/musee-circuit.be\/nl\/wp-json\/wp\/v2\/users\/1"}],"replies":[{"embeddable":true,"href":"https:\/\/musee-circuit.be\/nl\/wp-json\/wp\/v2\/comments?post=30270"}],"version-history":[{"count":2,"href":"https:\/\/musee-circuit.be\/nl\/wp-json\/wp\/v2\/pages\/30270\/revisions"}],"predecessor-version":[{"id":30273,"href":"https:\/\/musee-circuit.be\/nl\/wp-json\/wp\/v2\/pages\/30270\/revisions\/30273"}],"wp:attachment":[{"href":"https:\/\/musee-circuit.be\/nl\/wp-json\/wp\/v2\/media?parent=30270"}],"curies":[{"name":"wp","href":"https:\/\/api.w.org\/{rel}","templated":true}]}}