{"id":30264,"date":"2020-01-23T00:33:20","date_gmt":"2020-01-22T23:33:20","guid":{"rendered":"https:\/\/musee-circuit.be\/zijn-geschiedenis\/"},"modified":"2022-11-23T18:50:29","modified_gmt":"2022-11-23T17:50:29","slug":"zijn-geschiedenis","status":"publish","type":"page","link":"https:\/\/musee-circuit.be\/nl\/zijn-geschiedenis\/","title":{"rendered":"Zijn geschiedenis"},"content":{"rendered":"<p>[et_pb_section fb_built=&#8221;1&#8243; _builder_version=&#8221;4.4.1&#8243;][et_pb_row _builder_version=&#8221;4.4.1&#8243; custom_margin=&#8221;10px||||false|false&#8221; custom_padding=&#8221;|25px||25px|false|false&#8221; hover_enabled=&#8221;0&#8243; border_width_top=&#8221;8px&#8221; border_color_top=&#8221;#e02b20&#8243; box_shadow_style=&#8221;preset1&#8243; column_structure=&#8221;1_4,3_4&#8243; sticky_enabled=&#8221;0&#8243;][et_pb_column type=&#8221;1_4&#8243; _builder_version=&#8221;4.4.1&#8243; hover_enabled=&#8221;0&#8243; sticky_enabled=&#8221;0&#8243;][et_pb_image src=&#8221;https:\/\/musee-circuit.be\/wp-content\/uploads\/2020\/03\/unnamed-1.jpg&#8221; _builder_version=&#8221;4.9.7&#8243; _module_preset=&#8221;default&#8221; alt=&#8221;Mus\u00e9e du sircuit ancien&#8221; title_text=&#8221;unnamed&#8221; hover_enabled=&#8221;0&#8243; sticky_enabled=&#8221;0&#8243;][\/et_pb_image][et_pb_image src=&#8221;https:\/\/musee-circuit.be\/wp-content\/uploads\/2020\/03\/musee-du-circuit-de-spa-1.jpg&#8221; _builder_version=&#8221;4.9.7&#8243; _module_preset=&#8221;default&#8221; alt=&#8221;Mus\u00e9e du sircuit ancien&#8221; title_text=&#8221;musee-du-circuit-de-spa&#8221; hover_enabled=&#8221;0&#8243; sticky_enabled=&#8221;0&#8243;][\/et_pb_image][et_pb_image src=&#8221;https:\/\/musee-circuit.be\/wp-content\/uploads\/2021\/07\/dsc_0259-1.jpg&#8221; _builder_version=&#8221;4.9.7&#8243; _module_preset=&#8221;default&#8221; title_text=&#8221;dsc_0259&#8243; hover_enabled=&#8221;0&#8243; sticky_enabled=&#8221;0&#8243;][\/et_pb_image][et_pb_image src=&#8221;https:\/\/musee-circuit.be\/wp-content\/uploads\/2021\/07\/2007_23_013_2007-09-13.jpg&#8221; _builder_version=&#8221;4.9.7&#8243; _module_preset=&#8221;default&#8221; title_text=&#8221;2007_23_013_2007-09-13&#8243; hover_enabled=&#8221;0&#8243; sticky_enabled=&#8221;0&#8243;][\/et_pb_image][\/et_pb_column][et_pb_column type=&#8221;3_4&#8243; _builder_version=&#8221;4.4.1&#8243;][et_pb_text _builder_version=&#8221;4.9.7&#8243; text_font=&#8221;Open Sans||||||||&#8221; text_line_height=&#8221;1.8em&#8221; header_font=&#8221;||||||||&#8221; header_2_font=&#8221;Squada One||||||||&#8221; header_2_font_size=&#8221;40px&#8221; background_color=&#8221;#ffffff&#8221; width=&#8221;100%&#8221; custom_margin=&#8221;|0px|0px||false|false&#8221; custom_padding=&#8221;0px|0px|0px|0px|true|true&#8221; animation_direction=&#8221;bottom&#8221; hover_enabled=&#8221;0&#8243; header_2_font_size_tablet=&#8221;35px&#8221; header_2_font_size_phone=&#8221;25px&#8221; header_2_font_size_last_edited=&#8221;on|desktop&#8221; border_color_all=&#8221;#e02b20&#8243; text_font_size=&#8221;16px&#8221; sticky_enabled=&#8221;0&#8243;]<\/p>\n<h2>Zijn geschiedenis<\/h2>\n<p>Het racecircuit werd in 1921 gebouwd en heeft diverse veranderingen ondergaan zodat ze vandaag voor 80% op het grondgebied van de gemeente Stavelot ligt. Hieruit werd het idee geboren om in die stad een museum gewijd aan het circuit op te richten.<\/p>\n<p style=\"padding-left: 40px;\"><span class=\"et-pb-icon\" style=\"font-size: 33px;\">p<\/span><br \/><em>V\u00f3\u00f3r de modernisering van het circuit van Francorchamps waren de verschillende stallen gevestigd in de garages van de stad Stavelot. Dus er waren 5 garages die de stallen ontvingen en ze gingen over de weg naar de races. Dit veroorzaakte een buitengewone buzz in Stavelot.<\/em><\/p>\n<p>Drie factoren zijn daarvoor bepalend geweest. Ten eerste, de restauratie van een gedeelte van de abdij. In de jaren 70 heeft de stad Stavelot subsidie ontvangen voor een cultureel project. Met dat geld werd besloten de prachtige gewelfkelder, ook kelder met zuilen genoemd, te restaureren. Later werd de ruimte verdubbeld door het toevoegen van een nieuwe zaal in hedendaagse stijl.<\/p>\n<p>Ten tweede, de wilskracht van enkele burgers van Stavelot, een groep enthousiaste motorsportliefhebbers, met een droom: het oprichten van een racemuseum. Ten derde, de spontane en geestdriftige reactie van automobielclubs en autoverzamelaars.<\/p>\n<p>Een nieuwe impuls en nog meer elan kreeg het museum in 1999 door het vernieuwen van het interieur, de aankleding, de informatievoorziening en belichting. Dit dankzij een subsidie van 80% (\u20ac380.000) door de Waalse Regering in het kader van het globale programma voor renovatie en reaffectatie van de oude gebouwen.<\/p>\n<p>Vandaag de dag heeft het circuitmuseum tussen de 40 en 50.000 bezoekers per jaar.<\/p>\n<h2>Zijn tentoonstellingen en diverse activiteiten<\/h2>\n<p>Sinds zijn opening heeft het museum verschillende evenementen georganiseerd, zowel tijdelijke tentoonstellingen als activiteiten.<\/p>\n<p>In de loop van de tijd zijn er veel tijdelijke tentoonstellingen opgezet. Altijd in verband met de auto: 40 jaar 24 uur van Spa-Francorchamps, De wereld van de Formule 1, de auto in de stripverhalen, de fabelachtige trapauto\u2019s,\u2026<\/p>\n<p>De ASBL zet bij verschillende gelegenheden activiteiten op voor iedereen. Zo kunt u met de beroemde rondleidingen \u201cOriginal Track Francorchamps\u201d het oude circuit van Spa-Francorchamps ontdekken en beleven in een beveiligde omgeving die door het museum wordt beheerd.<\/p>\n<p>&nbsp;<\/p>\n<p>[\/et_pb_text][\/et_pb_column][\/et_pb_row][\/et_pb_section]<\/p>\n","protected":false},"excerpt":{"rendered":"<p>Zijn geschiedenis Het racecircuit werd in 1921 gebouwd en heeft diverse veranderingen ondergaan zodat ze vandaag voor 80% op het grondgebied van de gemeente Stavelot ligt. Hieruit werd het idee geboren om in die stad een museum gewijd aan het circuit op te richten. pV\u00f3\u00f3r de modernisering van het circuit van Francorchamps waren de verschillende [&hellip;]<\/p>\n","protected":false},"author":1,"featured_media":0,"parent":0,"menu_order":0,"comment_status":"closed","ping_status":"closed","template":"","meta":{"_et_pb_use_builder":"on","_et_pb_old_content":"","_et_gb_content_width":"","footnotes":""},"class_list":["post-30264","page","type-page","status-publish","hentry"],"yoast_head":"<!-- This site is optimized with the Yoast SEO plugin v25.4 - https:\/\/yoast.com\/wordpress\/plugins\/seo\/ -->\n<title>Zijn geschiedenis - Mus\u00e9e du Circuit de Spa Francorchamps \u00e0 Stavelot | Abbaye de Stavelot<\/title>\n<meta name=\"robots\" content=\"index, follow, max-snippet:-1, max-image-preview:large, max-video-preview:-1\" \/>\n<link rel=\"canonical\" href=\"https:\/\/musee-circuit.be\/nl\/zijn-geschiedenis\/\" \/>\n<meta property=\"og:locale\" content=\"nl_NL\" \/>\n<meta property=\"og:type\" content=\"article\" \/>\n<meta property=\"og:title\" content=\"Zijn geschiedenis - Mus\u00e9e du Circuit de Spa Francorchamps \u00e0 Stavelot | Abbaye de Stavelot\" \/>\n<meta property=\"og:description\" content=\"Zijn geschiedenis Het racecircuit werd in 1921 gebouwd en heeft diverse veranderingen ondergaan zodat ze vandaag voor 80% op het grondgebied van de gemeente Stavelot ligt. Hieruit werd het idee geboren om in die stad een museum gewijd aan het circuit op te richten. pV\u00f3\u00f3r de modernisering van het circuit van Francorchamps waren de verschillende [&hellip;]\" \/>\n<meta property=\"og:url\" content=\"https:\/\/musee-circuit.be\/nl\/zijn-geschiedenis\/\" \/>\n<meta property=\"og:site_name\" content=\"Mus\u00e9e du Circuit de Spa Francorchamps \u00e0 Stavelot | Abbaye de Stavelot\" \/>\n<meta property=\"article:publisher\" content=\"https:\/\/www.facebook.com\/museecircuitspafrancorchamps\" \/>\n<meta property=\"article:modified_time\" content=\"2022-11-23T17:50:29+00:00\" \/>\n<meta name=\"twitter:card\" content=\"summary_large_image\" \/>\n<meta name=\"twitter:label1\" content=\"Geschatte leestijd\" \/>\n\t<meta name=\"twitter:data1\" content=\"3 minuten\" \/>\n<script type=\"application\/ld+json\" class=\"yoast-schema-graph\">{\"@context\":\"https:\/\/schema.org\",\"@graph\":[{\"@type\":\"WebPage\",\"@id\":\"https:\/\/musee-circuit.be\/nl\/zijn-geschiedenis\/\",\"url\":\"https:\/\/musee-circuit.be\/nl\/zijn-geschiedenis\/\",\"name\":\"Zijn geschiedenis - Mus\u00e9e du Circuit de Spa Francorchamps \u00e0 Stavelot | Abbaye de Stavelot\",\"isPartOf\":{\"@id\":\"https:\/\/musee-circuit.be\/nl\/homepage\/#website\"},\"datePublished\":\"2020-01-22T23:33:20+00:00\",\"dateModified\":\"2022-11-23T17:50:29+00:00\",\"breadcrumb\":{\"@id\":\"https:\/\/musee-circuit.be\/nl\/zijn-geschiedenis\/#breadcrumb\"},\"inLanguage\":\"nl-NL\",\"potentialAction\":[{\"@type\":\"ReadAction\",\"target\":[\"https:\/\/musee-circuit.be\/nl\/zijn-geschiedenis\/\"]}]},{\"@type\":\"BreadcrumbList\",\"@id\":\"https:\/\/musee-circuit.be\/nl\/zijn-geschiedenis\/#breadcrumb\",\"itemListElement\":[{\"@type\":\"ListItem\",\"position\":1,\"name\":\"Accueil\",\"item\":\"https:\/\/musee-circuit.be\/nl\/\"},{\"@type\":\"ListItem\",\"position\":2,\"name\":\"Zijn geschiedenis\"}]},{\"@type\":\"WebSite\",\"@id\":\"https:\/\/musee-circuit.be\/nl\/homepage\/#website\",\"url\":\"https:\/\/musee-circuit.be\/nl\/homepage\/\",\"name\":\"Mus\u00e9e du Circuit de Spa Francorchamps \u00e0 Stavelot | Abbaye de Stavelot\",\"description\":\"Mus\u00e9e du Circuit de Spa Francorchamps \u00e0 Stavelot | Abbaye de Stavelot\",\"publisher\":{\"@id\":\"https:\/\/musee-circuit.be\/nl\/homepage\/#organization\"},\"potentialAction\":[{\"@type\":\"SearchAction\",\"target\":{\"@type\":\"EntryPoint\",\"urlTemplate\":\"https:\/\/musee-circuit.be\/nl\/homepage\/?s={search_term_string}\"},\"query-input\":{\"@type\":\"PropertyValueSpecification\",\"valueRequired\":true,\"valueName\":\"search_term_string\"}}],\"inLanguage\":\"nl-NL\"},{\"@type\":\"Organization\",\"@id\":\"https:\/\/musee-circuit.be\/nl\/homepage\/#organization\",\"name\":\"Mus\u00e9e Du Circuit de Spa-Francorchamps\",\"url\":\"https:\/\/musee-circuit.be\/nl\/homepage\/\",\"logo\":{\"@type\":\"ImageObject\",\"inLanguage\":\"nl-NL\",\"@id\":\"https:\/\/musee-circuit.be\/nl\/homepage\/#\/schema\/logo\/image\/\",\"url\":\"https:\/\/musee-circuit.be\/wp-content\/uploads\/2021\/07\/logo-noir.png\",\"contentUrl\":\"https:\/\/musee-circuit.be\/wp-content\/uploads\/2021\/07\/logo-noir.png\",\"width\":939,\"height\":400,\"caption\":\"Mus\u00e9e Du Circuit de Spa-Francorchamps\"},\"image\":{\"@id\":\"https:\/\/musee-circuit.be\/nl\/homepage\/#\/schema\/logo\/image\/\"},\"sameAs\":[\"https:\/\/www.facebook.com\/museecircuitspafrancorchamps\"]}]}<\/script>\n<!-- \/ Yoast SEO plugin. -->","yoast_head_json":{"title":"Zijn geschiedenis - Mus\u00e9e du Circuit de Spa Francorchamps \u00e0 Stavelot | Abbaye de Stavelot","robots":{"index":"index","follow":"follow","max-snippet":"max-snippet:-1","max-image-preview":"max-image-preview:large","max-video-preview":"max-video-preview:-1"},"canonical":"https:\/\/musee-circuit.be\/nl\/zijn-geschiedenis\/","og_locale":"nl_NL","og_type":"article","og_title":"Zijn geschiedenis - Mus\u00e9e du Circuit de Spa Francorchamps \u00e0 Stavelot | Abbaye de Stavelot","og_description":"Zijn geschiedenis Het racecircuit werd in 1921 gebouwd en heeft diverse veranderingen ondergaan zodat ze vandaag voor 80% op het grondgebied van de gemeente Stavelot ligt. Hieruit werd het idee geboren om in die stad een museum gewijd aan het circuit op te richten. pV\u00f3\u00f3r de modernisering van het circuit van Francorchamps waren de verschillende [&hellip;]","og_url":"https:\/\/musee-circuit.be\/nl\/zijn-geschiedenis\/","og_site_name":"Mus\u00e9e du Circuit de Spa Francorchamps \u00e0 Stavelot | Abbaye de Stavelot","article_publisher":"https:\/\/www.facebook.com\/museecircuitspafrancorchamps","article_modified_time":"2022-11-23T17:50:29+00:00","twitter_card":"summary_large_image","twitter_misc":{"Geschatte leestijd":"3 minuten"},"schema":{"@context":"https:\/\/schema.org","@graph":[{"@type":"WebPage","@id":"https:\/\/musee-circuit.be\/nl\/zijn-geschiedenis\/","url":"https:\/\/musee-circuit.be\/nl\/zijn-geschiedenis\/","name":"Zijn geschiedenis - Mus\u00e9e du Circuit de Spa Francorchamps \u00e0 Stavelot | Abbaye de Stavelot","isPartOf":{"@id":"https:\/\/musee-circuit.be\/nl\/homepage\/#website"},"datePublished":"2020-01-22T23:33:20+00:00","dateModified":"2022-11-23T17:50:29+00:00","breadcrumb":{"@id":"https:\/\/musee-circuit.be\/nl\/zijn-geschiedenis\/#breadcrumb"},"inLanguage":"nl-NL","potentialAction":[{"@type":"ReadAction","target":["https:\/\/musee-circuit.be\/nl\/zijn-geschiedenis\/"]}]},{"@type":"BreadcrumbList","@id":"https:\/\/musee-circuit.be\/nl\/zijn-geschiedenis\/#breadcrumb","itemListElement":[{"@type":"ListItem","position":1,"name":"Accueil","item":"https:\/\/musee-circuit.be\/nl\/"},{"@type":"ListItem","position":2,"name":"Zijn geschiedenis"}]},{"@type":"WebSite","@id":"https:\/\/musee-circuit.be\/nl\/homepage\/#website","url":"https:\/\/musee-circuit.be\/nl\/homepage\/","name":"Mus\u00e9e du Circuit de Spa Francorchamps \u00e0 Stavelot | Abbaye de Stavelot","description":"Mus\u00e9e du Circuit de Spa Francorchamps \u00e0 Stavelot | Abbaye de Stavelot","publisher":{"@id":"https:\/\/musee-circuit.be\/nl\/homepage\/#organization"},"potentialAction":[{"@type":"SearchAction","target":{"@type":"EntryPoint","urlTemplate":"https:\/\/musee-circuit.be\/nl\/homepage\/?s={search_term_string}"},"query-input":{"@type":"PropertyValueSpecification","valueRequired":true,"valueName":"search_term_string"}}],"inLanguage":"nl-NL"},{"@type":"Organization","@id":"https:\/\/musee-circuit.be\/nl\/homepage\/#organization","name":"Mus\u00e9e Du Circuit de Spa-Francorchamps","url":"https:\/\/musee-circuit.be\/nl\/homepage\/","logo":{"@type":"ImageObject","inLanguage":"nl-NL","@id":"https:\/\/musee-circuit.be\/nl\/homepage\/#\/schema\/logo\/image\/","url":"https:\/\/musee-circuit.be\/wp-content\/uploads\/2021\/07\/logo-noir.png","contentUrl":"https:\/\/musee-circuit.be\/wp-content\/uploads\/2021\/07\/logo-noir.png","width":939,"height":400,"caption":"Mus\u00e9e Du Circuit de Spa-Francorchamps"},"image":{"@id":"https:\/\/musee-circuit.be\/nl\/homepage\/#\/schema\/logo\/image\/"},"sameAs":["https:\/\/www.facebook.com\/museecircuitspafrancorchamps"]}]}},"_links":{"self":[{"href":"https:\/\/musee-circuit.be\/nl\/wp-json\/wp\/v2\/pages\/30264","targetHints":{"allow":["GET"]}}],"collection":[{"href":"https:\/\/musee-circuit.be\/nl\/wp-json\/wp\/v2\/pages"}],"about":[{"href":"https:\/\/musee-circuit.be\/nl\/wp-json\/wp\/v2\/types\/page"}],"author":[{"embeddable":true,"href":"https:\/\/musee-circuit.be\/nl\/wp-json\/wp\/v2\/users\/1"}],"replies":[{"embeddable":true,"href":"https:\/\/musee-circuit.be\/nl\/wp-json\/wp\/v2\/comments?post=30264"}],"version-history":[{"count":2,"href":"https:\/\/musee-circuit.be\/nl\/wp-json\/wp\/v2\/pages\/30264\/revisions"}],"predecessor-version":[{"id":30267,"href":"https:\/\/musee-circuit.be\/nl\/wp-json\/wp\/v2\/pages\/30264\/revisions\/30267"}],"wp:attachment":[{"href":"https:\/\/musee-circuit.be\/nl\/wp-json\/wp\/v2\/media?parent=30264"}],"curies":[{"name":"wp","href":"https:\/\/api.w.org\/{rel}","templated":true}]}}