{"id":30260,"date":"2020-01-22T23:21:45","date_gmt":"2020-01-22T22:21:45","guid":{"rendered":"https:\/\/musee-circuit.be\/overzicht\/"},"modified":"2022-11-23T18:36:20","modified_gmt":"2022-11-23T17:36:20","slug":"overzicht","status":"publish","type":"page","link":"https:\/\/musee-circuit.be\/nl\/overzicht\/","title":{"rendered":"Overzicht"},"content":{"rendered":"<p>[et_pb_section fb_built=&#8221;1&#8243; _builder_version=&#8221;4.4.1&#8243;][et_pb_row _builder_version=&#8221;4.4.1&#8243; border_width_top=&#8221;8px&#8221; border_color_top=&#8221;#e02b20&#8243;][et_pb_column type=&#8221;4_4&#8243; _builder_version=&#8221;4.4.1&#8243;][et_pb_text _builder_version=&#8221;4.4.1&#8243; header_2_font=&#8221;Squada One||||||||&#8221; header_2_font_size=&#8221;49px&#8221;]<\/p>\n<h2>Overzicht<\/h2>\n<p>[\/et_pb_text][et_pb_gallery gallery_ids=&#8221;29003,29004,28940,28885,28886,28879,28878&#8243; posts_number=&#8221;10&#8243; hover_icon=&#8221;%%52%%&#8221; _builder_version=&#8221;4.9.7&#8243; hover_enabled=&#8221;0&#8243; border_width_top=&#8221;8px&#8221; border_color_top=&#8221;#edf000&#8243; orientation=&#8221;portrait&#8221; sticky_enabled=&#8221;0&#8243;][\/et_pb_gallery][\/et_pb_column][\/et_pb_row][\/et_pb_section]<\/p>\n","protected":false},"excerpt":{"rendered":"<p>Overzicht<\/p>\n","protected":false},"author":1,"featured_media":0,"parent":0,"menu_order":0,"comment_status":"closed","ping_status":"closed","template":"","meta":{"_et_pb_use_builder":"on","_et_pb_old_content":"","_et_gb_content_width":"","footnotes":""},"class_list":["post-30260","page","type-page","status-publish","hentry"],"yoast_head":"<!-- This site is optimized with the Yoast SEO plugin v25.4 - https:\/\/yoast.com\/wordpress\/plugins\/seo\/ -->\n<title>Overzicht - Mus\u00e9e du Circuit de Spa Francorchamps \u00e0 Stavelot | Abbaye de Stavelot<\/title>\n<meta name=\"robots\" content=\"index, follow, max-snippet:-1, max-image-preview:large, max-video-preview:-1\" \/>\n<link rel=\"canonical\" href=\"https:\/\/musee-circuit.be\/nl\/overzicht\/\" \/>\n<meta property=\"og:locale\" content=\"nl_NL\" \/>\n<meta property=\"og:type\" content=\"article\" \/>\n<meta property=\"og:title\" content=\"Overzicht - Mus\u00e9e du Circuit de Spa Francorchamps \u00e0 Stavelot | Abbaye de Stavelot\" \/>\n<meta property=\"og:description\" content=\"Overzicht\" \/>\n<meta property=\"og:url\" content=\"https:\/\/musee-circuit.be\/nl\/overzicht\/\" \/>\n<meta property=\"og:site_name\" content=\"Mus\u00e9e du Circuit de Spa Francorchamps \u00e0 Stavelot | Abbaye de Stavelot\" \/>\n<meta property=\"article:publisher\" content=\"https:\/\/www.facebook.com\/museecircuitspafrancorchamps\" \/>\n<meta property=\"article:modified_time\" content=\"2022-11-23T17:36:20+00:00\" \/>\n<meta name=\"twitter:card\" content=\"summary_large_image\" \/>\n<script type=\"application\/ld+json\" class=\"yoast-schema-graph\">{\"@context\":\"https:\/\/schema.org\",\"@graph\":[{\"@type\":\"WebPage\",\"@id\":\"https:\/\/musee-circuit.be\/nl\/overzicht\/\",\"url\":\"https:\/\/musee-circuit.be\/nl\/overzicht\/\",\"name\":\"Overzicht - Mus\u00e9e du Circuit de Spa Francorchamps \u00e0 Stavelot | Abbaye de Stavelot\",\"isPartOf\":{\"@id\":\"https:\/\/musee-circuit.be\/nl\/homepage\/#website\"},\"datePublished\":\"2020-01-22T22:21:45+00:00\",\"dateModified\":\"2022-11-23T17:36:20+00:00\",\"breadcrumb\":{\"@id\":\"https:\/\/musee-circuit.be\/nl\/overzicht\/#breadcrumb\"},\"inLanguage\":\"nl-NL\",\"potentialAction\":[{\"@type\":\"ReadAction\",\"target\":[\"https:\/\/musee-circuit.be\/nl\/overzicht\/\"]}]},{\"@type\":\"BreadcrumbList\",\"@id\":\"https:\/\/musee-circuit.be\/nl\/overzicht\/#breadcrumb\",\"itemListElement\":[{\"@type\":\"ListItem\",\"position\":1,\"name\":\"Accueil\",\"item\":\"https:\/\/musee-circuit.be\/nl\/\"},{\"@type\":\"ListItem\",\"position\":2,\"name\":\"Overzicht\"}]},{\"@type\":\"WebSite\",\"@id\":\"https:\/\/musee-circuit.be\/nl\/homepage\/#website\",\"url\":\"https:\/\/musee-circuit.be\/nl\/homepage\/\",\"name\":\"Mus\u00e9e du Circuit de Spa Francorchamps \u00e0 Stavelot | Abbaye de Stavelot\",\"description\":\"Mus\u00e9e du Circuit de Spa Francorchamps \u00e0 Stavelot | Abbaye de Stavelot\",\"publisher\":{\"@id\":\"https:\/\/musee-circuit.be\/nl\/homepage\/#organization\"},\"potentialAction\":[{\"@type\":\"SearchAction\",\"target\":{\"@type\":\"EntryPoint\",\"urlTemplate\":\"https:\/\/musee-circuit.be\/nl\/homepage\/?s={search_term_string}\"},\"query-input\":{\"@type\":\"PropertyValueSpecification\",\"valueRequired\":true,\"valueName\":\"search_term_string\"}}],\"inLanguage\":\"nl-NL\"},{\"@type\":\"Organization\",\"@id\":\"https:\/\/musee-circuit.be\/nl\/homepage\/#organization\",\"name\":\"Mus\u00e9e Du Circuit de Spa-Francorchamps\",\"url\":\"https:\/\/musee-circuit.be\/nl\/homepage\/\",\"logo\":{\"@type\":\"ImageObject\",\"inLanguage\":\"nl-NL\",\"@id\":\"https:\/\/musee-circuit.be\/nl\/homepage\/#\/schema\/logo\/image\/\",\"url\":\"https:\/\/musee-circuit.be\/wp-content\/uploads\/2021\/07\/logo-noir.png\",\"contentUrl\":\"https:\/\/musee-circuit.be\/wp-content\/uploads\/2021\/07\/logo-noir.png\",\"width\":939,\"height\":400,\"caption\":\"Mus\u00e9e Du Circuit de Spa-Francorchamps\"},\"image\":{\"@id\":\"https:\/\/musee-circuit.be\/nl\/homepage\/#\/schema\/logo\/image\/\"},\"sameAs\":[\"https:\/\/www.facebook.com\/museecircuitspafrancorchamps\"]}]}<\/script>\n<!-- \/ Yoast SEO plugin. -->","yoast_head_json":{"title":"Overzicht - Mus\u00e9e du Circuit de Spa Francorchamps \u00e0 Stavelot | Abbaye de Stavelot","robots":{"index":"index","follow":"follow","max-snippet":"max-snippet:-1","max-image-preview":"max-image-preview:large","max-video-preview":"max-video-preview:-1"},"canonical":"https:\/\/musee-circuit.be\/nl\/overzicht\/","og_locale":"nl_NL","og_type":"article","og_title":"Overzicht - Mus\u00e9e du Circuit de Spa Francorchamps \u00e0 Stavelot | Abbaye de Stavelot","og_description":"Overzicht","og_url":"https:\/\/musee-circuit.be\/nl\/overzicht\/","og_site_name":"Mus\u00e9e du Circuit de Spa Francorchamps \u00e0 Stavelot | Abbaye de Stavelot","article_publisher":"https:\/\/www.facebook.com\/museecircuitspafrancorchamps","article_modified_time":"2022-11-23T17:36:20+00:00","twitter_card":"summary_large_image","schema":{"@context":"https:\/\/schema.org","@graph":[{"@type":"WebPage","@id":"https:\/\/musee-circuit.be\/nl\/overzicht\/","url":"https:\/\/musee-circuit.be\/nl\/overzicht\/","name":"Overzicht - Mus\u00e9e du Circuit de Spa Francorchamps \u00e0 Stavelot | Abbaye de Stavelot","isPartOf":{"@id":"https:\/\/musee-circuit.be\/nl\/homepage\/#website"},"datePublished":"2020-01-22T22:21:45+00:00","dateModified":"2022-11-23T17:36:20+00:00","breadcrumb":{"@id":"https:\/\/musee-circuit.be\/nl\/overzicht\/#breadcrumb"},"inLanguage":"nl-NL","potentialAction":[{"@type":"ReadAction","target":["https:\/\/musee-circuit.be\/nl\/overzicht\/"]}]},{"@type":"BreadcrumbList","@id":"https:\/\/musee-circuit.be\/nl\/overzicht\/#breadcrumb","itemListElement":[{"@type":"ListItem","position":1,"name":"Accueil","item":"https:\/\/musee-circuit.be\/nl\/"},{"@type":"ListItem","position":2,"name":"Overzicht"}]},{"@type":"WebSite","@id":"https:\/\/musee-circuit.be\/nl\/homepage\/#website","url":"https:\/\/musee-circuit.be\/nl\/homepage\/","name":"Mus\u00e9e du Circuit de Spa Francorchamps \u00e0 Stavelot | Abbaye de Stavelot","description":"Mus\u00e9e du Circuit de Spa Francorchamps \u00e0 Stavelot | Abbaye de Stavelot","publisher":{"@id":"https:\/\/musee-circuit.be\/nl\/homepage\/#organization"},"potentialAction":[{"@type":"SearchAction","target":{"@type":"EntryPoint","urlTemplate":"https:\/\/musee-circuit.be\/nl\/homepage\/?s={search_term_string}"},"query-input":{"@type":"PropertyValueSpecification","valueRequired":true,"valueName":"search_term_string"}}],"inLanguage":"nl-NL"},{"@type":"Organization","@id":"https:\/\/musee-circuit.be\/nl\/homepage\/#organization","name":"Mus\u00e9e Du Circuit de Spa-Francorchamps","url":"https:\/\/musee-circuit.be\/nl\/homepage\/","logo":{"@type":"ImageObject","inLanguage":"nl-NL","@id":"https:\/\/musee-circuit.be\/nl\/homepage\/#\/schema\/logo\/image\/","url":"https:\/\/musee-circuit.be\/wp-content\/uploads\/2021\/07\/logo-noir.png","contentUrl":"https:\/\/musee-circuit.be\/wp-content\/uploads\/2021\/07\/logo-noir.png","width":939,"height":400,"caption":"Mus\u00e9e Du Circuit de Spa-Francorchamps"},"image":{"@id":"https:\/\/musee-circuit.be\/nl\/homepage\/#\/schema\/logo\/image\/"},"sameAs":["https:\/\/www.facebook.com\/museecircuitspafrancorchamps"]}]}},"_links":{"self":[{"href":"https:\/\/musee-circuit.be\/nl\/wp-json\/wp\/v2\/pages\/30260","targetHints":{"allow":["GET"]}}],"collection":[{"href":"https:\/\/musee-circuit.be\/nl\/wp-json\/wp\/v2\/pages"}],"about":[{"href":"https:\/\/musee-circuit.be\/nl\/wp-json\/wp\/v2\/types\/page"}],"author":[{"embeddable":true,"href":"https:\/\/musee-circuit.be\/nl\/wp-json\/wp\/v2\/users\/1"}],"replies":[{"embeddable":true,"href":"https:\/\/musee-circuit.be\/nl\/wp-json\/wp\/v2\/comments?post=30260"}],"version-history":[{"count":2,"href":"https:\/\/musee-circuit.be\/nl\/wp-json\/wp\/v2\/pages\/30260\/revisions"}],"predecessor-version":[{"id":30263,"href":"https:\/\/musee-circuit.be\/nl\/wp-json\/wp\/v2\/pages\/30260\/revisions\/30263"}],"wp:attachment":[{"href":"https:\/\/musee-circuit.be\/nl\/wp-json\/wp\/v2\/media?parent=30260"}],"curies":[{"name":"wp","href":"https:\/\/api.w.org\/{rel}","templated":true}]}}