{"id":30256,"date":"2020-01-22T19:18:33","date_gmt":"2020-01-22T18:18:33","guid":{"rendered":"https:\/\/musee-circuit.be\/startpagina\/"},"modified":"2022-11-23T16:34:14","modified_gmt":"2022-11-23T15:34:14","slug":"startpagina","status":"publish","type":"page","link":"https:\/\/musee-circuit.be\/nl\/startpagina\/","title":{"rendered":"Startpagina"},"content":{"rendered":"<p>[et_pb_section fb_built=&#8221;1&#8243; _builder_version=&#8221;4.16&#8243; _module_preset=&#8221;default&#8221; use_background_color_gradient=&#8221;on&#8221; background_color_gradient_direction=&#8221;140deg&#8221; background_color_gradient_stops=&#8221;rgba(255,50,64,0.26) 11%|#0a0000 95%&#8221; background_color_gradient_overlays_image=&#8221;on&#8221; background_color_gradient_start=&#8221;rgba(255,50,64,0.26)&#8221; background_color_gradient_start_position=&#8221;11%&#8221; background_color_gradient_end=&#8221;#0a0000&#8243; background_color_gradient_end_position=&#8221;95%&#8221; background_image=&#8221;https:\/\/musee-circuit.be\/wp-content\/uploads\/2019\/12\/27122019-DSC_8403-scaled.jpg&#8221; min_height=&#8221;750px&#8221; custom_padding=&#8221;55px||55px|||&#8221; global_colors_info=&#8221;{}&#8221;][et_pb_row _builder_version=&#8221;4.16&#8243; _module_preset=&#8221;default&#8221; width=&#8221;90%&#8221; max_width=&#8221;90%&#8221; module_alignment=&#8221;center&#8221; custom_margin=&#8221;3%||||false|false&#8221; global_colors_info=&#8221;{}&#8221;][et_pb_column type=&#8221;4_4&#8243; _builder_version=&#8221;4.16&#8243; _module_preset=&#8221;default&#8221; global_colors_info=&#8221;{}&#8221;][et_pb_text _builder_version=&#8221;4.16&#8243; _module_preset=&#8221;default&#8221; text_font=&#8221;Open Sans|700|||||||&#8221; text_text_color=&#8221;#FFFFFF&#8221; header_font=&#8221;Squada One|||on|||||&#8221; header_text_align=&#8221;center&#8221; header_text_color=&#8221;#FFFFFF&#8221; header_font_size=&#8221;5em&#8221; text_orientation=&#8221;center&#8221; text_font_size_tablet=&#8221;&#8221; text_font_size_phone=&#8221;&#8221; text_font_size_last_edited=&#8221;on|desktop&#8221; header_font_size_tablet=&#8221;&#8221; header_font_size_phone=&#8221;&#8221; header_font_size_last_edited=&#8221;on|desktop&#8221; global_colors_info=&#8221;{}&#8221;]<\/p>\n<h1>ONTDEK DE GESCHIEDENIS VAN HET CIRCUIT DE<\/h1>\n<h1>SPA-FRANCORCHAMPS<\/h1>\n<p>[\/et_pb_text][et_pb_text _builder_version=&#8221;4.16&#8243; _module_preset=&#8221;default&#8221; text_font=&#8221;Squada One||||||||&#8221; text_text_color=&#8221;#000000&#8243; text_font_size=&#8221;31px&#8221; background_color=&#8221;#FFFFFF&#8221; text_orientation=&#8221;center&#8221; width=&#8221;38%&#8221; module_alignment=&#8221;center&#8221; custom_margin=&#8221;||100px||false|false&#8221; custom_padding=&#8221;15px|15px|15px|15px|false|false&#8221; text_font_size_tablet=&#8221;&#8221; text_font_size_phone=&#8221;20px&#8221; text_font_size_last_edited=&#8221;on|phone&#8221; global_colors_info=&#8221;{}&#8221; text_font_size__hover_enabled=&#8221;off|desktop&#8221;]<\/p>\n<p>ABDIJ VAN STAVELOT<\/p>\n<p>[\/et_pb_text][et_pb_button button_url=&#8221;#news&#8221; button_text=&#8221;Ontdek&#8221; button_alignment=&#8221;center&#8221; _builder_version=&#8221;4.16&#8243; _module_preset=&#8221;default&#8221; custom_button=&#8221;on&#8221; button_text_color=&#8221;#FFFFFF&#8221; button_border_color=&#8221;RGBA(0,0,0,0)&#8221; button_font=&#8221;Squada One||||||||&#8221; button_icon=&#8221;&#x24;||divi||400&#8243; button_on_hover=&#8221;off&#8221; transform_rotate=&#8221;0deg|0deg|90deg&#8221; global_colors_info=&#8221;{}&#8221;][\/et_pb_button][\/et_pb_column][\/et_pb_row][\/et_pb_section][et_pb_section fb_built=&#8221;1&#8243; fullwidth=&#8221;on&#8221; _builder_version=&#8221;4.16&#8243; _module_preset=&#8221;default&#8221; global_colors_info=&#8221;{}&#8221;][et_pb_fullwidth_post_slider show_meta=&#8221;off&#8221; image_placement=&#8221;left&#8221; use_bg_overlay=&#8221;off&#8221; arrows_custom_color=&#8221;RGBA(0,0,0,0)&#8221; module_id=&#8221;news&#8221; _builder_version=&#8221;4.16&#8243; _module_preset=&#8221;default&#8221; background_color=&#8221;#000000&#8243; background_enable_image=&#8221;off&#8221; parallax=&#8221;on&#8221; custom_button=&#8221;on&#8221; button_text_color=&#8221;#FFFFFF&#8221; button_bg_color=&#8221;#000000&#8243; button_border_color=&#8221;#FFFFFF&#8221; button_font=&#8221;|600|||||||&#8221; button_icon=&#8221;&#x24;||divi||400&#8243; button_on_hover=&#8221;off&#8221; button_alignment=&#8221;left&#8221; text_orientation=&#8221;justified&#8221; custom_padding=&#8221;100px||100px|||&#8221; global_colors_info=&#8221;{}&#8221;][\/et_pb_fullwidth_post_slider][\/et_pb_section][et_pb_section fb_built=&#8221;1&#8243; _builder_version=&#8221;4.16&#8243; custom_margin=&#8221;0px||||false|false&#8221; custom_padding=&#8221;||0px|||&#8221; global_colors_info=&#8221;{}&#8221;][et_pb_row column_structure=&#8221;1_2,1_2&#8243; _builder_version=&#8221;4.16&#8243; global_colors_info=&#8221;{}&#8221;][et_pb_column type=&#8221;1_2&#8243; _builder_version=&#8221;4.16&#8243; global_colors_info=&#8221;{}&#8221;][et_pb_text _builder_version=&#8221;4.16&#8243; text_font=&#8221;Open Sans||||||||&#8221; text_line_height=&#8221;1.8em&#8221; header_font=&#8221;||||||||&#8221; header_2_font=&#8221;Squada One||||||||&#8221; header_2_font_size=&#8221;40px&#8221; background_color=&#8221;#ffffff&#8221; width=&#8221;102.5%&#8221; custom_margin=&#8221;|-61px|0px|||&#8221; custom_padding=&#8221;5px|24px|5px|24px|true|true&#8221; animation_style=&#8221;slide&#8221; animation_direction=&#8221;bottom&#8221; animation_intensity_slide=&#8221;10%&#8221; header_2_font_size_tablet=&#8221;35px&#8221; header_2_font_size_phone=&#8221;25px&#8221; header_2_font_size_last_edited=&#8221;on|desktop&#8221; border_color_all=&#8221;#e02b20&#8243; border_width_top=&#8221;8px&#8221; box_shadow_style=&#8221;preset1&#8243; box_shadow_blur=&#8221;100px&#8221; box_shadow_color=&#8221;rgba(0,0,0,0.1)&#8221; global_colors_info=&#8221;{}&#8221; max_width__hover=&#8221;100%&#8221; max_width__hover_enabled=&#8221;100%&#8221;]<\/p>\n<h2>Over het museum<\/h2>\n<p><strong>Het Museum van het Circuit van Spa-Francorchamps, VZW, opgericht in 1984, is sinds 2002, samen met het Vorstendommuseum en het Museum Guillaume Apollinaire, een van de museale onderdelen van het Espace-Tourisme-Culture, ETC, Abdij van Stavelot.<\/strong><\/p>\n<p><strong>Alle aangelegenheden in verband met zaalverhuur, rondleidingen, kaartverkoop, enz. vallen onder de verantwoordelijkheid van de Abdij, waarvan u de referenties vindt onderaan de bladzijde.<\/strong><\/p>\n<p><strong> <\/strong><\/p>\n<p><strong>Het Mus\u00e9e du Circuit biedt u een informatiesite over het ontstaan, het leven, de werking en de verwezenlijkingen van het museum, over het komen en gaan van voertuigen<\/strong><\/p>\n<p><strong>Wij nodigen u uit om de verschillende pagina\u2019s van de site door te bladeren.<\/strong><\/p>\n<p>[\/et_pb_text][\/et_pb_column][et_pb_column type=&#8221;1_2&#8243; _builder_version=&#8221;4.16&#8243; global_colors_info=&#8221;{}&#8221;][et_pb_image src=&#8221;https:\/\/musee-circuit.be\/wp-content\/uploads\/2021\/09\/DSC_8398-1.jpg&#8221; title_text=&#8221;DSC_8398&#8243; align_tablet=&#8221;center&#8221; align_phone=&#8221;&#8221; align_last_edited=&#8221;on|desktop&#8221; _builder_version=&#8221;4.16&#8243; custom_margin=&#8221;0px|0px|-1px||false|false&#8221; custom_padding=&#8221;|0px||0px|false|false&#8221; box_shadow_style=&#8221;preset6&#8243; box_shadow_vertical=&#8221;32px&#8221; box_shadow_blur=&#8221;51px&#8221; global_colors_info=&#8221;{}&#8221;][\/et_pb_image][et_pb_button button_text=&#8221;Meer lezen&#8221; button_alignment=&#8221;right&#8221; disabled_on=&#8221;off|off|off&#8221; _builder_version=&#8221;4.16&#8243; custom_button=&#8221;on&#8221; button_text_color=&#8221;#ffffff&#8221; button_bg_color=&#8221;#e02b20&#8243; button_border_width=&#8221;5px&#8221; button_border_color=&#8221;rgba(0,0,0,0)&#8221; button_border_radius=&#8221;0px&#8221; button_font=&#8221;Squada One|||on|||||&#8221; button_use_icon=&#8221;off&#8221; background_layout=&#8221;dark&#8221; custom_margin=&#8221;0px|0px|0px||false|false&#8221; custom_margin_tablet=&#8221;&#8221; custom_margin_phone=&#8221;&#8221; custom_margin_last_edited=&#8221;on|desktop&#8221; custom_padding=&#8221;5px|||10px||&#8221; animation_style=&#8221;slide&#8221; animation_direction=&#8221;right&#8221; button_border_radius_hover=&#8221;0px&#8221; locked=&#8221;off&#8221; global_colors_info=&#8221;{}&#8221; button_text_size__hover_enabled=&#8221;off&#8221; button_one_text_size__hover_enabled=&#8221;off&#8221; button_two_text_size__hover_enabled=&#8221;off&#8221; button_text_color__hover_enabled=&#8221;off&#8221; button_one_text_color__hover_enabled=&#8221;off&#8221; button_two_text_color__hover_enabled=&#8221;off&#8221; button_border_width__hover_enabled=&#8221;off&#8221; button_one_border_width__hover_enabled=&#8221;off&#8221; button_two_border_width__hover_enabled=&#8221;off&#8221; button_border_color__hover_enabled=&#8221;off&#8221; button_one_border_color__hover_enabled=&#8221;off&#8221; button_two_border_color__hover_enabled=&#8221;off&#8221; button_border_radius__hover_enabled=&#8221;on&#8221; button_border_radius__hover=&#8221;0px&#8221; button_one_border_radius__hover_enabled=&#8221;off&#8221; button_two_border_radius__hover_enabled=&#8221;off&#8221; button_letter_spacing__hover_enabled=&#8221;off&#8221; button_one_letter_spacing__hover_enabled=&#8221;off&#8221; button_two_letter_spacing__hover_enabled=&#8221;off&#8221; button_bg_color__hover_enabled=&#8221;off&#8221; button_one_bg_color__hover_enabled=&#8221;off&#8221; button_two_bg_color__hover_enabled=&#8221;off&#8221;][\/et_pb_button][\/et_pb_column][\/et_pb_row][\/et_pb_section][et_pb_section fb_built=&#8221;1&#8243; _builder_version=&#8221;4.16&#8243; custom_padding=&#8221;54px|||||&#8221; locked=&#8221;off&#8221; global_colors_info=&#8221;{}&#8221;][et_pb_row _builder_version=&#8221;4.16&#8243; background_color=&#8221;#ffffff&#8221; custom_padding=&#8221;5px|24px|5px|24px|false|false&#8221; custom_css_main_element=&#8221;background-color: #FFFFF!important;&#8221; border_width_top=&#8221;8px&#8221; border_color_top=&#8221;#e02b20&#8243; box_shadow_style=&#8221;preset2&#8243; global_colors_info=&#8221;{}&#8221;][et_pb_column type=&#8221;4_4&#8243; _builder_version=&#8221;4.16&#8243; global_colors_info=&#8221;{}&#8221;][et_pb_text _builder_version=&#8221;4.16&#8243; text_font=&#8221;Open Sans||||||||&#8221; text_line_height=&#8221;1.8em&#8221; header_font=&#8221;||||||||&#8221; header_2_font=&#8221;Squada One||||||||&#8221; header_2_font_size=&#8221;40px&#8221; background_color=&#8221;#ffffff&#8221; width=&#8221;102.5%&#8221; custom_margin=&#8221;|-61px|0px|||&#8221; custom_padding=&#8221;5px|0px|5px|0px|true|true&#8221; animation_style=&#8221;slide&#8221; animation_direction=&#8221;bottom&#8221; animation_intensity_slide=&#8221;10%&#8221; header_2_font_size_tablet=&#8221;35px&#8221; header_2_font_size_phone=&#8221;25px&#8221; header_2_font_size_last_edited=&#8221;on|desktop&#8221; border_color_all=&#8221;#e02b20&#8243; border_color_top=&#8221;#ffffff&#8221; global_colors_info=&#8221;{}&#8221;]<\/p>\n<h2>Nieuws<\/h2>\n<p>[\/et_pb_text][et_pb_blog fullwidth=&#8221;off&#8221; posts_number=&#8221;3&#8243; excerpt_length=&#8221;60&#8243; show_more=&#8221;on&#8221; show_author=&#8221;off&#8221; show_categories=&#8221;off&#8221; _builder_version=&#8221;4.16&#8243; header_font=&#8221;|700|||||||&#8221; header_text_align=&#8221;center&#8221; body_font=&#8221;|600|||||||&#8221; meta_font=&#8221;|300|||||||&#8221; meta_font_size=&#8221;12px&#8221; read_more_font=&#8221;|||on|||||&#8221; read_more_font_size=&#8221;15px&#8221; read_more_letter_spacing=&#8221;1px&#8221; pagination_font=&#8221;|||||on|||&#8221; pagination_font_size=&#8221;23px&#8221; pagination_letter_spacing=&#8221;1px&#8221; border_color_all=&#8221;#adadad&#8221; global_colors_info=&#8221;{}&#8221;][\/et_pb_blog][\/et_pb_column][\/et_pb_row][\/et_pb_section][et_pb_section fb_built=&#8221;1&#8243; _builder_version=&#8221;4.16&#8243; background_color=&#8221;#000000&#8243; background_enable_image=&#8221;off&#8221; parallax=&#8221;on&#8221; custom_padding=&#8221;0||0||true|false&#8221; global_colors_info=&#8221;{}&#8221;][et_pb_row _builder_version=&#8221;4.16&#8243; max_width=&#8221;1325px&#8221; module_alignment=&#8221;center&#8221; global_colors_info=&#8221;{}&#8221;][et_pb_column type=&#8221;4_4&#8243; _builder_version=&#8221;4.16&#8243; global_colors_info=&#8221;{}&#8221;][et_pb_text _builder_version=&#8221;4.16&#8243; header_font=&#8221;||||||||&#8221; header_2_font=&#8221;Squada One||||||||&#8221; header_2_text_color=&#8221;#ffffff&#8221; header_2_font_size=&#8221;40px&#8221; custom_margin=&#8221;||-1px|||&#8221; header_2_font_size_tablet=&#8221;35px&#8221; header_2_font_size_phone=&#8221;25px&#8221; header_2_font_size_last_edited=&#8221;on|desktop&#8221; global_colors_info=&#8221;{}&#8221;]<\/p>\n<h2 style=\"text-align: center;\"><em>NUTTIGE LINKS<\/em><\/h2>\n<p>[\/et_pb_text][\/et_pb_column][\/et_pb_row][\/et_pb_section][et_pb_section fb_built=&#8221;1&#8243; _builder_version=&#8221;4.16&#8243; background_color=&#8221;#000000&#8243; background_enable_image=&#8221;off&#8221; parallax=&#8221;on&#8221; custom_padding=&#8221;0||0||true|false&#8221; global_colors_info=&#8221;{}&#8221;][et_pb_row column_structure=&#8221;1_3,1_3,1_3&#8243; _builder_version=&#8221;4.17.6&#8243; max_width=&#8221;100%&#8221; module_alignment=&#8221;center&#8221; hover_enabled=&#8221;0&#8243; global_colors_info=&#8221;{}&#8221; sticky_enabled=&#8221;0&#8243;][et_pb_column type=&#8221;1_3&#8243; _builder_version=&#8221;4.16&#8243; global_colors_info=&#8221;{}&#8221;][et_pb_text _builder_version=&#8221;4.16&#8243; header_font=&#8221;||||||||&#8221; header_2_font=&#8221;Squada One||||||||&#8221; header_2_text_color=&#8221;#ffffff&#8221; header_2_font_size=&#8221;27px&#8221; text_orientation=&#8221;center&#8221; min_height=&#8221;65px&#8221; custom_margin=&#8221;||0px||false|false&#8221; custom_padding=&#8221;||0px|||&#8221; header_2_font_size_tablet=&#8221;35px&#8221; header_2_font_size_phone=&#8221;25px&#8221; header_2_font_size_last_edited=&#8221;on|desktop&#8221; global_colors_info=&#8221;{}&#8221;]<\/p>\n<h2>ABDIJ VAN STAVELOT<\/h2>\n<p>[\/et_pb_text][et_pb_image src=&#8221;https:\/\/musee-circuit.be\/wp-content\/uploads\/2019\/12\/Sans-titre-1.jpg&#8221; _builder_version=&#8221;4.16&#8243; global_colors_info=&#8221;{}&#8221;][\/et_pb_image][et_pb_text _builder_version=&#8221;4.16&#8243; text_font=&#8221;Open Sans|600|||||||&#8221; text_text_color=&#8221;#ffffff&#8221; background_layout=&#8221;dark&#8221; global_colors_info=&#8221;{}&#8221;]<\/p>\n<p style=\"text-align: center;\">Bezoek de website van de <a href=\"http:\/\/www.abbayedestavelot.be\/\" target=\"_blank\" rel=\"noopener noreferrer\">abdij van Stavelot<\/a><\/p>\n<p>[\/et_pb_text][\/et_pb_column][et_pb_column type=&#8221;1_3&#8243; _builder_version=&#8221;4.16&#8243; global_colors_info=&#8221;{}&#8221;][et_pb_text _builder_version=&#8221;4.16&#8243; header_font=&#8221;||||||||&#8221; header_2_font=&#8221;Squada One||||||||&#8221; header_2_text_color=&#8221;#ffffff&#8221; header_2_font_size=&#8221;27px&#8221; text_orientation=&#8221;center&#8221; module_alignment=&#8221;center&#8221; custom_margin=&#8221;||0px||false|false&#8221; header_2_font_size_tablet=&#8221;35px&#8221; header_2_font_size_phone=&#8221;25px&#8221; header_2_font_size_last_edited=&#8221;on|desktop&#8221; global_colors_info=&#8221;{}&#8221;]<\/p>\n<h2>CIRCUIT VAN SPA-FRANCORCHAMPS<\/h2>\n<p>[\/et_pb_text][et_pb_image src=&#8221;https:\/\/musee-circuit.be\/wp-content\/uploads\/2019\/12\/spf.jpg&#8221; _builder_version=&#8221;4.16&#8243; custom_margin=&#8221;28px|||||&#8221; global_colors_info=&#8221;{}&#8221;][\/et_pb_image][et_pb_text _builder_version=&#8221;4.16&#8243; text_font=&#8221;Open Sans|600|||||||&#8221; text_text_color=&#8221;#ffffff&#8221; background_layout=&#8221;dark&#8221; global_colors_info=&#8221;{}&#8221;]<\/p>\n<p style=\"text-align: center;\">Bezoek de website van het <a href=\"http:\/\/www.spa-francorchamps.be\/\" target=\"_blank\" rel=\"noopener noreferrer\">Circuit de Spa-Francorchamps<\/a><\/p>\n<p>[\/et_pb_text][\/et_pb_column][et_pb_column type=&#8221;1_3&#8243; _builder_version=&#8221;4.16&#8243; global_colors_info=&#8221;{}&#8221;][et_pb_text _builder_version=&#8221;4.16&#8243; header_font=&#8221;||||||||&#8221; header_2_font=&#8221;Squada One||||||||&#8221; header_2_text_color=&#8221;#ffffff&#8221; header_2_font_size=&#8221;27px&#8221; text_orientation=&#8221;center&#8221; min_height=&#8221;103px&#8221; custom_margin=&#8221;||0px||false|false&#8221; header_2_font_size_tablet=&#8221;35px&#8221; header_2_font_size_phone=&#8221;25px&#8221; header_2_font_size_last_edited=&#8221;on|desktop&#8221; global_colors_info=&#8221;{}&#8221;]<\/p>\n<h2>TOERISTENBUREAU &#8211; STAVELOT<\/h2>\n<p>[\/et_pb_text][et_pb_image src=&#8221;https:\/\/musee-circuit.be\/wp-content\/uploads\/2019\/12\/stav.jpg&#8221; _builder_version=&#8221;4.16&#8243; custom_margin=&#8221;-40px|||||&#8221; global_colors_info=&#8221;{}&#8221;][\/et_pb_image][et_pb_text _builder_version=&#8221;4.16&#8243; text_font=&#8221;Open Sans|600|||||||&#8221; text_text_color=&#8221;#ffffff&#8221; background_layout=&#8221;dark&#8221; global_colors_info=&#8221;{}&#8221;]<\/p>\n<p style=\"text-align: center;\">Bezoek de website van de <a href=\"http:\/\/tourismestavelot.be\/\" target=\"_blank\" rel=\"noopener noreferrer\">toeristische dienst van Stavelot<\/a><\/p>\n<p>[\/et_pb_text][\/et_pb_column][\/et_pb_row][\/et_pb_section]<\/p>\n","protected":false},"excerpt":{"rendered":"<p>ONTDEK DE GESCHIEDENIS VAN HET CIRCUIT DE SPA-FRANCORCHAMPSABDIJ VAN STAVELOTOver het museum Het Museum van het Circuit van Spa-Francorchamps, VZW, opgericht in 1984, is sinds 2002, samen met het Vorstendommuseum en het Museum Guillaume Apollinaire, een van de museale onderdelen van het Espace-Tourisme-Culture, ETC, Abdij van Stavelot. Alle aangelegenheden in verband met zaalverhuur, rondleidingen, kaartverkoop, [&hellip;]<\/p>\n","protected":false},"author":1,"featured_media":0,"parent":0,"menu_order":0,"comment_status":"closed","ping_status":"closed","template":"","meta":{"_et_pb_use_builder":"on","_et_pb_old_content":"","_et_gb_content_width":"","footnotes":""},"class_list":["post-30256","page","type-page","status-publish","hentry"],"yoast_head":"<!-- This site is optimized with the Yoast SEO plugin v25.4 - https:\/\/yoast.com\/wordpress\/plugins\/seo\/ -->\n<title>Startpagina - Mus\u00e9e du Circuit de Spa Francorchamps \u00e0 Stavelot | Abbaye de Stavelot<\/title>\n<meta name=\"robots\" content=\"index, follow, max-snippet:-1, max-image-preview:large, max-video-preview:-1\" \/>\n<link rel=\"canonical\" href=\"https:\/\/musee-circuit.be\/nl\/startpagina\/\" \/>\n<meta property=\"og:locale\" content=\"nl_NL\" \/>\n<meta property=\"og:type\" content=\"article\" \/>\n<meta property=\"og:title\" content=\"Startpagina - Mus\u00e9e du Circuit de Spa Francorchamps \u00e0 Stavelot | Abbaye de Stavelot\" \/>\n<meta property=\"og:description\" content=\"ONTDEK DE GESCHIEDENIS VAN HET CIRCUIT DE SPA-FRANCORCHAMPSABDIJ VAN STAVELOTOver het museum Het Museum van het Circuit van Spa-Francorchamps, VZW, opgericht in 1984, is sinds 2002, samen met het Vorstendommuseum en het Museum Guillaume Apollinaire, een van de museale onderdelen van het Espace-Tourisme-Culture, ETC, Abdij van Stavelot. Alle aangelegenheden in verband met zaalverhuur, rondleidingen, kaartverkoop, [&hellip;]\" \/>\n<meta property=\"og:url\" content=\"https:\/\/musee-circuit.be\/nl\/startpagina\/\" \/>\n<meta property=\"og:site_name\" content=\"Mus\u00e9e du Circuit de Spa Francorchamps \u00e0 Stavelot | Abbaye de Stavelot\" \/>\n<meta property=\"article:publisher\" content=\"https:\/\/www.facebook.com\/museecircuitspafrancorchamps\" \/>\n<meta property=\"article:modified_time\" content=\"2022-11-23T15:34:14+00:00\" \/>\n<meta name=\"twitter:card\" content=\"summary_large_image\" \/>\n<meta name=\"twitter:label1\" content=\"Geschatte leestijd\" \/>\n\t<meta name=\"twitter:data1\" content=\"9 minuten\" \/>\n<script type=\"application\/ld+json\" class=\"yoast-schema-graph\">{\"@context\":\"https:\/\/schema.org\",\"@graph\":[{\"@type\":\"WebPage\",\"@id\":\"https:\/\/musee-circuit.be\/nl\/startpagina\/\",\"url\":\"https:\/\/musee-circuit.be\/nl\/startpagina\/\",\"name\":\"Startpagina - Mus\u00e9e du Circuit de Spa Francorchamps \u00e0 Stavelot | Abbaye de Stavelot\",\"isPartOf\":{\"@id\":\"https:\/\/musee-circuit.be\/nl\/homepage\/#website\"},\"datePublished\":\"2020-01-22T18:18:33+00:00\",\"dateModified\":\"2022-11-23T15:34:14+00:00\",\"breadcrumb\":{\"@id\":\"https:\/\/musee-circuit.be\/nl\/startpagina\/#breadcrumb\"},\"inLanguage\":\"nl-NL\",\"potentialAction\":[{\"@type\":\"ReadAction\",\"target\":[\"https:\/\/musee-circuit.be\/nl\/startpagina\/\"]}]},{\"@type\":\"BreadcrumbList\",\"@id\":\"https:\/\/musee-circuit.be\/nl\/startpagina\/#breadcrumb\",\"itemListElement\":[{\"@type\":\"ListItem\",\"position\":1,\"name\":\"Accueil\",\"item\":\"https:\/\/musee-circuit.be\/nl\/\"},{\"@type\":\"ListItem\",\"position\":2,\"name\":\"Startpagina\"}]},{\"@type\":\"WebSite\",\"@id\":\"https:\/\/musee-circuit.be\/nl\/homepage\/#website\",\"url\":\"https:\/\/musee-circuit.be\/nl\/homepage\/\",\"name\":\"Mus\u00e9e du Circuit de Spa Francorchamps \u00e0 Stavelot | Abbaye de Stavelot\",\"description\":\"Mus\u00e9e du Circuit de Spa Francorchamps \u00e0 Stavelot | Abbaye de Stavelot\",\"publisher\":{\"@id\":\"https:\/\/musee-circuit.be\/nl\/homepage\/#organization\"},\"potentialAction\":[{\"@type\":\"SearchAction\",\"target\":{\"@type\":\"EntryPoint\",\"urlTemplate\":\"https:\/\/musee-circuit.be\/nl\/homepage\/?s={search_term_string}\"},\"query-input\":{\"@type\":\"PropertyValueSpecification\",\"valueRequired\":true,\"valueName\":\"search_term_string\"}}],\"inLanguage\":\"nl-NL\"},{\"@type\":\"Organization\",\"@id\":\"https:\/\/musee-circuit.be\/nl\/homepage\/#organization\",\"name\":\"Mus\u00e9e Du Circuit de Spa-Francorchamps\",\"url\":\"https:\/\/musee-circuit.be\/nl\/homepage\/\",\"logo\":{\"@type\":\"ImageObject\",\"inLanguage\":\"nl-NL\",\"@id\":\"https:\/\/musee-circuit.be\/nl\/homepage\/#\/schema\/logo\/image\/\",\"url\":\"https:\/\/musee-circuit.be\/wp-content\/uploads\/2021\/07\/logo-noir.png\",\"contentUrl\":\"https:\/\/musee-circuit.be\/wp-content\/uploads\/2021\/07\/logo-noir.png\",\"width\":939,\"height\":400,\"caption\":\"Mus\u00e9e Du Circuit de Spa-Francorchamps\"},\"image\":{\"@id\":\"https:\/\/musee-circuit.be\/nl\/homepage\/#\/schema\/logo\/image\/\"},\"sameAs\":[\"https:\/\/www.facebook.com\/museecircuitspafrancorchamps\"]}]}<\/script>\n<!-- \/ Yoast SEO plugin. -->","yoast_head_json":{"title":"Startpagina - Mus\u00e9e du Circuit de Spa Francorchamps \u00e0 Stavelot | Abbaye de Stavelot","robots":{"index":"index","follow":"follow","max-snippet":"max-snippet:-1","max-image-preview":"max-image-preview:large","max-video-preview":"max-video-preview:-1"},"canonical":"https:\/\/musee-circuit.be\/nl\/startpagina\/","og_locale":"nl_NL","og_type":"article","og_title":"Startpagina - Mus\u00e9e du Circuit de Spa Francorchamps \u00e0 Stavelot | Abbaye de Stavelot","og_description":"ONTDEK DE GESCHIEDENIS VAN HET CIRCUIT DE SPA-FRANCORCHAMPSABDIJ VAN STAVELOTOver het museum Het Museum van het Circuit van Spa-Francorchamps, VZW, opgericht in 1984, is sinds 2002, samen met het Vorstendommuseum en het Museum Guillaume Apollinaire, een van de museale onderdelen van het Espace-Tourisme-Culture, ETC, Abdij van Stavelot. Alle aangelegenheden in verband met zaalverhuur, rondleidingen, kaartverkoop, [&hellip;]","og_url":"https:\/\/musee-circuit.be\/nl\/startpagina\/","og_site_name":"Mus\u00e9e du Circuit de Spa Francorchamps \u00e0 Stavelot | Abbaye de Stavelot","article_publisher":"https:\/\/www.facebook.com\/museecircuitspafrancorchamps","article_modified_time":"2022-11-23T15:34:14+00:00","twitter_card":"summary_large_image","twitter_misc":{"Geschatte leestijd":"9 minuten"},"schema":{"@context":"https:\/\/schema.org","@graph":[{"@type":"WebPage","@id":"https:\/\/musee-circuit.be\/nl\/startpagina\/","url":"https:\/\/musee-circuit.be\/nl\/startpagina\/","name":"Startpagina - Mus\u00e9e du Circuit de Spa Francorchamps \u00e0 Stavelot | Abbaye de Stavelot","isPartOf":{"@id":"https:\/\/musee-circuit.be\/nl\/homepage\/#website"},"datePublished":"2020-01-22T18:18:33+00:00","dateModified":"2022-11-23T15:34:14+00:00","breadcrumb":{"@id":"https:\/\/musee-circuit.be\/nl\/startpagina\/#breadcrumb"},"inLanguage":"nl-NL","potentialAction":[{"@type":"ReadAction","target":["https:\/\/musee-circuit.be\/nl\/startpagina\/"]}]},{"@type":"BreadcrumbList","@id":"https:\/\/musee-circuit.be\/nl\/startpagina\/#breadcrumb","itemListElement":[{"@type":"ListItem","position":1,"name":"Accueil","item":"https:\/\/musee-circuit.be\/nl\/"},{"@type":"ListItem","position":2,"name":"Startpagina"}]},{"@type":"WebSite","@id":"https:\/\/musee-circuit.be\/nl\/homepage\/#website","url":"https:\/\/musee-circuit.be\/nl\/homepage\/","name":"Mus\u00e9e du Circuit de Spa Francorchamps \u00e0 Stavelot | Abbaye de Stavelot","description":"Mus\u00e9e du Circuit de Spa Francorchamps \u00e0 Stavelot | Abbaye de Stavelot","publisher":{"@id":"https:\/\/musee-circuit.be\/nl\/homepage\/#organization"},"potentialAction":[{"@type":"SearchAction","target":{"@type":"EntryPoint","urlTemplate":"https:\/\/musee-circuit.be\/nl\/homepage\/?s={search_term_string}"},"query-input":{"@type":"PropertyValueSpecification","valueRequired":true,"valueName":"search_term_string"}}],"inLanguage":"nl-NL"},{"@type":"Organization","@id":"https:\/\/musee-circuit.be\/nl\/homepage\/#organization","name":"Mus\u00e9e Du Circuit de Spa-Francorchamps","url":"https:\/\/musee-circuit.be\/nl\/homepage\/","logo":{"@type":"ImageObject","inLanguage":"nl-NL","@id":"https:\/\/musee-circuit.be\/nl\/homepage\/#\/schema\/logo\/image\/","url":"https:\/\/musee-circuit.be\/wp-content\/uploads\/2021\/07\/logo-noir.png","contentUrl":"https:\/\/musee-circuit.be\/wp-content\/uploads\/2021\/07\/logo-noir.png","width":939,"height":400,"caption":"Mus\u00e9e Du Circuit de Spa-Francorchamps"},"image":{"@id":"https:\/\/musee-circuit.be\/nl\/homepage\/#\/schema\/logo\/image\/"},"sameAs":["https:\/\/www.facebook.com\/museecircuitspafrancorchamps"]}]}},"_links":{"self":[{"href":"https:\/\/musee-circuit.be\/nl\/wp-json\/wp\/v2\/pages\/30256","targetHints":{"allow":["GET"]}}],"collection":[{"href":"https:\/\/musee-circuit.be\/nl\/wp-json\/wp\/v2\/pages"}],"about":[{"href":"https:\/\/musee-circuit.be\/nl\/wp-json\/wp\/v2\/types\/page"}],"author":[{"embeddable":true,"href":"https:\/\/musee-circuit.be\/nl\/wp-json\/wp\/v2\/users\/1"}],"replies":[{"embeddable":true,"href":"https:\/\/musee-circuit.be\/nl\/wp-json\/wp\/v2\/comments?post=30256"}],"version-history":[{"count":2,"href":"https:\/\/musee-circuit.be\/nl\/wp-json\/wp\/v2\/pages\/30256\/revisions"}],"predecessor-version":[{"id":30259,"href":"https:\/\/musee-circuit.be\/nl\/wp-json\/wp\/v2\/pages\/30256\/revisions\/30259"}],"wp:attachment":[{"href":"https:\/\/musee-circuit.be\/nl\/wp-json\/wp\/v2\/media?parent=30256"}],"curies":[{"name":"wp","href":"https:\/\/api.w.org\/{rel}","templated":true}]}}