{"id":30316,"date":"2020-01-23T00:33:20","date_gmt":"2020-01-22T23:33:20","guid":{"rendered":"https:\/\/musee-circuit.be\/his-story\/"},"modified":"2022-11-23T19:35:41","modified_gmt":"2022-11-23T18:35:41","slug":"his-story","status":"publish","type":"page","link":"https:\/\/musee-circuit.be\/en\/his-story\/","title":{"rendered":"His Story"},"content":{"rendered":"<p>[et_pb_section fb_built=&#8221;1&#8243; _builder_version=&#8221;4.4.1&#8243;][et_pb_row _builder_version=&#8221;4.4.1&#8243; custom_margin=&#8221;10px||||false|false&#8221; custom_padding=&#8221;|25px||25px|false|false&#8221; hover_enabled=&#8221;0&#8243; border_width_top=&#8221;8px&#8221; border_color_top=&#8221;#e02b20&#8243; box_shadow_style=&#8221;preset1&#8243; column_structure=&#8221;1_4,3_4&#8243; sticky_enabled=&#8221;0&#8243;][et_pb_column type=&#8221;1_4&#8243; _builder_version=&#8221;4.4.1&#8243; hover_enabled=&#8221;0&#8243; sticky_enabled=&#8221;0&#8243;][et_pb_image src=&#8221;https:\/\/musee-circuit.be\/wp-content\/uploads\/2020\/03\/unnamed-1.jpg&#8221; _builder_version=&#8221;4.9.7&#8243; _module_preset=&#8221;default&#8221; alt=&#8221;Mus\u00e9e du sircuit ancien&#8221; title_text=&#8221;unnamed&#8221; hover_enabled=&#8221;0&#8243; sticky_enabled=&#8221;0&#8243;][\/et_pb_image][et_pb_image src=&#8221;https:\/\/musee-circuit.be\/wp-content\/uploads\/2020\/03\/musee-du-circuit-de-spa-1.jpg&#8221; _builder_version=&#8221;4.9.7&#8243; _module_preset=&#8221;default&#8221; alt=&#8221;Mus\u00e9e du sircuit ancien&#8221; title_text=&#8221;musee-du-circuit-de-spa&#8221; hover_enabled=&#8221;0&#8243; sticky_enabled=&#8221;0&#8243;][\/et_pb_image][et_pb_image src=&#8221;https:\/\/musee-circuit.be\/wp-content\/uploads\/2021\/07\/dsc_0259-1.jpg&#8221; _builder_version=&#8221;4.9.7&#8243; _module_preset=&#8221;default&#8221; title_text=&#8221;dsc_0259&#8243; hover_enabled=&#8221;0&#8243; sticky_enabled=&#8221;0&#8243;][\/et_pb_image][et_pb_image src=&#8221;https:\/\/musee-circuit.be\/wp-content\/uploads\/2021\/07\/2007_23_013_2007-09-13.jpg&#8221; _builder_version=&#8221;4.9.7&#8243; _module_preset=&#8221;default&#8221; title_text=&#8221;2007_23_013_2007-09-13&#8243; hover_enabled=&#8221;0&#8243; sticky_enabled=&#8221;0&#8243;][\/et_pb_image][\/et_pb_column][et_pb_column type=&#8221;3_4&#8243; _builder_version=&#8221;4.4.1&#8243;][et_pb_text _builder_version=&#8221;4.9.7&#8243; text_font=&#8221;Open Sans||||||||&#8221; text_line_height=&#8221;1.8em&#8221; header_font=&#8221;||||||||&#8221; header_2_font=&#8221;Squada One||||||||&#8221; header_2_font_size=&#8221;40px&#8221; background_color=&#8221;#ffffff&#8221; width=&#8221;100%&#8221; custom_margin=&#8221;|0px|0px||false|false&#8221; custom_padding=&#8221;0px|0px|0px|0px|true|true&#8221; animation_direction=&#8221;bottom&#8221; hover_enabled=&#8221;0&#8243; header_2_font_size_tablet=&#8221;35px&#8221; header_2_font_size_phone=&#8221;25px&#8221; header_2_font_size_last_edited=&#8221;on|desktop&#8221; border_color_all=&#8221;#e02b20&#8243; text_font_size=&#8221;16px&#8221; sticky_enabled=&#8221;0&#8243;]<\/p>\n<h2>His Story<\/h2>\n<p>The speed track was inaugurated in 1921 and underwent successive changes so that it has finally been laid down for 80% on the territory of the municipality of Stavelot. That is why that town naturally saw the birth of a museum dedicated to the circuit.<\/p>\n<p style=\"padding-left: 40px;\"><span class=\"et-pb-icon\" style=\"font-size: 33px;\">p<\/span><br \/><em>Before the modernization of the circuit of Francorchamps, the various stables occupied the garages of the city of Stavelot. So there were 5 garages that received the stables and they went to the races by road. This created an extraordinary craze in Stavelot.<\/em><\/p>\n<p>Three factors will be deciding. The first one was the restoration of a part of the abbey in the 70\u2019s. Thanks to cultural subventions, the town of Stavelot was able to renovate the splendid vaulted cellar, also called \u201ccolumned cellar\u201d, and doubled its size by adding a contemporary style room.<\/p>\n<p>The second one was the tenacious will of some citizens, passionately fond of motorsports and of the circuit, who wanted to realize their dream: to create a museum. The third factor was the enthusiastic answer from generous owners or collectors of cars and from automobile clubs or organizations.<\/p>\n<p>In 1999, a capital element, the global program for restoration and reallocation of the abbey, gave a new impetus to the museum. That year, the Walloon Government provided 80% of the expenses for a new scenography, that is to say \u20ac 380,000.<\/p>\n<p>Today, the circuit museum has between 40 and 50,000 visitors each year.<\/p>\n<h2>Its exhibitions and various activities<\/h2>\n<p>The Museum, since its opening, has been organizing various events whether it be temporary exhibitions or activities.<\/p>\n<p>Over time, many temporary exhibitions have been set up. Always related to the automobile: 40 years of the 24 hours of Spa-Francorchamps, The World of Formula 1 the automobile in the comics, the fabulous pedal cars,\u2026<\/p>\n<p>The ASBL, on several occasions, sets up activities for everyone. For example, the famous \u201cOriginal Track Francorchamps\u201d tours allow to discover and live the old track of the Spa-Francorchamps circuit in a secure environment managed by the museum.<\/p>\n<p>&nbsp;<\/p>\n<p>[\/et_pb_text][\/et_pb_column][\/et_pb_row][\/et_pb_section]<\/p>\n","protected":false},"excerpt":{"rendered":"<p>His Story The speed track was inaugurated in 1921 and underwent successive changes so that it has finally been laid down for 80% on the territory of the municipality of Stavelot. That is why that town naturally saw the birth of a museum dedicated to the circuit. pBefore the modernization of the circuit of Francorchamps, [&hellip;]<\/p>\n","protected":false},"author":1,"featured_media":0,"parent":0,"menu_order":0,"comment_status":"closed","ping_status":"closed","template":"","meta":{"_et_pb_use_builder":"on","_et_pb_old_content":"","_et_gb_content_width":"","footnotes":""},"class_list":["post-30316","page","type-page","status-publish","hentry"],"yoast_head":"<!-- This site is optimized with the Yoast SEO plugin v25.4 - https:\/\/yoast.com\/wordpress\/plugins\/seo\/ -->\n<title>His Story - Mus\u00e9e du Circuit de Spa Francorchamps \u00e0 Stavelot | Abbaye de Stavelot<\/title>\n<meta name=\"robots\" content=\"index, follow, max-snippet:-1, max-image-preview:large, max-video-preview:-1\" \/>\n<link rel=\"canonical\" href=\"https:\/\/musee-circuit.be\/en\/his-story\/\" \/>\n<meta property=\"og:locale\" content=\"en_US\" \/>\n<meta property=\"og:type\" content=\"article\" \/>\n<meta property=\"og:title\" content=\"His Story - Mus\u00e9e du Circuit de Spa Francorchamps \u00e0 Stavelot | Abbaye de Stavelot\" \/>\n<meta property=\"og:description\" content=\"His Story The speed track was inaugurated in 1921 and underwent successive changes so that it has finally been laid down for 80% on the territory of the municipality of Stavelot. That is why that town naturally saw the birth of a museum dedicated to the circuit. pBefore the modernization of the circuit of Francorchamps, [&hellip;]\" \/>\n<meta property=\"og:url\" content=\"https:\/\/musee-circuit.be\/en\/his-story\/\" \/>\n<meta property=\"og:site_name\" content=\"Mus\u00e9e du Circuit de Spa Francorchamps \u00e0 Stavelot | Abbaye de Stavelot\" \/>\n<meta property=\"article:publisher\" content=\"https:\/\/www.facebook.com\/museecircuitspafrancorchamps\" \/>\n<meta property=\"article:modified_time\" content=\"2022-11-23T18:35:41+00:00\" \/>\n<meta name=\"twitter:card\" content=\"summary_large_image\" \/>\n<meta name=\"twitter:label1\" content=\"Est. reading time\" \/>\n\t<meta name=\"twitter:data1\" content=\"3 minutes\" \/>\n<script type=\"application\/ld+json\" class=\"yoast-schema-graph\">{\"@context\":\"https:\/\/schema.org\",\"@graph\":[{\"@type\":\"WebPage\",\"@id\":\"https:\/\/musee-circuit.be\/en\/his-story\/\",\"url\":\"https:\/\/musee-circuit.be\/en\/his-story\/\",\"name\":\"His Story - Mus\u00e9e du Circuit de Spa Francorchamps \u00e0 Stavelot | Abbaye de Stavelot\",\"isPartOf\":{\"@id\":\"https:\/\/musee-circuit.be\/en\/homepage\/#website\"},\"datePublished\":\"2020-01-22T23:33:20+00:00\",\"dateModified\":\"2022-11-23T18:35:41+00:00\",\"breadcrumb\":{\"@id\":\"https:\/\/musee-circuit.be\/en\/his-story\/#breadcrumb\"},\"inLanguage\":\"en-US\",\"potentialAction\":[{\"@type\":\"ReadAction\",\"target\":[\"https:\/\/musee-circuit.be\/en\/his-story\/\"]}]},{\"@type\":\"BreadcrumbList\",\"@id\":\"https:\/\/musee-circuit.be\/en\/his-story\/#breadcrumb\",\"itemListElement\":[{\"@type\":\"ListItem\",\"position\":1,\"name\":\"Accueil\",\"item\":\"https:\/\/musee-circuit.be\/en\/homepage-2\/\"},{\"@type\":\"ListItem\",\"position\":2,\"name\":\"His Story\"}]},{\"@type\":\"WebSite\",\"@id\":\"https:\/\/musee-circuit.be\/en\/homepage\/#website\",\"url\":\"https:\/\/musee-circuit.be\/en\/homepage\/\",\"name\":\"Mus\u00e9e du Circuit de Spa Francorchamps \u00e0 Stavelot | Abbaye de Stavelot\",\"description\":\"Mus\u00e9e du Circuit de Spa Francorchamps \u00e0 Stavelot | Abbaye de Stavelot\",\"publisher\":{\"@id\":\"https:\/\/musee-circuit.be\/en\/homepage\/#organization\"},\"potentialAction\":[{\"@type\":\"SearchAction\",\"target\":{\"@type\":\"EntryPoint\",\"urlTemplate\":\"https:\/\/musee-circuit.be\/en\/homepage\/?s={search_term_string}\"},\"query-input\":{\"@type\":\"PropertyValueSpecification\",\"valueRequired\":true,\"valueName\":\"search_term_string\"}}],\"inLanguage\":\"en-US\"},{\"@type\":\"Organization\",\"@id\":\"https:\/\/musee-circuit.be\/en\/homepage\/#organization\",\"name\":\"Mus\u00e9e Du Circuit de Spa-Francorchamps\",\"url\":\"https:\/\/musee-circuit.be\/en\/homepage\/\",\"logo\":{\"@type\":\"ImageObject\",\"inLanguage\":\"en-US\",\"@id\":\"https:\/\/musee-circuit.be\/en\/homepage\/#\/schema\/logo\/image\/\",\"url\":\"https:\/\/musee-circuit.be\/wp-content\/uploads\/2021\/07\/logo-noir.png\",\"contentUrl\":\"https:\/\/musee-circuit.be\/wp-content\/uploads\/2021\/07\/logo-noir.png\",\"width\":939,\"height\":400,\"caption\":\"Mus\u00e9e Du Circuit de Spa-Francorchamps\"},\"image\":{\"@id\":\"https:\/\/musee-circuit.be\/en\/homepage\/#\/schema\/logo\/image\/\"},\"sameAs\":[\"https:\/\/www.facebook.com\/museecircuitspafrancorchamps\"]}]}<\/script>\n<!-- \/ Yoast SEO plugin. -->","yoast_head_json":{"title":"His Story - Mus\u00e9e du Circuit de Spa Francorchamps \u00e0 Stavelot | Abbaye de Stavelot","robots":{"index":"index","follow":"follow","max-snippet":"max-snippet:-1","max-image-preview":"max-image-preview:large","max-video-preview":"max-video-preview:-1"},"canonical":"https:\/\/musee-circuit.be\/en\/his-story\/","og_locale":"en_US","og_type":"article","og_title":"His Story - Mus\u00e9e du Circuit de Spa Francorchamps \u00e0 Stavelot | Abbaye de Stavelot","og_description":"His Story The speed track was inaugurated in 1921 and underwent successive changes so that it has finally been laid down for 80% on the territory of the municipality of Stavelot. That is why that town naturally saw the birth of a museum dedicated to the circuit. pBefore the modernization of the circuit of Francorchamps, [&hellip;]","og_url":"https:\/\/musee-circuit.be\/en\/his-story\/","og_site_name":"Mus\u00e9e du Circuit de Spa Francorchamps \u00e0 Stavelot | Abbaye de Stavelot","article_publisher":"https:\/\/www.facebook.com\/museecircuitspafrancorchamps","article_modified_time":"2022-11-23T18:35:41+00:00","twitter_card":"summary_large_image","twitter_misc":{"Est. reading time":"3 minutes"},"schema":{"@context":"https:\/\/schema.org","@graph":[{"@type":"WebPage","@id":"https:\/\/musee-circuit.be\/en\/his-story\/","url":"https:\/\/musee-circuit.be\/en\/his-story\/","name":"His Story - Mus\u00e9e du Circuit de Spa Francorchamps \u00e0 Stavelot | Abbaye de Stavelot","isPartOf":{"@id":"https:\/\/musee-circuit.be\/en\/homepage\/#website"},"datePublished":"2020-01-22T23:33:20+00:00","dateModified":"2022-11-23T18:35:41+00:00","breadcrumb":{"@id":"https:\/\/musee-circuit.be\/en\/his-story\/#breadcrumb"},"inLanguage":"en-US","potentialAction":[{"@type":"ReadAction","target":["https:\/\/musee-circuit.be\/en\/his-story\/"]}]},{"@type":"BreadcrumbList","@id":"https:\/\/musee-circuit.be\/en\/his-story\/#breadcrumb","itemListElement":[{"@type":"ListItem","position":1,"name":"Accueil","item":"https:\/\/musee-circuit.be\/en\/homepage-2\/"},{"@type":"ListItem","position":2,"name":"His Story"}]},{"@type":"WebSite","@id":"https:\/\/musee-circuit.be\/en\/homepage\/#website","url":"https:\/\/musee-circuit.be\/en\/homepage\/","name":"Mus\u00e9e du Circuit de Spa Francorchamps \u00e0 Stavelot | Abbaye de Stavelot","description":"Mus\u00e9e du Circuit de Spa Francorchamps \u00e0 Stavelot | Abbaye de Stavelot","publisher":{"@id":"https:\/\/musee-circuit.be\/en\/homepage\/#organization"},"potentialAction":[{"@type":"SearchAction","target":{"@type":"EntryPoint","urlTemplate":"https:\/\/musee-circuit.be\/en\/homepage\/?s={search_term_string}"},"query-input":{"@type":"PropertyValueSpecification","valueRequired":true,"valueName":"search_term_string"}}],"inLanguage":"en-US"},{"@type":"Organization","@id":"https:\/\/musee-circuit.be\/en\/homepage\/#organization","name":"Mus\u00e9e Du Circuit de Spa-Francorchamps","url":"https:\/\/musee-circuit.be\/en\/homepage\/","logo":{"@type":"ImageObject","inLanguage":"en-US","@id":"https:\/\/musee-circuit.be\/en\/homepage\/#\/schema\/logo\/image\/","url":"https:\/\/musee-circuit.be\/wp-content\/uploads\/2021\/07\/logo-noir.png","contentUrl":"https:\/\/musee-circuit.be\/wp-content\/uploads\/2021\/07\/logo-noir.png","width":939,"height":400,"caption":"Mus\u00e9e Du Circuit de Spa-Francorchamps"},"image":{"@id":"https:\/\/musee-circuit.be\/en\/homepage\/#\/schema\/logo\/image\/"},"sameAs":["https:\/\/www.facebook.com\/museecircuitspafrancorchamps"]}]}},"_links":{"self":[{"href":"https:\/\/musee-circuit.be\/en\/wp-json\/wp\/v2\/pages\/30316","targetHints":{"allow":["GET"]}}],"collection":[{"href":"https:\/\/musee-circuit.be\/en\/wp-json\/wp\/v2\/pages"}],"about":[{"href":"https:\/\/musee-circuit.be\/en\/wp-json\/wp\/v2\/types\/page"}],"author":[{"embeddable":true,"href":"https:\/\/musee-circuit.be\/en\/wp-json\/wp\/v2\/users\/1"}],"replies":[{"embeddable":true,"href":"https:\/\/musee-circuit.be\/en\/wp-json\/wp\/v2\/comments?post=30316"}],"version-history":[{"count":2,"href":"https:\/\/musee-circuit.be\/en\/wp-json\/wp\/v2\/pages\/30316\/revisions"}],"predecessor-version":[{"id":30319,"href":"https:\/\/musee-circuit.be\/en\/wp-json\/wp\/v2\/pages\/30316\/revisions\/30319"}],"wp:attachment":[{"href":"https:\/\/musee-circuit.be\/en\/wp-json\/wp\/v2\/media?parent=30316"}],"curies":[{"name":"wp","href":"https:\/\/api.w.org\/{rel}","templated":true}]}}