{"id":30312,"date":"2020-01-23T00:32:48","date_gmt":"2020-01-22T23:32:48","guid":{"rendered":"https:\/\/musee-circuit.be\/the-simulator\/"},"modified":"2022-12-30T13:19:54","modified_gmt":"2022-12-30T12:19:54","slug":"the-simulator","status":"publish","type":"page","link":"https:\/\/musee-circuit.be\/en\/the-simulator\/","title":{"rendered":"The Simulator"},"content":{"rendered":"<p>[et_pb_section fb_built=&#8221;1&#8243; next_background_color=&#8221;#f4f4f4&#8243; admin_label=&#8221;Header&#8221; _builder_version=&#8221;4.16&#8243; use_background_color_gradient=&#8221;on&#8221; background_color_gradient_direction=&#8221;120deg&#8221; background_color_gradient_stops=&#8221;rgba(10,0,0,0.7) 60%|rgba(76,0,12,0.5) 60%&#8221; background_color_gradient_overlays_image=&#8221;on&#8221; background_color_gradient_start=&#8221;rgba(10,0,0,0.7)&#8221; background_color_gradient_start_position=&#8221;60%&#8221; background_color_gradient_end=&#8221;rgba(76,0,12,0.5)&#8221; background_color_gradient_end_position=&#8221;60%&#8221; background_image=&#8221;https:\/\/musee-circuit.be\/wp-content\/uploads\/2020\/03\/DSC_7998-scaled.jpg&#8221; custom_padding=&#8221;0vw|0px|0vw|0px|true|false&#8221; bottom_divider_style=&#8221;mountains2&#8243; bottom_divider_flip=&#8221;horizontal&#8221; global_colors_info=&#8221;{}&#8221;][et_pb_row _builder_version=&#8221;4.16&#8243; min_height=&#8221;227px&#8221; custom_width_px=&#8221;1280px&#8221; global_colors_info=&#8221;{}&#8221;][et_pb_column type=&#8221;4_4&#8243; _builder_version=&#8221;4.16&#8243; custom_padding=&#8221;|||&#8221; global_colors_info=&#8221;{}&#8221; custom_padding__hover=&#8221;|||&#8221;][et_pb_text _builder_version=&#8221;4.16&#8243; text_font=&#8221;Open Sans||||||||&#8221; text_font_size=&#8221;16px&#8221; text_line_height=&#8221;1.8em&#8221; header_font=&#8221;Squada One|||on|||||&#8221; header_font_size=&#8221;60px&#8221; header_letter_spacing=&#8221;1px&#8221; header_line_height=&#8221;1.1em&#8221; background_layout=&#8221;dark&#8221; max_width=&#8221;700px&#8221; animation_style=&#8221;fade&#8221; text_font_size_tablet=&#8221;&#8221; text_font_size_phone=&#8221;&#8221; text_font_size_last_edited=&#8221;on|desktop&#8221; text_line_height_tablet=&#8221;&#8221; text_line_height_phone=&#8221;&#8221; text_line_height_last_edited=&#8221;on|desktop&#8221; header_font_size_tablet=&#8221;&#8221; header_font_size_phone=&#8221;32px&#8221; header_font_size_last_edited=&#8221;on|phone&#8221; global_colors_info=&#8221;{}&#8221;]<\/p>\n<h1>THE SIMULATOR<\/h1>\n<p>Live a unique experience on our car simulator. Discover or rediscover the Circuit de Spa-Francorchamps from the driver\u2019s side. <\/p>\n<p>[\/et_pb_text][\/et_pb_column][\/et_pb_row][\/et_pb_section][et_pb_section fb_built=&#8221;1&#8243; admin_label=&#8221;About Us&#8221; _builder_version=&#8221;4.16&#8243; background_color=&#8221;#f4f4f4&#8243; custom_padding=&#8221;0px|||||&#8221; global_colors_info=&#8221;{}&#8221;][et_pb_row column_structure=&#8221;3_5,2_5&#8243; _builder_version=&#8221;4.16&#8243; global_colors_info=&#8221;{}&#8221;][et_pb_column type=&#8221;3_5&#8243; _builder_version=&#8221;4.16&#8243; custom_padding=&#8221;|||&#8221; global_colors_info=&#8221;{}&#8221; custom_padding__hover=&#8221;|||&#8221;][et_pb_text _builder_version=&#8221;4.16&#8243; text_font=&#8221;Open Sans||||||||&#8221; text_line_height=&#8221;1.8em&#8221; header_font=&#8221;||||||||&#8221; header_2_font=&#8221;Squada One||||||||&#8221; header_2_font_size=&#8221;40px&#8221; custom_margin=&#8221;||0px|&#8221; custom_padding=&#8221;40px||40px||true|false&#8221; header_2_font_size_tablet=&#8221;35px&#8221; header_2_font_size_phone=&#8221;25px&#8221; header_2_font_size_last_edited=&#8221;on|desktop&#8221; border_color_all=&#8221;rgba(0,0,0,0)&#8221; border_width_top=&#8221;8px&#8221; global_colors_info=&#8221;{}&#8221; max_width__hover=&#8221;100%&#8221; max_width__hover_enabled=&#8221;100%&#8221; use_background_color_gradient__hover=&#8221;off&#8221; use_background_color_gradient__hover_enabled=&#8221;off&#8221; background_color_gradient_start__hover=&#8221;#2b87da&#8221; background_color_gradient_start__hover_enabled=&#8221;#2b87da&#8221; background_color_gradient_end__hover=&#8221;#29c4a9&#8243; background_color_gradient_end__hover_enabled=&#8221;#29c4a9&#8243; background_color_gradient_type__hover=&#8221;linear&#8221; background_color_gradient_type__hover_enabled=&#8221;linear&#8221; background_color_gradient_direction__hover=&#8221;180deg&#8221; background_color_gradient_direction__hover_enabled=&#8221;180deg&#8221; background_color_gradient_direction_radial__hover=&#8221;center&#8221; background_color_gradient_direction_radial__hover_enabled=&#8221;center&#8221; background_color_gradient_start_position__hover=&#8221;0%&#8221; background_color_gradient_start_position__hover_enabled=&#8221;0%&#8221; background_color_gradient_end_position__hover=&#8221;100%&#8221; background_color_gradient_end_position__hover_enabled=&#8221;100%&#8221; background_color_gradient_overlays_image__hover=&#8221;off&#8221; background_color_gradient_overlays_image__hover_enabled=&#8221;off&#8221; parallax__hover=&#8221;off&#8221; parallax__hover_enabled=&#8221;off&#8221; parallax_method__hover=&#8221;on&#8221; parallax_method__hover_enabled=&#8221;on&#8221; background_size__hover=&#8221;cover&#8221; background_size__hover_enabled=&#8221;cover&#8221; background_position__hover=&#8221;center&#8221; background_position__hover_enabled=&#8221;center&#8221; background_repeat__hover=&#8221;no-repeat&#8221; background_repeat__hover_enabled=&#8221;no-repeat&#8221; background_blend__hover=&#8221;normal&#8221; background_blend__hover_enabled=&#8221;normal&#8221; allow_player_pause__hover=&#8221;off&#8221; allow_player_pause__hover_enabled=&#8221;off&#8221; background_video_pause_outside_viewport__hover=&#8221;on&#8221; background_video_pause_outside_viewport__hover_enabled=&#8221;on&#8221; box_shadow_style__hover=&#8221;none&#8221; box_shadow_style__hover_enabled=&#8221;none&#8221; box_shadow_color__hover=&#8221;rgba(0,0,0,0.3)&#8221; box_shadow_color__hover_enabled=&#8221;rgba(0,0,0,0.3)&#8221; background_color_gradient_stops__hover=&#8221;#2b87da 0%|#29c4a9 100%&#8221;]<\/p>\n<h2>Features<\/h2>\n<p>Our simulator is equipped with <strong>3 Full HD screens<\/strong> and the Asseto Corsa game. With its <strong>force feedback steering wheel<\/strong> and <strong>vibrating pedals<\/strong>, it will make you feel like you are in a car race. <\/p>\n<p>The main part of this simulator is the existence of a frame with a <strong>bucket seat<\/strong> and a frame driven by <strong>4 electric cylinders<\/strong> that tilts the seat according to the track and the movement of the vehicle.<\/p>\n<p>[\/et_pb_text][et_pb_text _builder_version=&#8221;4.16&#8243; text_font=&#8221;Open Sans||||||||&#8221; text_line_height=&#8221;1.8em&#8221; header_font=&#8221;||||||||&#8221; header_2_font=&#8221;Squada One||||||||&#8221; header_2_font_size=&#8221;40px&#8221; custom_margin=&#8221;||0px|&#8221; custom_padding=&#8221;40px||40px||true|false&#8221; header_2_font_size_tablet=&#8221;35px&#8221; header_2_font_size_phone=&#8221;25px&#8221; header_2_font_size_last_edited=&#8221;on|desktop&#8221; border_color_all=&#8221;rgba(0,0,0,0)&#8221; border_width_top=&#8221;8px&#8221; global_colors_info=&#8221;{}&#8221; max_width__hover=&#8221;100%&#8221; max_width__hover_enabled=&#8221;100%&#8221; use_background_color_gradient__hover=&#8221;off&#8221; use_background_color_gradient__hover_enabled=&#8221;off&#8221; background_color_gradient_start__hover=&#8221;#2b87da&#8221; background_color_gradient_start__hover_enabled=&#8221;#2b87da&#8221; background_color_gradient_end__hover=&#8221;#29c4a9&#8243; background_color_gradient_end__hover_enabled=&#8221;#29c4a9&#8243; background_color_gradient_type__hover=&#8221;linear&#8221; background_color_gradient_type__hover_enabled=&#8221;linear&#8221; background_color_gradient_direction__hover=&#8221;180deg&#8221; background_color_gradient_direction__hover_enabled=&#8221;180deg&#8221; background_color_gradient_direction_radial__hover=&#8221;center&#8221; background_color_gradient_direction_radial__hover_enabled=&#8221;center&#8221; background_color_gradient_start_position__hover=&#8221;0%&#8221; background_color_gradient_start_position__hover_enabled=&#8221;0%&#8221; background_color_gradient_end_position__hover=&#8221;100%&#8221; background_color_gradient_end_position__hover_enabled=&#8221;100%&#8221; background_color_gradient_overlays_image__hover=&#8221;off&#8221; background_color_gradient_overlays_image__hover_enabled=&#8221;off&#8221; parallax__hover=&#8221;off&#8221; parallax__hover_enabled=&#8221;off&#8221; parallax_method__hover=&#8221;on&#8221; parallax_method__hover_enabled=&#8221;on&#8221; background_size__hover=&#8221;cover&#8221; background_size__hover_enabled=&#8221;cover&#8221; background_position__hover=&#8221;center&#8221; background_position__hover_enabled=&#8221;center&#8221; background_repeat__hover=&#8221;no-repeat&#8221; background_repeat__hover_enabled=&#8221;no-repeat&#8221; background_blend__hover=&#8221;normal&#8221; background_blend__hover_enabled=&#8221;normal&#8221; allow_player_pause__hover=&#8221;off&#8221; allow_player_pause__hover_enabled=&#8221;off&#8221; background_video_pause_outside_viewport__hover=&#8221;on&#8221; background_video_pause_outside_viewport__hover_enabled=&#8221;on&#8221; box_shadow_style__hover=&#8221;none&#8221; box_shadow_style__hover_enabled=&#8221;none&#8221; box_shadow_color__hover=&#8221;rgba(0,0,0,0.3)&#8221; box_shadow_color__hover_enabled=&#8221;rgba(0,0,0,0.3)&#8221; background_color_gradient_stops__hover=&#8221;#2b87da 0%|#29c4a9 100%&#8221;]<\/p>\n<h2>Access<\/h2>\n<p>Our simulator is available <span><strong>from Monday to Friday from 10:00 to 12:00<\/strong> and <strong>from 14:00 to 16:00<\/strong><\/span><br \/><strong>Saturdays from 1.30 pm to 5 pm.<\/strong> Times may vary depending on the availability of an operator.<\/p>\n<p>The opening hours are posted each day at the reception of the abbey. If you want to be sure that the simulator is open, do not hesitate to call the reception desk <strong>+32 (0)80 88 08 78<\/strong><\/p>\n<p>For your safety, you must be at <strong>least 1.60 m tall.<\/strong><\/p>\n<p>[\/et_pb_text][et_pb_text _builder_version=&#8221;4.16&#8243; text_font=&#8221;Open Sans||||||||&#8221; text_line_height=&#8221;1.8em&#8221; header_font=&#8221;||||||||&#8221; header_2_font=&#8221;Squada One||||||||&#8221; header_2_font_size=&#8221;40px&#8221; custom_margin=&#8221;||0px|&#8221; custom_padding=&#8221;40px||40px||true|false&#8221; header_2_font_size_tablet=&#8221;35px&#8221; header_2_font_size_phone=&#8221;25px&#8221; header_2_font_size_last_edited=&#8221;on|desktop&#8221; border_color_all=&#8221;rgba(0,0,0,0)&#8221; border_width_top=&#8221;8px&#8221; global_colors_info=&#8221;{}&#8221; max_width__hover=&#8221;100%&#8221; max_width__hover_enabled=&#8221;100%&#8221; use_background_color_gradient__hover=&#8221;off&#8221; use_background_color_gradient__hover_enabled=&#8221;off&#8221; background_color_gradient_start__hover=&#8221;#2b87da&#8221; background_color_gradient_start__hover_enabled=&#8221;#2b87da&#8221; background_color_gradient_end__hover=&#8221;#29c4a9&#8243; background_color_gradient_end__hover_enabled=&#8221;#29c4a9&#8243; background_color_gradient_type__hover=&#8221;linear&#8221; background_color_gradient_type__hover_enabled=&#8221;linear&#8221; background_color_gradient_direction__hover=&#8221;180deg&#8221; background_color_gradient_direction__hover_enabled=&#8221;180deg&#8221; background_color_gradient_direction_radial__hover=&#8221;center&#8221; background_color_gradient_direction_radial__hover_enabled=&#8221;center&#8221; background_color_gradient_start_position__hover=&#8221;0%&#8221; background_color_gradient_start_position__hover_enabled=&#8221;0%&#8221; background_color_gradient_end_position__hover=&#8221;100%&#8221; background_color_gradient_end_position__hover_enabled=&#8221;100%&#8221; background_color_gradient_overlays_image__hover=&#8221;off&#8221; background_color_gradient_overlays_image__hover_enabled=&#8221;off&#8221; parallax__hover=&#8221;off&#8221; parallax__hover_enabled=&#8221;off&#8221; parallax_method__hover=&#8221;on&#8221; parallax_method__hover_enabled=&#8221;on&#8221; background_size__hover=&#8221;cover&#8221; background_size__hover_enabled=&#8221;cover&#8221; background_position__hover=&#8221;center&#8221; background_position__hover_enabled=&#8221;center&#8221; background_repeat__hover=&#8221;no-repeat&#8221; background_repeat__hover_enabled=&#8221;no-repeat&#8221; background_blend__hover=&#8221;normal&#8221; background_blend__hover_enabled=&#8221;normal&#8221; allow_player_pause__hover=&#8221;off&#8221; allow_player_pause__hover_enabled=&#8221;off&#8221; background_video_pause_outside_viewport__hover=&#8221;on&#8221; background_video_pause_outside_viewport__hover_enabled=&#8221;on&#8221; box_shadow_style__hover=&#8221;none&#8221; box_shadow_style__hover_enabled=&#8221;none&#8221; box_shadow_color__hover=&#8221;rgba(0,0,0,0.3)&#8221; box_shadow_color__hover_enabled=&#8221;rgba(0,0,0,0.3)&#8221; background_color_gradient_stops__hover=&#8221;#2b87da 0%|#29c4a9 100%&#8221;]<\/p>\n<h2>Price<\/h2>\n<p>9\u20ac per person and per 15 minutes<br \/>Under reservation at <strong>+32 (0)80 88 08 78<\/strong><\/p>\n<p>[\/et_pb_text][\/et_pb_column][et_pb_column type=&#8221;2_5&#8243; _builder_version=&#8221;4.16&#8243; custom_padding=&#8221;|||&#8221; global_colors_info=&#8221;{}&#8221; custom_padding__hover=&#8221;|||&#8221;][et_pb_image src=&#8221;https:\/\/musee-circuit.be\/wp-content\/uploads\/2020\/03\/DSC_7997-scaled.jpg&#8221; _builder_version=&#8221;4.16&#8243; border_width_top=&#8221;8px&#8221; border_color_top=&#8221;#e02b20&#8243; global_colors_info=&#8221;{}&#8221;][\/et_pb_image][\/et_pb_column][\/et_pb_row][et_pb_row _builder_version=&#8221;4.19.1&#8243; _module_preset=&#8221;default&#8221; custom_padding=&#8221;0px|||||&#8221; global_colors_info=&#8221;{}&#8221;][et_pb_column type=&#8221;4_4&#8243; _builder_version=&#8221;4.19.1&#8243; _module_preset=&#8221;default&#8221; global_colors_info=&#8221;{}&#8221;][et_pb_text _builder_version=&#8221;4.19.1&#8243; _module_preset=&#8221;default&#8221; text_font=&#8221;Open Sans||||||||&#8221; text_line_height=&#8221;1.8em&#8221; header_font=&#8221;||||||||&#8221; header_2_font=&#8221;Squada One||||||||&#8221; header_2_font_size=&#8221;40px&#8221; custom_margin=&#8221;||0px|&#8221; custom_padding=&#8221;40px||40px||true|false&#8221; header_2_font_size_tablet=&#8221;35px&#8221; header_2_font_size_phone=&#8221;25px&#8221; header_2_font_size_last_edited=&#8221;on|desktop&#8221; border_color_all=&#8221;rgba(0,0,0,0)&#8221; border_width_top=&#8221;8px&#8221; global_colors_info=&#8221;{}&#8221;]<\/p>\n<h2>Leaderboard<\/h2>\n<p>See <a href=\"https:\/\/simulator.musee-circuit.be\/\" target=\"_blank\" rel=\"noopener\" title=\"Leaderboard\">the online ranking<\/a><\/p>\n<p>[\/et_pb_text][et_pb_code _builder_version=&#8221;4.19.1&#8243; _module_preset=&#8221;default&#8221; global_colors_info=&#8221;{}&#8221;]<iframe data-src=\"https:\/\/simulator.musee-circuit.be\/\" frameorder=\"1\" scrolling=\"yes\" width=\"1024\" height=\"1024\" src=\"data:image\/svg+xml;base64,PHN2ZyB3aWR0aD0iMSIgaGVpZ2h0PSIxIiB4bWxucz0iaHR0cDovL3d3dy53My5vcmcvMjAwMC9zdmciPjwvc3ZnPg==\" class=\"lazyload\" data-load-mode=\"1\"><\/iframe>[\/et_pb_code][\/et_pb_column][\/et_pb_row][\/et_pb_section]<\/p>\n","protected":false},"excerpt":{"rendered":"<p>THE SIMULATOR Live a unique experience on our car simulator. Discover or rediscover the Circuit de Spa-Francorchamps from the driver\u2019s side. Features Our simulator is equipped with 3 Full HD screens and the Asseto Corsa game. With its force feedback steering wheel and vibrating pedals, it will make you feel like you are in a [&hellip;]<\/p>\n","protected":false},"author":1,"featured_media":0,"parent":0,"menu_order":0,"comment_status":"closed","ping_status":"closed","template":"","meta":{"_et_pb_use_builder":"on","_et_pb_old_content":"","_et_gb_content_width":"","footnotes":""},"class_list":["post-30312","page","type-page","status-publish","hentry"],"yoast_head":"<!-- This site is optimized with the Yoast SEO plugin v27.5 - https:\/\/yoast.com\/product\/yoast-seo-wordpress\/ -->\n<title>The Simulator - Mus\u00e9e du Circuit de Spa Francorchamps \u00e0 Stavelot | Abbaye de Stavelot<\/title>\n<meta name=\"robots\" content=\"index, follow, max-snippet:-1, max-image-preview:large, max-video-preview:-1\" \/>\n<link rel=\"canonical\" href=\"https:\/\/musee-circuit.be\/en\/the-simulator\/\" \/>\n<meta property=\"og:locale\" content=\"en_US\" \/>\n<meta property=\"og:type\" content=\"article\" \/>\n<meta property=\"og:title\" content=\"The Simulator - Mus\u00e9e du Circuit de Spa Francorchamps \u00e0 Stavelot | Abbaye de Stavelot\" \/>\n<meta property=\"og:description\" content=\"THE SIMULATOR Live a unique experience on our car simulator. Discover or rediscover the Circuit de Spa-Francorchamps from the driver\u2019s side. Features Our simulator is equipped with 3 Full HD screens and the Asseto Corsa game. With its force feedback steering wheel and vibrating pedals, it will make you feel like you are in a [&hellip;]\" \/>\n<meta property=\"og:url\" content=\"https:\/\/musee-circuit.be\/en\/the-simulator\/\" \/>\n<meta property=\"og:site_name\" content=\"Mus\u00e9e du Circuit de Spa Francorchamps \u00e0 Stavelot | Abbaye de Stavelot\" \/>\n<meta property=\"article:publisher\" content=\"https:\/\/www.facebook.com\/museecircuitspafrancorchamps\" \/>\n<meta property=\"article:modified_time\" content=\"2022-12-30T12:19:54+00:00\" \/>\n<meta name=\"twitter:card\" content=\"summary_large_image\" \/>\n<meta name=\"twitter:label1\" content=\"Est. reading time\" \/>\n\t<meta name=\"twitter:data1\" content=\"8 minutes\" \/>\n<script type=\"application\/ld+json\" class=\"yoast-schema-graph\">{\"@context\":\"https:\\\/\\\/schema.org\",\"@graph\":[{\"@type\":\"WebPage\",\"@id\":\"https:\\\/\\\/musee-circuit.be\\\/en\\\/the-simulator\\\/\",\"url\":\"https:\\\/\\\/musee-circuit.be\\\/en\\\/the-simulator\\\/\",\"name\":\"The Simulator - Mus\u00e9e du Circuit de Spa Francorchamps \u00e0 Stavelot | Abbaye de Stavelot\",\"isPartOf\":{\"@id\":\"https:\\\/\\\/musee-circuit.be\\\/en\\\/homepage\\\/#website\"},\"datePublished\":\"2020-01-22T23:32:48+00:00\",\"dateModified\":\"2022-12-30T12:19:54+00:00\",\"breadcrumb\":{\"@id\":\"https:\\\/\\\/musee-circuit.be\\\/en\\\/the-simulator\\\/#breadcrumb\"},\"inLanguage\":\"en-US\",\"potentialAction\":[{\"@type\":\"ReadAction\",\"target\":[\"https:\\\/\\\/musee-circuit.be\\\/en\\\/the-simulator\\\/\"]}]},{\"@type\":\"BreadcrumbList\",\"@id\":\"https:\\\/\\\/musee-circuit.be\\\/en\\\/the-simulator\\\/#breadcrumb\",\"itemListElement\":[{\"@type\":\"ListItem\",\"position\":1,\"name\":\"Accueil\",\"item\":\"https:\\\/\\\/musee-circuit.be\\\/en\\\/homepage-2\\\/\"},{\"@type\":\"ListItem\",\"position\":2,\"name\":\"The Simulator\"}]},{\"@type\":\"WebSite\",\"@id\":\"https:\\\/\\\/musee-circuit.be\\\/en\\\/homepage\\\/#website\",\"url\":\"https:\\\/\\\/musee-circuit.be\\\/en\\\/homepage\\\/\",\"name\":\"Mus\u00e9e du Circuit de Spa Francorchamps \u00e0 Stavelot | Abbaye de Stavelot\",\"description\":\"Mus\u00e9e du Circuit de Spa Francorchamps \u00e0 Stavelot | Abbaye de Stavelot\",\"publisher\":{\"@id\":\"https:\\\/\\\/musee-circuit.be\\\/en\\\/homepage\\\/#organization\"},\"potentialAction\":[{\"@type\":\"SearchAction\",\"target\":{\"@type\":\"EntryPoint\",\"urlTemplate\":\"https:\\\/\\\/musee-circuit.be\\\/en\\\/homepage\\\/?s={search_term_string}\"},\"query-input\":{\"@type\":\"PropertyValueSpecification\",\"valueRequired\":true,\"valueName\":\"search_term_string\"}}],\"inLanguage\":\"en-US\"},{\"@type\":\"Organization\",\"@id\":\"https:\\\/\\\/musee-circuit.be\\\/en\\\/homepage\\\/#organization\",\"name\":\"Mus\u00e9e Du Circuit de Spa-Francorchamps\",\"url\":\"https:\\\/\\\/musee-circuit.be\\\/en\\\/homepage\\\/\",\"logo\":{\"@type\":\"ImageObject\",\"inLanguage\":\"en-US\",\"@id\":\"https:\\\/\\\/musee-circuit.be\\\/en\\\/homepage\\\/#\\\/schema\\\/logo\\\/image\\\/\",\"url\":\"https:\\\/\\\/musee-circuit.be\\\/wp-content\\\/uploads\\\/2021\\\/07\\\/logo-noir.png\",\"contentUrl\":\"https:\\\/\\\/musee-circuit.be\\\/wp-content\\\/uploads\\\/2021\\\/07\\\/logo-noir.png\",\"width\":939,\"height\":400,\"caption\":\"Mus\u00e9e Du Circuit de Spa-Francorchamps\"},\"image\":{\"@id\":\"https:\\\/\\\/musee-circuit.be\\\/en\\\/homepage\\\/#\\\/schema\\\/logo\\\/image\\\/\"},\"sameAs\":[\"https:\\\/\\\/www.facebook.com\\\/museecircuitspafrancorchamps\"]}]}<\/script>\n<!-- \/ Yoast SEO plugin. -->","yoast_head_json":{"title":"The Simulator - Mus\u00e9e du Circuit de Spa Francorchamps \u00e0 Stavelot | Abbaye de Stavelot","robots":{"index":"index","follow":"follow","max-snippet":"max-snippet:-1","max-image-preview":"max-image-preview:large","max-video-preview":"max-video-preview:-1"},"canonical":"https:\/\/musee-circuit.be\/en\/the-simulator\/","og_locale":"en_US","og_type":"article","og_title":"The Simulator - Mus\u00e9e du Circuit de Spa Francorchamps \u00e0 Stavelot | Abbaye de Stavelot","og_description":"THE SIMULATOR Live a unique experience on our car simulator. Discover or rediscover the Circuit de Spa-Francorchamps from the driver\u2019s side. Features Our simulator is equipped with 3 Full HD screens and the Asseto Corsa game. With its force feedback steering wheel and vibrating pedals, it will make you feel like you are in a [&hellip;]","og_url":"https:\/\/musee-circuit.be\/en\/the-simulator\/","og_site_name":"Mus\u00e9e du Circuit de Spa Francorchamps \u00e0 Stavelot | Abbaye de Stavelot","article_publisher":"https:\/\/www.facebook.com\/museecircuitspafrancorchamps","article_modified_time":"2022-12-30T12:19:54+00:00","twitter_card":"summary_large_image","twitter_misc":{"Est. reading time":"8 minutes"},"schema":{"@context":"https:\/\/schema.org","@graph":[{"@type":"WebPage","@id":"https:\/\/musee-circuit.be\/en\/the-simulator\/","url":"https:\/\/musee-circuit.be\/en\/the-simulator\/","name":"The Simulator - Mus\u00e9e du Circuit de Spa Francorchamps \u00e0 Stavelot | Abbaye de Stavelot","isPartOf":{"@id":"https:\/\/musee-circuit.be\/en\/homepage\/#website"},"datePublished":"2020-01-22T23:32:48+00:00","dateModified":"2022-12-30T12:19:54+00:00","breadcrumb":{"@id":"https:\/\/musee-circuit.be\/en\/the-simulator\/#breadcrumb"},"inLanguage":"en-US","potentialAction":[{"@type":"ReadAction","target":["https:\/\/musee-circuit.be\/en\/the-simulator\/"]}]},{"@type":"BreadcrumbList","@id":"https:\/\/musee-circuit.be\/en\/the-simulator\/#breadcrumb","itemListElement":[{"@type":"ListItem","position":1,"name":"Accueil","item":"https:\/\/musee-circuit.be\/en\/homepage-2\/"},{"@type":"ListItem","position":2,"name":"The Simulator"}]},{"@type":"WebSite","@id":"https:\/\/musee-circuit.be\/en\/homepage\/#website","url":"https:\/\/musee-circuit.be\/en\/homepage\/","name":"Mus\u00e9e du Circuit de Spa Francorchamps \u00e0 Stavelot | Abbaye de Stavelot","description":"Mus\u00e9e du Circuit de Spa Francorchamps \u00e0 Stavelot | Abbaye de Stavelot","publisher":{"@id":"https:\/\/musee-circuit.be\/en\/homepage\/#organization"},"potentialAction":[{"@type":"SearchAction","target":{"@type":"EntryPoint","urlTemplate":"https:\/\/musee-circuit.be\/en\/homepage\/?s={search_term_string}"},"query-input":{"@type":"PropertyValueSpecification","valueRequired":true,"valueName":"search_term_string"}}],"inLanguage":"en-US"},{"@type":"Organization","@id":"https:\/\/musee-circuit.be\/en\/homepage\/#organization","name":"Mus\u00e9e Du Circuit de Spa-Francorchamps","url":"https:\/\/musee-circuit.be\/en\/homepage\/","logo":{"@type":"ImageObject","inLanguage":"en-US","@id":"https:\/\/musee-circuit.be\/en\/homepage\/#\/schema\/logo\/image\/","url":"https:\/\/musee-circuit.be\/wp-content\/uploads\/2021\/07\/logo-noir.png","contentUrl":"https:\/\/musee-circuit.be\/wp-content\/uploads\/2021\/07\/logo-noir.png","width":939,"height":400,"caption":"Mus\u00e9e Du Circuit de Spa-Francorchamps"},"image":{"@id":"https:\/\/musee-circuit.be\/en\/homepage\/#\/schema\/logo\/image\/"},"sameAs":["https:\/\/www.facebook.com\/museecircuitspafrancorchamps"]}]}},"_links":{"self":[{"href":"https:\/\/musee-circuit.be\/en\/wp-json\/wp\/v2\/pages\/30312","targetHints":{"allow":["GET"]}}],"collection":[{"href":"https:\/\/musee-circuit.be\/en\/wp-json\/wp\/v2\/pages"}],"about":[{"href":"https:\/\/musee-circuit.be\/en\/wp-json\/wp\/v2\/types\/page"}],"author":[{"embeddable":true,"href":"https:\/\/musee-circuit.be\/en\/wp-json\/wp\/v2\/users\/1"}],"replies":[{"embeddable":true,"href":"https:\/\/musee-circuit.be\/en\/wp-json\/wp\/v2\/comments?post=30312"}],"version-history":[{"count":6,"href":"https:\/\/musee-circuit.be\/en\/wp-json\/wp\/v2\/pages\/30312\/revisions"}],"predecessor-version":[{"id":30546,"href":"https:\/\/musee-circuit.be\/en\/wp-json\/wp\/v2\/pages\/30312\/revisions\/30546"}],"wp:attachment":[{"href":"https:\/\/musee-circuit.be\/en\/wp-json\/wp\/v2\/media?parent=30312"}],"curies":[{"name":"wp","href":"https:\/\/api.w.org\/{rel}","templated":true}]}}