{"id":30301,"date":"2020-03-19T21:38:15","date_gmt":"2020-03-19T20:38:15","guid":{"rendered":"https:\/\/musee-circuit.be\/practical-information\/"},"modified":"2023-10-26T13:53:05","modified_gmt":"2023-10-26T11:53:05","slug":"practical-information","status":"publish","type":"page","link":"https:\/\/musee-circuit.be\/en\/practical-information\/","title":{"rendered":"Practical information"},"content":{"rendered":"<p>[et_pb_section fb_built=&#8221;1&#8243; _builder_version=&#8221;4.16&#8243; global_colors_info=&#8221;{}&#8221;][et_pb_row _builder_version=&#8221;4.16&#8243; background_color=&#8221;#ffffff&#8221; custom_margin=&#8221;50px||||false|false&#8221; custom_padding=&#8221;0px||4px|||&#8221; box_shadow_style=&#8221;preset1&#8243; global_colors_info=&#8221;{}&#8221;][et_pb_column type=&#8221;4_4&#8243; _builder_version=&#8221;4.16&#8243; global_colors_info=&#8221;{}&#8221;][et_pb_text _builder_version=&#8221;4.22.2&#8243; text_font=&#8221;Open Sans||||||||&#8221; text_line_height=&#8221;1.8em&#8221; header_font=&#8221;||||||||&#8221; header_2_font=&#8221;Squada One||||||||&#8221; header_2_font_size=&#8221;40px&#8221; background_color=&#8221;#ffffff&#8221; width=&#8221;100%&#8221; custom_margin=&#8221;|391px|0px|||&#8221; custom_padding=&#8221;5px|24px|5px|24px|true|true&#8221; animation_direction=&#8221;bottom&#8221; hover_enabled=&#8221;0&#8243; header_2_font_size_tablet=&#8221;35px&#8221; header_2_font_size_phone=&#8221;25px&#8221; header_2_font_size_last_edited=&#8221;on|desktop&#8221; border_color_all=&#8221;#e02b20&#8243; border_width_top=&#8221;8px&#8221; box_shadow_style=&#8221;preset1&#8243; box_shadow_blur=&#8221;100px&#8221; box_shadow_color=&#8221;rgba(0,0,0,0.1)&#8221; global_colors_info=&#8221;{}&#8221; sticky_enabled=&#8221;0&#8243;]<\/p>\n<h2>Schedule<\/h2>\n<p><strong>For opening times of the spa-francorchamps circuit museum, visit the website of the<span style=\"text-decoration: underline;\"><br \/>\n  <a href=\"https:\/\/www.abbayedestavelot.be\/preparer-ma-visite\/horaire-acces\/\" target=\"_blank\" rel=\"noopener\">abbey of Stavelot<\/a><br \/>\n<\/span><\/strong><\/p>\n<p>&nbsp;<\/p>\n<p>[\/et_pb_text][\/et_pb_column][\/et_pb_row][et_pb_row _builder_version=&#8221;4.16&#8243; background_color=&#8221;#ffffff&#8221; custom_margin=&#8221;50px||||false|false&#8221; custom_padding=&#8221;0px|||||&#8221; box_shadow_style=&#8221;preset1&#8243; global_colors_info=&#8221;{}&#8221;][et_pb_column type=&#8221;4_4&#8243; _builder_version=&#8221;4.16&#8243; global_colors_info=&#8221;{}&#8221;][et_pb_text _builder_version=&#8221;4.19.1&#8243; text_font=&#8221;Open Sans||||||||&#8221; text_line_height=&#8221;1.8em&#8221; header_font=&#8221;||||||||&#8221; header_2_font=&#8221;Squada One||||||||&#8221; header_2_font_size=&#8221;40px&#8221; background_color=&#8221;#ffffff&#8221; width=&#8221;100%&#8221; custom_margin=&#8221;|391px|0px|||&#8221; custom_padding=&#8221;5px|24px|5px|24px|true|true&#8221; animation_direction=&#8221;bottom&#8221; header_2_font_size_tablet=&#8221;35px&#8221; header_2_font_size_phone=&#8221;25px&#8221; header_2_font_size_last_edited=&#8221;on|desktop&#8221; border_color_all=&#8221;#e02b20&#8243; border_width_top=&#8221;8px&#8221; box_shadow_style=&#8221;preset1&#8243; box_shadow_blur=&#8221;100px&#8221; box_shadow_color=&#8221;rgba(0,0,0,0.1)&#8221; global_colors_info=&#8221;{}&#8221;]<\/p>\n<h2>Prices<\/h2>\n<p>[\/et_pb_text][et_pb_text _builder_version=&#8221;4.16&#8243; text_font=&#8221;||||||||&#8221; text_font_size=&#8221;16px&#8221; background_color=&#8221;#ffffff&#8221; custom_margin=&#8221;||0px||false|false&#8221; custom_padding=&#8221;|||25px|false|false&#8221; global_colors_info=&#8221;{}&#8221;]<\/p>\n<h3 class=\"visite-titre\">All-in visit<\/h3>\n<p>Visit of our 3 Museums and the temporary exhibition.<\/p>\n<table border=\"1\" style=\"width: 100%; border-collapse: collapse; border-style: solid; margin-left: auto; margin-right: auto;\">\n<tbody>\n<tr>\n<td style=\"width: 99.9999%; text-align: center;\" colspan=\"3\"><strong>Standard price<\/strong><br \/><strong>11,00 \u20ac<\/strong><\/td>\n<\/tr>\n<tr>\n<td style=\"width: 33.3333%; text-align: center;\"><strong>0 &#8211; 6 years<\/strong><br \/><strong>FREE<\/strong><\/td>\n<td style=\"width: 33.3333%; text-align: center;\"><strong>6 &#8211; 18 years<\/strong><br \/><strong>9,50 \u20ac<\/strong><\/td>\n<td style=\"width: 33.3333%; text-align: center;\"><strong>65+ years<\/strong><br \/><strong>9,50 \u20ac<\/strong><\/td>\n<\/tr>\n<\/tbody>\n<\/table>\n<h3>Length of tour:<\/h3>\n<p>Historical Museum of the Principality of Stavelot-Malmedy: 1 1\/2 hours to 2 hours<br \/>Spa-Francorchamps Racetrack Museum: 30 min. to 1 hour<br \/>Guillaume Apollinaire Museum: 30 min. to 1 hour<\/p>\n<p>More informations : <a href=\"https:\/\/www.abbayedestavelot.be\/\">https:\/\/www.abbayedestavelot.be\/<\/a><br \/>Buy tickets online at <a href=\"https:\/\/reservation.elloha.com\/?idPublication=d1d71d4c-086b-4b10-855c-3b9f078cd4f9&amp;idoi=9af9be28-61a9-4cf2-9d25-031c2049ca94&amp;idPrestation=912f1af0-0220-482c-b017-42a3bb46a0ee&amp;culture=fr-FR&amp;searchFirstAvailableDates=1\">Elloha.com<\/a><\/p>\n<p>&nbsp;<\/p>\n<p>[\/et_pb_text][\/et_pb_column][\/et_pb_row][et_pb_row _builder_version=&#8221;4.16&#8243; background_color=&#8221;#ffffff&#8221; custom_margin=&#8221;50px||||false|false&#8221; custom_padding=&#8221;0px|||||&#8221; box_shadow_style=&#8221;preset1&#8243; global_colors_info=&#8221;{}&#8221;][et_pb_column type=&#8221;4_4&#8243; _builder_version=&#8221;4.16&#8243; global_colors_info=&#8221;{}&#8221;][et_pb_text _builder_version=&#8221;4.19.1&#8243; text_font=&#8221;Open Sans||||||||&#8221; text_line_height=&#8221;1.8em&#8221; header_font=&#8221;||||||||&#8221; header_2_font=&#8221;Squada One||||||||&#8221; header_2_font_size=&#8221;40px&#8221; background_color=&#8221;#ffffff&#8221; width=&#8221;100%&#8221; custom_margin=&#8221;|391px|0px|||&#8221; custom_padding=&#8221;5px|24px|5px|24px|true|true&#8221; animation_direction=&#8221;bottom&#8221; header_2_font_size_tablet=&#8221;35px&#8221; header_2_font_size_phone=&#8221;25px&#8221; header_2_font_size_last_edited=&#8221;on|desktop&#8221; border_color_all=&#8221;#e02b20&#8243; border_width_top=&#8221;8px&#8221; box_shadow_style=&#8221;preset1&#8243; box_shadow_blur=&#8221;100px&#8221; box_shadow_color=&#8221;rgba(0,0,0,0.1)&#8221; global_colors_info=&#8221;{}&#8221;]<\/p>\n<h2>Parking and Map<\/h2>\n<p>Download <a href=\"abbayedestavelot.be\/wp-content\/uploads\/2021\/11\/plan_des_parking.pdf\" target=\"_blank\" rel=\"noopener\">the parking map<\/a><\/p>\n<p>[\/et_pb_text][et_pb_image src=&#8221;https:\/\/www.abbayedestavelot.be\/wp-content\/uploads\/2021\/11\/0001-scaled.jpg&#8221; _builder_version=&#8221;4.19.1&#8243; _module_preset=&#8221;default&#8221; global_colors_info=&#8221;{}&#8221;][\/et_pb_image][\/et_pb_column][\/et_pb_row][et_pb_row _builder_version=&#8221;4.16&#8243; background_color=&#8221;#ffffff&#8221; custom_margin=&#8221;50px||||false|false&#8221; custom_padding=&#8221;0px|||||&#8221; box_shadow_style=&#8221;preset1&#8243; global_colors_info=&#8221;{}&#8221;][et_pb_column type=&#8221;4_4&#8243; _builder_version=&#8221;4.16&#8243; global_colors_info=&#8221;{}&#8221;][et_pb_text _builder_version=&#8221;4.19.1&#8243; text_font=&#8221;Open Sans||||||||&#8221; text_line_height=&#8221;1.8em&#8221; header_font=&#8221;||||||||&#8221; header_2_font=&#8221;Squada One||||||||&#8221; header_2_font_size=&#8221;40px&#8221; background_color=&#8221;#ffffff&#8221; width=&#8221;100%&#8221; custom_margin=&#8221;|391px|0px|||&#8221; custom_padding=&#8221;5px|24px|5px|24px|true|true&#8221; animation_direction=&#8221;bottom&#8221; header_2_font_size_tablet=&#8221;35px&#8221; header_2_font_size_phone=&#8221;25px&#8221; header_2_font_size_last_edited=&#8221;on|desktop&#8221; border_color_all=&#8221;#e02b20&#8243; border_width_top=&#8221;8px&#8221; box_shadow_style=&#8221;preset1&#8243; box_shadow_blur=&#8221;100px&#8221; box_shadow_color=&#8221;rgba(0,0,0,0.1)&#8221; global_colors_info=&#8221;{}&#8221;]<\/p>\n<h2>Additional information<\/h2>\n<p>Find more information on access, opening hours and provisions for people with reduced mobility <a href=\"https:\/\/www.abbayedestavelot.be\/preparer-ma-visite\/horaire-acces\/\">on the website of the abbey of Stavelot<\/a><\/p>\n<p>[\/et_pb_text][\/et_pb_column][\/et_pb_row][\/et_pb_section]<\/p>\n","protected":false},"excerpt":{"rendered":"<p>Schedule For opening times of the spa-francorchamps circuit museum, visit the website of the abbey of Stavelot &nbsp;PricesAll-in visit Visit of our 3 Museums and the temporary exhibition. Standard price11,00 \u20ac 0 &#8211; 6 yearsFREE 6 &#8211; 18 years9,50 \u20ac 65+ years9,50 \u20ac Length of tour: Historical Museum of the Principality of Stavelot-Malmedy: 1 1\/2 [&hellip;]<\/p>\n","protected":false},"author":1,"featured_media":0,"parent":0,"menu_order":0,"comment_status":"closed","ping_status":"closed","template":"","meta":{"_et_pb_use_builder":"on","_et_pb_old_content":"","_et_gb_content_width":"","footnotes":""},"class_list":["post-30301","page","type-page","status-publish","hentry"],"yoast_head":"<!-- This site is optimized with the Yoast SEO plugin v25.4 - https:\/\/yoast.com\/wordpress\/plugins\/seo\/ -->\n<title>Practical information - Mus\u00e9e du Circuit de Spa Francorchamps \u00e0 Stavelot | Abbaye de Stavelot<\/title>\n<meta name=\"robots\" content=\"index, follow, max-snippet:-1, max-image-preview:large, max-video-preview:-1\" \/>\n<link rel=\"canonical\" href=\"https:\/\/musee-circuit.be\/en\/practical-information\/\" \/>\n<meta property=\"og:locale\" content=\"en_US\" \/>\n<meta property=\"og:type\" content=\"article\" \/>\n<meta property=\"og:title\" content=\"Practical information - Mus\u00e9e du Circuit de Spa Francorchamps \u00e0 Stavelot | Abbaye de Stavelot\" \/>\n<meta property=\"og:description\" content=\"Schedule For opening times of the spa-francorchamps circuit museum, visit the website of the abbey of Stavelot &nbsp;PricesAll-in visit Visit of our 3 Museums and the temporary exhibition. Standard price11,00 \u20ac 0 - 6 yearsFREE 6 - 18 years9,50 \u20ac 65+ years9,50 \u20ac Length of tour: Historical Museum of the Principality of Stavelot-Malmedy: 1 1\/2 [&hellip;]\" \/>\n<meta property=\"og:url\" content=\"https:\/\/musee-circuit.be\/en\/practical-information\/\" \/>\n<meta property=\"og:site_name\" content=\"Mus\u00e9e du Circuit de Spa Francorchamps \u00e0 Stavelot | Abbaye de Stavelot\" \/>\n<meta property=\"article:publisher\" content=\"https:\/\/www.facebook.com\/museecircuitspafrancorchamps\" \/>\n<meta property=\"article:modified_time\" content=\"2023-10-26T11:53:05+00:00\" \/>\n<meta name=\"twitter:card\" content=\"summary_large_image\" \/>\n<meta name=\"twitter:label1\" content=\"Est. reading time\" \/>\n\t<meta name=\"twitter:data1\" content=\"3 minutes\" \/>\n<script type=\"application\/ld+json\" class=\"yoast-schema-graph\">{\"@context\":\"https:\/\/schema.org\",\"@graph\":[{\"@type\":\"WebPage\",\"@id\":\"https:\/\/musee-circuit.be\/en\/practical-information\/\",\"url\":\"https:\/\/musee-circuit.be\/en\/practical-information\/\",\"name\":\"Practical information - Mus\u00e9e du Circuit de Spa Francorchamps \u00e0 Stavelot | Abbaye de Stavelot\",\"isPartOf\":{\"@id\":\"https:\/\/musee-circuit.be\/en\/homepage\/#website\"},\"datePublished\":\"2020-03-19T20:38:15+00:00\",\"dateModified\":\"2023-10-26T11:53:05+00:00\",\"breadcrumb\":{\"@id\":\"https:\/\/musee-circuit.be\/en\/practical-information\/#breadcrumb\"},\"inLanguage\":\"en-US\",\"potentialAction\":[{\"@type\":\"ReadAction\",\"target\":[\"https:\/\/musee-circuit.be\/en\/practical-information\/\"]}]},{\"@type\":\"BreadcrumbList\",\"@id\":\"https:\/\/musee-circuit.be\/en\/practical-information\/#breadcrumb\",\"itemListElement\":[{\"@type\":\"ListItem\",\"position\":1,\"name\":\"Accueil\",\"item\":\"https:\/\/musee-circuit.be\/en\/homepage-2\/\"},{\"@type\":\"ListItem\",\"position\":2,\"name\":\"Practical information\"}]},{\"@type\":\"WebSite\",\"@id\":\"https:\/\/musee-circuit.be\/en\/homepage\/#website\",\"url\":\"https:\/\/musee-circuit.be\/en\/homepage\/\",\"name\":\"Mus\u00e9e du Circuit de Spa Francorchamps \u00e0 Stavelot | Abbaye de Stavelot\",\"description\":\"Mus\u00e9e du Circuit de Spa Francorchamps \u00e0 Stavelot | Abbaye de Stavelot\",\"publisher\":{\"@id\":\"https:\/\/musee-circuit.be\/en\/homepage\/#organization\"},\"potentialAction\":[{\"@type\":\"SearchAction\",\"target\":{\"@type\":\"EntryPoint\",\"urlTemplate\":\"https:\/\/musee-circuit.be\/en\/homepage\/?s={search_term_string}\"},\"query-input\":{\"@type\":\"PropertyValueSpecification\",\"valueRequired\":true,\"valueName\":\"search_term_string\"}}],\"inLanguage\":\"en-US\"},{\"@type\":\"Organization\",\"@id\":\"https:\/\/musee-circuit.be\/en\/homepage\/#organization\",\"name\":\"Mus\u00e9e Du Circuit de Spa-Francorchamps\",\"url\":\"https:\/\/musee-circuit.be\/en\/homepage\/\",\"logo\":{\"@type\":\"ImageObject\",\"inLanguage\":\"en-US\",\"@id\":\"https:\/\/musee-circuit.be\/en\/homepage\/#\/schema\/logo\/image\/\",\"url\":\"https:\/\/musee-circuit.be\/wp-content\/uploads\/2021\/07\/logo-noir.png\",\"contentUrl\":\"https:\/\/musee-circuit.be\/wp-content\/uploads\/2021\/07\/logo-noir.png\",\"width\":939,\"height\":400,\"caption\":\"Mus\u00e9e Du Circuit de Spa-Francorchamps\"},\"image\":{\"@id\":\"https:\/\/musee-circuit.be\/en\/homepage\/#\/schema\/logo\/image\/\"},\"sameAs\":[\"https:\/\/www.facebook.com\/museecircuitspafrancorchamps\"]}]}<\/script>\n<!-- \/ Yoast SEO plugin. -->","yoast_head_json":{"title":"Practical information - Mus\u00e9e du Circuit de Spa Francorchamps \u00e0 Stavelot | Abbaye de Stavelot","robots":{"index":"index","follow":"follow","max-snippet":"max-snippet:-1","max-image-preview":"max-image-preview:large","max-video-preview":"max-video-preview:-1"},"canonical":"https:\/\/musee-circuit.be\/en\/practical-information\/","og_locale":"en_US","og_type":"article","og_title":"Practical information - Mus\u00e9e du Circuit de Spa Francorchamps \u00e0 Stavelot | Abbaye de Stavelot","og_description":"Schedule For opening times of the spa-francorchamps circuit museum, visit the website of the abbey of Stavelot &nbsp;PricesAll-in visit Visit of our 3 Museums and the temporary exhibition. Standard price11,00 \u20ac 0 - 6 yearsFREE 6 - 18 years9,50 \u20ac 65+ years9,50 \u20ac Length of tour: Historical Museum of the Principality of Stavelot-Malmedy: 1 1\/2 [&hellip;]","og_url":"https:\/\/musee-circuit.be\/en\/practical-information\/","og_site_name":"Mus\u00e9e du Circuit de Spa Francorchamps \u00e0 Stavelot | Abbaye de Stavelot","article_publisher":"https:\/\/www.facebook.com\/museecircuitspafrancorchamps","article_modified_time":"2023-10-26T11:53:05+00:00","twitter_card":"summary_large_image","twitter_misc":{"Est. reading time":"3 minutes"},"schema":{"@context":"https:\/\/schema.org","@graph":[{"@type":"WebPage","@id":"https:\/\/musee-circuit.be\/en\/practical-information\/","url":"https:\/\/musee-circuit.be\/en\/practical-information\/","name":"Practical information - Mus\u00e9e du Circuit de Spa Francorchamps \u00e0 Stavelot | Abbaye de Stavelot","isPartOf":{"@id":"https:\/\/musee-circuit.be\/en\/homepage\/#website"},"datePublished":"2020-03-19T20:38:15+00:00","dateModified":"2023-10-26T11:53:05+00:00","breadcrumb":{"@id":"https:\/\/musee-circuit.be\/en\/practical-information\/#breadcrumb"},"inLanguage":"en-US","potentialAction":[{"@type":"ReadAction","target":["https:\/\/musee-circuit.be\/en\/practical-information\/"]}]},{"@type":"BreadcrumbList","@id":"https:\/\/musee-circuit.be\/en\/practical-information\/#breadcrumb","itemListElement":[{"@type":"ListItem","position":1,"name":"Accueil","item":"https:\/\/musee-circuit.be\/en\/homepage-2\/"},{"@type":"ListItem","position":2,"name":"Practical information"}]},{"@type":"WebSite","@id":"https:\/\/musee-circuit.be\/en\/homepage\/#website","url":"https:\/\/musee-circuit.be\/en\/homepage\/","name":"Mus\u00e9e du Circuit de Spa Francorchamps \u00e0 Stavelot | Abbaye de Stavelot","description":"Mus\u00e9e du Circuit de Spa Francorchamps \u00e0 Stavelot | Abbaye de Stavelot","publisher":{"@id":"https:\/\/musee-circuit.be\/en\/homepage\/#organization"},"potentialAction":[{"@type":"SearchAction","target":{"@type":"EntryPoint","urlTemplate":"https:\/\/musee-circuit.be\/en\/homepage\/?s={search_term_string}"},"query-input":{"@type":"PropertyValueSpecification","valueRequired":true,"valueName":"search_term_string"}}],"inLanguage":"en-US"},{"@type":"Organization","@id":"https:\/\/musee-circuit.be\/en\/homepage\/#organization","name":"Mus\u00e9e Du Circuit de Spa-Francorchamps","url":"https:\/\/musee-circuit.be\/en\/homepage\/","logo":{"@type":"ImageObject","inLanguage":"en-US","@id":"https:\/\/musee-circuit.be\/en\/homepage\/#\/schema\/logo\/image\/","url":"https:\/\/musee-circuit.be\/wp-content\/uploads\/2021\/07\/logo-noir.png","contentUrl":"https:\/\/musee-circuit.be\/wp-content\/uploads\/2021\/07\/logo-noir.png","width":939,"height":400,"caption":"Mus\u00e9e Du Circuit de Spa-Francorchamps"},"image":{"@id":"https:\/\/musee-circuit.be\/en\/homepage\/#\/schema\/logo\/image\/"},"sameAs":["https:\/\/www.facebook.com\/museecircuitspafrancorchamps"]}]}},"_links":{"self":[{"href":"https:\/\/musee-circuit.be\/en\/wp-json\/wp\/v2\/pages\/30301","targetHints":{"allow":["GET"]}}],"collection":[{"href":"https:\/\/musee-circuit.be\/en\/wp-json\/wp\/v2\/pages"}],"about":[{"href":"https:\/\/musee-circuit.be\/en\/wp-json\/wp\/v2\/types\/page"}],"author":[{"embeddable":true,"href":"https:\/\/musee-circuit.be\/en\/wp-json\/wp\/v2\/users\/1"}],"replies":[{"embeddable":true,"href":"https:\/\/musee-circuit.be\/en\/wp-json\/wp\/v2\/comments?post=30301"}],"version-history":[{"count":15,"href":"https:\/\/musee-circuit.be\/en\/wp-json\/wp\/v2\/pages\/30301\/revisions"}],"predecessor-version":[{"id":30640,"href":"https:\/\/musee-circuit.be\/en\/wp-json\/wp\/v2\/pages\/30301\/revisions\/30640"}],"wp:attachment":[{"href":"https:\/\/musee-circuit.be\/en\/wp-json\/wp\/v2\/media?parent=30301"}],"curies":[{"name":"wp","href":"https:\/\/api.w.org\/{rel}","templated":true}]}}