{"id":30343,"date":"2020-01-23T00:32:48","date_gmt":"2020-01-22T23:32:48","guid":{"rendered":"https:\/\/musee-circuit.be\/der-simulator\/"},"modified":"2022-12-30T13:20:36","modified_gmt":"2022-12-30T12:20:36","slug":"der-simulator","status":"publish","type":"page","link":"https:\/\/musee-circuit.be\/de\/der-simulator\/","title":{"rendered":"Der Simulator"},"content":{"rendered":"<p>[et_pb_section fb_built=&#8220;1&#8243; next_background_color=&#8220;#f4f4f4&#8243; admin_label=&#8220;Header&#8220; _builder_version=&#8220;4.16&#8243; use_background_color_gradient=&#8220;on&#8220; background_color_gradient_direction=&#8220;120deg&#8220; background_color_gradient_stops=&#8220;rgba(10,0,0,0.7) 60%|rgba(76,0,12,0.5) 60%&#8220; background_color_gradient_overlays_image=&#8220;on&#8220; background_color_gradient_start=&#8220;rgba(10,0,0,0.7)&#8220; background_color_gradient_start_position=&#8220;60%&#8220; background_color_gradient_end=&#8220;rgba(76,0,12,0.5)&#8220; background_color_gradient_end_position=&#8220;60%&#8220; background_image=&#8220;https:\/\/musee-circuit.be\/wp-content\/uploads\/2020\/03\/DSC_7998-scaled.jpg&#8220; custom_padding=&#8220;0vw|0px|0vw|0px|true|false&#8220; bottom_divider_style=&#8220;mountains2&#8243; bottom_divider_flip=&#8220;horizontal&#8220; global_colors_info=&#8220;{}&#8220;][et_pb_row _builder_version=&#8220;4.16&#8243; min_height=&#8220;227px&#8220; custom_width_px=&#8220;1280px&#8220; global_colors_info=&#8220;{}&#8220;][et_pb_column type=&#8220;4_4&#8243; _builder_version=&#8220;4.16&#8243; custom_padding=&#8220;|||&#8220; global_colors_info=&#8220;{}&#8220; custom_padding__hover=&#8220;|||&#8220;][et_pb_text _builder_version=&#8220;4.16&#8243; text_font=&#8220;Open Sans||||||||&#8220; text_font_size=&#8220;16px&#8220; text_line_height=&#8220;1.8em&#8220; header_font=&#8220;Squada One|||on|||||&#8220; header_font_size=&#8220;60px&#8220; header_letter_spacing=&#8220;1px&#8220; header_line_height=&#8220;1.1em&#8220; background_layout=&#8220;dark&#8220; max_width=&#8220;700px&#8220; animation_style=&#8220;fade&#8220; text_font_size_tablet=&#8220;&#8220; text_font_size_phone=&#8220;&#8220; text_font_size_last_edited=&#8220;on|desktop&#8220; text_line_height_tablet=&#8220;&#8220; text_line_height_phone=&#8220;&#8220; text_line_height_last_edited=&#8220;on|desktop&#8220; header_font_size_tablet=&#8220;&#8220; header_font_size_phone=&#8220;32px&#8220; header_font_size_last_edited=&#8220;on|phone&#8220; global_colors_info=&#8220;{}&#8220;]<\/p>\n<h1>DER SIMULATOR<\/h1>\n<p>Erleben Sie eine einzigartige Erfahrung auf unserem Auto-Simulator. Entdecken oder wiederentdecken Sie den Circuit de Spa-Francorchamps von der Fahrerseite aus. <\/p>\n<p>[\/et_pb_text][\/et_pb_column][\/et_pb_row][\/et_pb_section][et_pb_section fb_built=&#8220;1&#8243; admin_label=&#8220;About Us&#8220; _builder_version=&#8220;4.16&#8243; background_color=&#8220;#f4f4f4&#8243; custom_padding=&#8220;0px|||||&#8220; global_colors_info=&#8220;{}&#8220;][et_pb_row column_structure=&#8220;3_5,2_5&#8243; _builder_version=&#8220;4.16&#8243; global_colors_info=&#8220;{}&#8220;][et_pb_column type=&#8220;3_5&#8243; _builder_version=&#8220;4.16&#8243; custom_padding=&#8220;|||&#8220; global_colors_info=&#8220;{}&#8220; custom_padding__hover=&#8220;|||&#8220;][et_pb_text _builder_version=&#8220;4.16&#8243; text_font=&#8220;Open Sans||||||||&#8220; text_line_height=&#8220;1.8em&#8220; header_font=&#8220;||||||||&#8220; header_2_font=&#8220;Squada One||||||||&#8220; header_2_font_size=&#8220;40px&#8220; custom_margin=&#8220;||0px|&#8220; custom_padding=&#8220;40px||40px||true|false&#8220; header_2_font_size_tablet=&#8220;35px&#8220; header_2_font_size_phone=&#8220;25px&#8220; header_2_font_size_last_edited=&#8220;on|desktop&#8220; border_color_all=&#8220;rgba(0,0,0,0)&#8220; border_width_top=&#8220;8px&#8220; global_colors_info=&#8220;{}&#8220; max_width__hover=&#8220;100%&#8220; max_width__hover_enabled=&#8220;100%&#8220; use_background_color_gradient__hover=&#8220;off&#8220; use_background_color_gradient__hover_enabled=&#8220;off&#8220; background_color_gradient_start__hover=&#8220;#2b87da&#8220; background_color_gradient_start__hover_enabled=&#8220;#2b87da&#8220; background_color_gradient_end__hover=&#8220;#29c4a9&#8243; background_color_gradient_end__hover_enabled=&#8220;#29c4a9&#8243; background_color_gradient_type__hover=&#8220;linear&#8220; background_color_gradient_type__hover_enabled=&#8220;linear&#8220; background_color_gradient_direction__hover=&#8220;180deg&#8220; background_color_gradient_direction__hover_enabled=&#8220;180deg&#8220; background_color_gradient_direction_radial__hover=&#8220;center&#8220; background_color_gradient_direction_radial__hover_enabled=&#8220;center&#8220; background_color_gradient_start_position__hover=&#8220;0%&#8220; background_color_gradient_start_position__hover_enabled=&#8220;0%&#8220; background_color_gradient_end_position__hover=&#8220;100%&#8220; background_color_gradient_end_position__hover_enabled=&#8220;100%&#8220; background_color_gradient_overlays_image__hover=&#8220;off&#8220; background_color_gradient_overlays_image__hover_enabled=&#8220;off&#8220; parallax__hover=&#8220;off&#8220; parallax__hover_enabled=&#8220;off&#8220; parallax_method__hover=&#8220;on&#8220; parallax_method__hover_enabled=&#8220;on&#8220; background_size__hover=&#8220;cover&#8220; background_size__hover_enabled=&#8220;cover&#8220; background_position__hover=&#8220;center&#8220; background_position__hover_enabled=&#8220;center&#8220; background_repeat__hover=&#8220;no-repeat&#8220; background_repeat__hover_enabled=&#8220;no-repeat&#8220; background_blend__hover=&#8220;normal&#8220; background_blend__hover_enabled=&#8220;normal&#8220; allow_player_pause__hover=&#8220;off&#8220; allow_player_pause__hover_enabled=&#8220;off&#8220; background_video_pause_outside_viewport__hover=&#8220;on&#8220; background_video_pause_outside_viewport__hover_enabled=&#8220;on&#8220; box_shadow_style__hover=&#8220;none&#8220; box_shadow_style__hover_enabled=&#8220;none&#8220; box_shadow_color__hover=&#8220;rgba(0,0,0,0.3)&#8220; box_shadow_color__hover_enabled=&#8220;rgba(0,0,0,0.3)&#8220; background_color_gradient_stops__hover=&#8220;#2b87da 0%|#29c4a9 100%&#8220;]<\/p>\n<h2>Merkmale<\/h2>\n<p>Unser Simulator ist mit <strong>3 Full HD-Bildschirmen<\/strong> und dem Asseto Corsa-Spiel ausgestattet. Mit seinem <strong>Force-Feedback-Lenkrad<\/strong> und den <strong>vibrierenden Pedalen<\/strong> wird es Ihnen das Gef\u00fchl geben, an einem Autorennen teilzunehmen. <\/p>\n<p>Das Kernst\u00fcck dieses Simulators ist das Vorhandensein eines Rahmens mit einem <strong>Schalensitz<\/strong> und einem Gestell, das von <strong>4 elektrischen Zylindern<\/strong> angetrieben wird, die den Sitz entsprechend der Strecke und der Bewegung des Fahrzeugs kippen.<\/p>\n<p>[\/et_pb_text][et_pb_text _builder_version=&#8220;4.16&#8243; text_font=&#8220;Open Sans||||||||&#8220; text_line_height=&#8220;1.8em&#8220; header_font=&#8220;||||||||&#8220; header_2_font=&#8220;Squada One||||||||&#8220; header_2_font_size=&#8220;40px&#8220; custom_margin=&#8220;||0px|&#8220; custom_padding=&#8220;40px||40px||true|false&#8220; header_2_font_size_tablet=&#8220;35px&#8220; header_2_font_size_phone=&#8220;25px&#8220; header_2_font_size_last_edited=&#8220;on|desktop&#8220; border_color_all=&#8220;rgba(0,0,0,0)&#8220; border_width_top=&#8220;8px&#8220; global_colors_info=&#8220;{}&#8220; max_width__hover=&#8220;100%&#8220; max_width__hover_enabled=&#8220;100%&#8220; use_background_color_gradient__hover=&#8220;off&#8220; use_background_color_gradient__hover_enabled=&#8220;off&#8220; background_color_gradient_start__hover=&#8220;#2b87da&#8220; background_color_gradient_start__hover_enabled=&#8220;#2b87da&#8220; background_color_gradient_end__hover=&#8220;#29c4a9&#8243; background_color_gradient_end__hover_enabled=&#8220;#29c4a9&#8243; background_color_gradient_type__hover=&#8220;linear&#8220; background_color_gradient_type__hover_enabled=&#8220;linear&#8220; background_color_gradient_direction__hover=&#8220;180deg&#8220; background_color_gradient_direction__hover_enabled=&#8220;180deg&#8220; background_color_gradient_direction_radial__hover=&#8220;center&#8220; background_color_gradient_direction_radial__hover_enabled=&#8220;center&#8220; background_color_gradient_start_position__hover=&#8220;0%&#8220; background_color_gradient_start_position__hover_enabled=&#8220;0%&#8220; background_color_gradient_end_position__hover=&#8220;100%&#8220; background_color_gradient_end_position__hover_enabled=&#8220;100%&#8220; background_color_gradient_overlays_image__hover=&#8220;off&#8220; background_color_gradient_overlays_image__hover_enabled=&#8220;off&#8220; parallax__hover=&#8220;off&#8220; parallax__hover_enabled=&#8220;off&#8220; parallax_method__hover=&#8220;on&#8220; parallax_method__hover_enabled=&#8220;on&#8220; background_size__hover=&#8220;cover&#8220; background_size__hover_enabled=&#8220;cover&#8220; background_position__hover=&#8220;center&#8220; background_position__hover_enabled=&#8220;center&#8220; background_repeat__hover=&#8220;no-repeat&#8220; background_repeat__hover_enabled=&#8220;no-repeat&#8220; background_blend__hover=&#8220;normal&#8220; background_blend__hover_enabled=&#8220;normal&#8220; allow_player_pause__hover=&#8220;off&#8220; allow_player_pause__hover_enabled=&#8220;off&#8220; background_video_pause_outside_viewport__hover=&#8220;on&#8220; background_video_pause_outside_viewport__hover_enabled=&#8220;on&#8220; box_shadow_style__hover=&#8220;none&#8220; box_shadow_style__hover_enabled=&#8220;none&#8220; box_shadow_color__hover=&#8220;rgba(0,0,0,0.3)&#8220; box_shadow_color__hover_enabled=&#8220;rgba(0,0,0,0.3)&#8220; background_color_gradient_stops__hover=&#8220;#2b87da 0%|#29c4a9 100%&#8220;]<\/p>\n<h2>Zugang<\/h2>\n<p>Unser Simulator ist <span>von <strong>Montag bis Freitag von 10:00 bis 12:00 Uhr<\/strong> und <strong>von 14:00 bis 16:00 Uhr<\/strong> zug\u00e4nglich.<\/span><br \/><strong>Samstags von 13:30 bis 17:00 Uhr.<\/strong> Die \u00d6ffnungszeiten k\u00f6nnen je nach Verf\u00fcgbarkeit eines Operators variieren.<\/p>\n<p>Die \u00d6ffnungszeiten werden t\u00e4glich an der Rezeption der Abtei ausgeh\u00e4ngt. Wenn Sie sicher sein wollen, dass der Simulator ge\u00f6ffnet ist, rufen Sie bitte die Rezeption an: <strong>+32 (0)80 88 08 78<\/strong><\/p>\n<p>Zu Ihrer Sicherheit m\u00fcssen Sie <strong>mindestens 1,60 Meter gro\u00df sein<\/strong><\/p>\n<p>[\/et_pb_text][et_pb_text _builder_version=&#8220;4.16&#8243; text_font=&#8220;Open Sans||||||||&#8220; text_line_height=&#8220;1.8em&#8220; header_font=&#8220;||||||||&#8220; header_2_font=&#8220;Squada One||||||||&#8220; header_2_font_size=&#8220;40px&#8220; custom_margin=&#8220;||0px|&#8220; custom_padding=&#8220;40px||40px||true|false&#8220; header_2_font_size_tablet=&#8220;35px&#8220; header_2_font_size_phone=&#8220;25px&#8220; header_2_font_size_last_edited=&#8220;on|desktop&#8220; border_color_all=&#8220;rgba(0,0,0,0)&#8220; border_width_top=&#8220;8px&#8220; global_colors_info=&#8220;{}&#8220; max_width__hover=&#8220;100%&#8220; max_width__hover_enabled=&#8220;100%&#8220; use_background_color_gradient__hover=&#8220;off&#8220; use_background_color_gradient__hover_enabled=&#8220;off&#8220; background_color_gradient_start__hover=&#8220;#2b87da&#8220; background_color_gradient_start__hover_enabled=&#8220;#2b87da&#8220; background_color_gradient_end__hover=&#8220;#29c4a9&#8243; background_color_gradient_end__hover_enabled=&#8220;#29c4a9&#8243; background_color_gradient_type__hover=&#8220;linear&#8220; background_color_gradient_type__hover_enabled=&#8220;linear&#8220; background_color_gradient_direction__hover=&#8220;180deg&#8220; background_color_gradient_direction__hover_enabled=&#8220;180deg&#8220; background_color_gradient_direction_radial__hover=&#8220;center&#8220; background_color_gradient_direction_radial__hover_enabled=&#8220;center&#8220; background_color_gradient_start_position__hover=&#8220;0%&#8220; background_color_gradient_start_position__hover_enabled=&#8220;0%&#8220; background_color_gradient_end_position__hover=&#8220;100%&#8220; background_color_gradient_end_position__hover_enabled=&#8220;100%&#8220; background_color_gradient_overlays_image__hover=&#8220;off&#8220; background_color_gradient_overlays_image__hover_enabled=&#8220;off&#8220; parallax__hover=&#8220;off&#8220; parallax__hover_enabled=&#8220;off&#8220; parallax_method__hover=&#8220;on&#8220; parallax_method__hover_enabled=&#8220;on&#8220; background_size__hover=&#8220;cover&#8220; background_size__hover_enabled=&#8220;cover&#8220; background_position__hover=&#8220;center&#8220; background_position__hover_enabled=&#8220;center&#8220; background_repeat__hover=&#8220;no-repeat&#8220; background_repeat__hover_enabled=&#8220;no-repeat&#8220; background_blend__hover=&#8220;normal&#8220; background_blend__hover_enabled=&#8220;normal&#8220; allow_player_pause__hover=&#8220;off&#8220; allow_player_pause__hover_enabled=&#8220;off&#8220; background_video_pause_outside_viewport__hover=&#8220;on&#8220; background_video_pause_outside_viewport__hover_enabled=&#8220;on&#8220; box_shadow_style__hover=&#8220;none&#8220; box_shadow_style__hover_enabled=&#8220;none&#8220; box_shadow_color__hover=&#8220;rgba(0,0,0,0.3)&#8220; box_shadow_color__hover_enabled=&#8220;rgba(0,0,0,0.3)&#8220; background_color_gradient_stops__hover=&#8220;#2b87da 0%|#29c4a9 100%&#8220;]<\/p>\n<h2>Preis<\/h2>\n<p>9\u20ac pro Person und pro 15 min.<br \/>Mit Reservierung unter <strong>+32 (0)80 88 08 78<\/strong><\/p>\n<p>[\/et_pb_text][\/et_pb_column][et_pb_column type=&#8220;2_5&#8243; _builder_version=&#8220;4.16&#8243; custom_padding=&#8220;|||&#8220; global_colors_info=&#8220;{}&#8220; custom_padding__hover=&#8220;|||&#8220;][et_pb_image src=&#8220;https:\/\/musee-circuit.be\/wp-content\/uploads\/2020\/03\/DSC_7997-scaled.jpg&#8220; _builder_version=&#8220;4.16&#8243; border_width_top=&#8220;8px&#8220; border_color_top=&#8220;#e02b20&#8243; global_colors_info=&#8220;{}&#8220;][\/et_pb_image][\/et_pb_column][\/et_pb_row][et_pb_row _builder_version=&#8220;4.19.1&#8243; _module_preset=&#8220;default&#8220; custom_padding=&#8220;0px|||||&#8220; global_colors_info=&#8220;{}&#8220;][et_pb_column type=&#8220;4_4&#8243; _builder_version=&#8220;4.19.1&#8243; _module_preset=&#8220;default&#8220; global_colors_info=&#8220;{}&#8220;][et_pb_text _builder_version=&#8220;4.19.1&#8243; _module_preset=&#8220;default&#8220; text_font=&#8220;Open Sans||||||||&#8220; text_line_height=&#8220;1.8em&#8220; header_font=&#8220;||||||||&#8220; header_2_font=&#8220;Squada One||||||||&#8220; header_2_font_size=&#8220;40px&#8220; custom_margin=&#8220;||0px|&#8220; custom_padding=&#8220;40px||40px||true|false&#8220; header_2_font_size_tablet=&#8220;35px&#8220; header_2_font_size_phone=&#8220;25px&#8220; header_2_font_size_last_edited=&#8220;on|desktop&#8220; border_color_all=&#8220;rgba(0,0,0,0)&#8220; border_width_top=&#8220;8px&#8220; global_colors_info=&#8220;{}&#8220;]<\/p>\n<h2>Ranking<\/h2>\n<p><a href=\"https:\/\/simulator.musee-circuit.be\/\" target=\"_blank\" rel=\"noopener\" title=\"Ranking\">Die Rangliste online<\/a> ansehen<\/p>\n<p>[\/et_pb_text][et_pb_code _builder_version=&#8220;4.19.1&#8243; _module_preset=&#8220;default&#8220; global_colors_info=&#8220;{}&#8220;]<iframe data-src=\"https:\/\/simulator.musee-circuit.be\/\" frameorder=\"1\" scrolling=\"yes\" width=\"1024\" height=\"1024\" src=\"data:image\/svg+xml;base64,PHN2ZyB3aWR0aD0iMSIgaGVpZ2h0PSIxIiB4bWxucz0iaHR0cDovL3d3dy53My5vcmcvMjAwMC9zdmciPjwvc3ZnPg==\" class=\"lazyload\" data-load-mode=\"1\"><\/iframe>[\/et_pb_code][\/et_pb_column][\/et_pb_row][\/et_pb_section]<\/p>\n","protected":false},"excerpt":{"rendered":"<p>DER SIMULATOR Erleben Sie eine einzigartige Erfahrung auf unserem Auto-Simulator. Entdecken oder wiederentdecken Sie den Circuit de Spa-Francorchamps von der Fahrerseite aus. Merkmale Unser Simulator ist mit 3 Full HD-Bildschirmen und dem Asseto Corsa-Spiel ausgestattet. Mit seinem Force-Feedback-Lenkrad und den vibrierenden Pedalen wird es Ihnen das Gef\u00fchl geben, an einem Autorennen teilzunehmen. Das Kernst\u00fcck dieses [&hellip;]<\/p>\n","protected":false},"author":1,"featured_media":0,"parent":0,"menu_order":0,"comment_status":"closed","ping_status":"closed","template":"","meta":{"_et_pb_use_builder":"on","_et_pb_old_content":"","_et_gb_content_width":"","footnotes":""},"class_list":["post-30343","page","type-page","status-publish","hentry"],"yoast_head":"<!-- This site is optimized with the Yoast SEO plugin v25.4 - https:\/\/yoast.com\/wordpress\/plugins\/seo\/ -->\n<title>Der Simulator - Mus\u00e9e du Circuit de Spa Francorchamps \u00e0 Stavelot | Abbaye de Stavelot<\/title>\n<meta name=\"robots\" content=\"index, follow, max-snippet:-1, max-image-preview:large, max-video-preview:-1\" \/>\n<link rel=\"canonical\" href=\"https:\/\/musee-circuit.be\/de\/der-simulator\/\" \/>\n<meta property=\"og:locale\" content=\"de_DE\" \/>\n<meta property=\"og:type\" content=\"article\" \/>\n<meta property=\"og:title\" content=\"Der Simulator - Mus\u00e9e du Circuit de Spa Francorchamps \u00e0 Stavelot | Abbaye de Stavelot\" \/>\n<meta property=\"og:description\" content=\"DER SIMULATOR Erleben Sie eine einzigartige Erfahrung auf unserem Auto-Simulator. Entdecken oder wiederentdecken Sie den Circuit de Spa-Francorchamps von der Fahrerseite aus. Merkmale Unser Simulator ist mit 3 Full HD-Bildschirmen und dem Asseto Corsa-Spiel ausgestattet. Mit seinem Force-Feedback-Lenkrad und den vibrierenden Pedalen wird es Ihnen das Gef\u00fchl geben, an einem Autorennen teilzunehmen. Das Kernst\u00fcck dieses [&hellip;]\" \/>\n<meta property=\"og:url\" content=\"https:\/\/musee-circuit.be\/de\/der-simulator\/\" \/>\n<meta property=\"og:site_name\" content=\"Mus\u00e9e du Circuit de Spa Francorchamps \u00e0 Stavelot | Abbaye de Stavelot\" \/>\n<meta property=\"article:publisher\" content=\"https:\/\/www.facebook.com\/museecircuitspafrancorchamps\" \/>\n<meta property=\"article:modified_time\" content=\"2022-12-30T12:20:36+00:00\" \/>\n<meta name=\"twitter:card\" content=\"summary_large_image\" \/>\n<meta name=\"twitter:label1\" content=\"Gesch\u00e4tzte Lesezeit\" \/>\n\t<meta name=\"twitter:data1\" content=\"8\u00a0Minuten\" \/>\n<script type=\"application\/ld+json\" class=\"yoast-schema-graph\">{\"@context\":\"https:\/\/schema.org\",\"@graph\":[{\"@type\":\"WebPage\",\"@id\":\"https:\/\/musee-circuit.be\/de\/der-simulator\/\",\"url\":\"https:\/\/musee-circuit.be\/de\/der-simulator\/\",\"name\":\"Der Simulator - Mus\u00e9e du Circuit de Spa Francorchamps \u00e0 Stavelot | Abbaye de Stavelot\",\"isPartOf\":{\"@id\":\"https:\/\/musee-circuit.be\/de\/homepage\/#website\"},\"datePublished\":\"2020-01-22T23:32:48+00:00\",\"dateModified\":\"2022-12-30T12:20:36+00:00\",\"breadcrumb\":{\"@id\":\"https:\/\/musee-circuit.be\/de\/der-simulator\/#breadcrumb\"},\"inLanguage\":\"de\",\"potentialAction\":[{\"@type\":\"ReadAction\",\"target\":[\"https:\/\/musee-circuit.be\/de\/der-simulator\/\"]}]},{\"@type\":\"BreadcrumbList\",\"@id\":\"https:\/\/musee-circuit.be\/de\/der-simulator\/#breadcrumb\",\"itemListElement\":[{\"@type\":\"ListItem\",\"position\":1,\"name\":\"Accueil\",\"item\":\"https:\/\/musee-circuit.be\/de\/startseite-2\/\"},{\"@type\":\"ListItem\",\"position\":2,\"name\":\"Der Simulator\"}]},{\"@type\":\"WebSite\",\"@id\":\"https:\/\/musee-circuit.be\/de\/homepage\/#website\",\"url\":\"https:\/\/musee-circuit.be\/de\/homepage\/\",\"name\":\"Mus\u00e9e du Circuit de Spa Francorchamps \u00e0 Stavelot | Abbaye de Stavelot\",\"description\":\"Mus\u00e9e du Circuit de Spa Francorchamps \u00e0 Stavelot | Abbaye de Stavelot\",\"publisher\":{\"@id\":\"https:\/\/musee-circuit.be\/de\/homepage\/#organization\"},\"potentialAction\":[{\"@type\":\"SearchAction\",\"target\":{\"@type\":\"EntryPoint\",\"urlTemplate\":\"https:\/\/musee-circuit.be\/de\/homepage\/?s={search_term_string}\"},\"query-input\":{\"@type\":\"PropertyValueSpecification\",\"valueRequired\":true,\"valueName\":\"search_term_string\"}}],\"inLanguage\":\"de\"},{\"@type\":\"Organization\",\"@id\":\"https:\/\/musee-circuit.be\/de\/homepage\/#organization\",\"name\":\"Mus\u00e9e Du Circuit de Spa-Francorchamps\",\"url\":\"https:\/\/musee-circuit.be\/de\/homepage\/\",\"logo\":{\"@type\":\"ImageObject\",\"inLanguage\":\"de\",\"@id\":\"https:\/\/musee-circuit.be\/de\/homepage\/#\/schema\/logo\/image\/\",\"url\":\"https:\/\/musee-circuit.be\/wp-content\/uploads\/2021\/07\/logo-noir.png\",\"contentUrl\":\"https:\/\/musee-circuit.be\/wp-content\/uploads\/2021\/07\/logo-noir.png\",\"width\":939,\"height\":400,\"caption\":\"Mus\u00e9e Du Circuit de Spa-Francorchamps\"},\"image\":{\"@id\":\"https:\/\/musee-circuit.be\/de\/homepage\/#\/schema\/logo\/image\/\"},\"sameAs\":[\"https:\/\/www.facebook.com\/museecircuitspafrancorchamps\"]}]}<\/script>\n<!-- \/ Yoast SEO plugin. -->","yoast_head_json":{"title":"Der Simulator - Mus\u00e9e du Circuit de Spa Francorchamps \u00e0 Stavelot | Abbaye de Stavelot","robots":{"index":"index","follow":"follow","max-snippet":"max-snippet:-1","max-image-preview":"max-image-preview:large","max-video-preview":"max-video-preview:-1"},"canonical":"https:\/\/musee-circuit.be\/de\/der-simulator\/","og_locale":"de_DE","og_type":"article","og_title":"Der Simulator - Mus\u00e9e du Circuit de Spa Francorchamps \u00e0 Stavelot | Abbaye de Stavelot","og_description":"DER SIMULATOR Erleben Sie eine einzigartige Erfahrung auf unserem Auto-Simulator. Entdecken oder wiederentdecken Sie den Circuit de Spa-Francorchamps von der Fahrerseite aus. Merkmale Unser Simulator ist mit 3 Full HD-Bildschirmen und dem Asseto Corsa-Spiel ausgestattet. Mit seinem Force-Feedback-Lenkrad und den vibrierenden Pedalen wird es Ihnen das Gef\u00fchl geben, an einem Autorennen teilzunehmen. Das Kernst\u00fcck dieses [&hellip;]","og_url":"https:\/\/musee-circuit.be\/de\/der-simulator\/","og_site_name":"Mus\u00e9e du Circuit de Spa Francorchamps \u00e0 Stavelot | Abbaye de Stavelot","article_publisher":"https:\/\/www.facebook.com\/museecircuitspafrancorchamps","article_modified_time":"2022-12-30T12:20:36+00:00","twitter_card":"summary_large_image","twitter_misc":{"Gesch\u00e4tzte Lesezeit":"8\u00a0Minuten"},"schema":{"@context":"https:\/\/schema.org","@graph":[{"@type":"WebPage","@id":"https:\/\/musee-circuit.be\/de\/der-simulator\/","url":"https:\/\/musee-circuit.be\/de\/der-simulator\/","name":"Der Simulator - Mus\u00e9e du Circuit de Spa Francorchamps \u00e0 Stavelot | Abbaye de Stavelot","isPartOf":{"@id":"https:\/\/musee-circuit.be\/de\/homepage\/#website"},"datePublished":"2020-01-22T23:32:48+00:00","dateModified":"2022-12-30T12:20:36+00:00","breadcrumb":{"@id":"https:\/\/musee-circuit.be\/de\/der-simulator\/#breadcrumb"},"inLanguage":"de","potentialAction":[{"@type":"ReadAction","target":["https:\/\/musee-circuit.be\/de\/der-simulator\/"]}]},{"@type":"BreadcrumbList","@id":"https:\/\/musee-circuit.be\/de\/der-simulator\/#breadcrumb","itemListElement":[{"@type":"ListItem","position":1,"name":"Accueil","item":"https:\/\/musee-circuit.be\/de\/startseite-2\/"},{"@type":"ListItem","position":2,"name":"Der Simulator"}]},{"@type":"WebSite","@id":"https:\/\/musee-circuit.be\/de\/homepage\/#website","url":"https:\/\/musee-circuit.be\/de\/homepage\/","name":"Mus\u00e9e du Circuit de Spa Francorchamps \u00e0 Stavelot | Abbaye de Stavelot","description":"Mus\u00e9e du Circuit de Spa Francorchamps \u00e0 Stavelot | Abbaye de Stavelot","publisher":{"@id":"https:\/\/musee-circuit.be\/de\/homepage\/#organization"},"potentialAction":[{"@type":"SearchAction","target":{"@type":"EntryPoint","urlTemplate":"https:\/\/musee-circuit.be\/de\/homepage\/?s={search_term_string}"},"query-input":{"@type":"PropertyValueSpecification","valueRequired":true,"valueName":"search_term_string"}}],"inLanguage":"de"},{"@type":"Organization","@id":"https:\/\/musee-circuit.be\/de\/homepage\/#organization","name":"Mus\u00e9e Du Circuit de Spa-Francorchamps","url":"https:\/\/musee-circuit.be\/de\/homepage\/","logo":{"@type":"ImageObject","inLanguage":"de","@id":"https:\/\/musee-circuit.be\/de\/homepage\/#\/schema\/logo\/image\/","url":"https:\/\/musee-circuit.be\/wp-content\/uploads\/2021\/07\/logo-noir.png","contentUrl":"https:\/\/musee-circuit.be\/wp-content\/uploads\/2021\/07\/logo-noir.png","width":939,"height":400,"caption":"Mus\u00e9e Du Circuit de Spa-Francorchamps"},"image":{"@id":"https:\/\/musee-circuit.be\/de\/homepage\/#\/schema\/logo\/image\/"},"sameAs":["https:\/\/www.facebook.com\/museecircuitspafrancorchamps"]}]}},"_links":{"self":[{"href":"https:\/\/musee-circuit.be\/de\/wp-json\/wp\/v2\/pages\/30343","targetHints":{"allow":["GET"]}}],"collection":[{"href":"https:\/\/musee-circuit.be\/de\/wp-json\/wp\/v2\/pages"}],"about":[{"href":"https:\/\/musee-circuit.be\/de\/wp-json\/wp\/v2\/types\/page"}],"author":[{"embeddable":true,"href":"https:\/\/musee-circuit.be\/de\/wp-json\/wp\/v2\/users\/1"}],"replies":[{"embeddable":true,"href":"https:\/\/musee-circuit.be\/de\/wp-json\/wp\/v2\/comments?post=30343"}],"version-history":[{"count":6,"href":"https:\/\/musee-circuit.be\/de\/wp-json\/wp\/v2\/pages\/30343\/revisions"}],"predecessor-version":[{"id":30548,"href":"https:\/\/musee-circuit.be\/de\/wp-json\/wp\/v2\/pages\/30343\/revisions\/30548"}],"wp:attachment":[{"href":"https:\/\/musee-circuit.be\/de\/wp-json\/wp\/v2\/media?parent=30343"}],"curies":[{"name":"wp","href":"https:\/\/api.w.org\/{rel}","templated":true}]}}