{"id":30339,"date":"2020-01-22T23:21:32","date_gmt":"2020-01-22T22:21:32","guid":{"rendered":"https:\/\/musee-circuit.be\/das-museum\/"},"modified":"2022-12-02T22:14:51","modified_gmt":"2022-12-02T21:14:51","slug":"das-museum","status":"publish","type":"page","link":"https:\/\/musee-circuit.be\/de\/das-museum\/","title":{"rendered":"Das Museum"},"content":{"rendered":"<p>[et_pb_section fb_built=&#8220;1&#8243; _builder_version=&#8220;4.16&#8243; custom_padding=&#8220;||385px|||&#8220; global_colors_info=&#8220;{}&#8220;][et_pb_row column_structure=&#8220;1_2,1_2&#8243; _builder_version=&#8220;4.19.1&#8243; hover_enabled=&#8220;0&#8243; global_colors_info=&#8220;{}&#8220; sticky_enabled=&#8220;0&#8243;][et_pb_column type=&#8220;1_2&#8243; _builder_version=&#8220;4.16&#8243; global_colors_info=&#8220;{}&#8220;][et_pb_text _builder_version=&#8220;4.16&#8243; header_2_font=&#8220;Squada One||||||||&#8220; header_2_font_size=&#8220;40px&#8220; link_option_url=&#8220;historique\/&#8220; border_width_top=&#8220;8px&#8220; border_color_top=&#8220;#e02b20&#8243; global_colors_info=&#8220;{}&#8220;]<\/p>\n<h2><span style=\"color: #ff0000;\"><a href=\"historique\/\" style=\"color: #ff0000;\">Seine Geschichte<\/a><\/span><\/h2>\n<p>[\/et_pb_text][\/et_pb_column][et_pb_column type=&#8220;1_2&#8243; _builder_version=&#8220;4.16&#8243; global_colors_info=&#8220;{}&#8220;][et_pb_text _builder_version=&#8220;4.16&#8243; header_2_font=&#8220;Squada One||||||||&#8220; header_2_font_size=&#8220;40px&#8220; link_option_url=&#8220;historique\/&#8220; border_width_top=&#8220;8px&#8220; border_color_top=&#8220;#e02b20&#8243; global_colors_info=&#8220;{}&#8220;]<\/p>\n<h2><span style=\"color: #ff0000;\"><a href=\"la-collection\/\" style=\"color: #ff0000;\">Die Sammlung<\/a><\/span><\/h2>\n<p>[\/et_pb_text][\/et_pb_column][\/et_pb_row][\/et_pb_section]<\/p>\n","protected":false},"excerpt":{"rendered":"<p>Seine GeschichteDie Sammlung<\/p>\n","protected":false},"author":1,"featured_media":0,"parent":0,"menu_order":0,"comment_status":"closed","ping_status":"closed","template":"","meta":{"_et_pb_use_builder":"on","_et_pb_old_content":"","_et_gb_content_width":"","footnotes":""},"class_list":["post-30339","page","type-page","status-publish","hentry"],"yoast_head":"<!-- This site is optimized with the Yoast SEO plugin v25.4 - https:\/\/yoast.com\/wordpress\/plugins\/seo\/ -->\n<title>Das Museum - Mus\u00e9e du Circuit de Spa Francorchamps \u00e0 Stavelot | Abbaye de Stavelot<\/title>\n<meta name=\"robots\" content=\"index, follow, max-snippet:-1, max-image-preview:large, max-video-preview:-1\" \/>\n<link rel=\"canonical\" href=\"https:\/\/musee-circuit.be\/de\/das-museum\/\" \/>\n<meta property=\"og:locale\" content=\"de_DE\" \/>\n<meta property=\"og:type\" content=\"article\" \/>\n<meta property=\"og:title\" content=\"Das Museum - Mus\u00e9e du Circuit de Spa Francorchamps \u00e0 Stavelot | Abbaye de Stavelot\" \/>\n<meta property=\"og:description\" content=\"Seine GeschichteDie Sammlung\" \/>\n<meta property=\"og:url\" content=\"https:\/\/musee-circuit.be\/de\/das-museum\/\" \/>\n<meta property=\"og:site_name\" content=\"Mus\u00e9e du Circuit de Spa Francorchamps \u00e0 Stavelot | Abbaye de Stavelot\" \/>\n<meta property=\"article:publisher\" content=\"https:\/\/www.facebook.com\/museecircuitspafrancorchamps\" \/>\n<meta property=\"article:modified_time\" content=\"2022-12-02T21:14:51+00:00\" \/>\n<meta name=\"twitter:card\" content=\"summary_large_image\" \/>\n<meta name=\"twitter:label1\" content=\"Gesch\u00e4tzte Lesezeit\" \/>\n\t<meta name=\"twitter:data1\" content=\"1\u00a0Minute\" \/>\n<script type=\"application\/ld+json\" class=\"yoast-schema-graph\">{\"@context\":\"https:\/\/schema.org\",\"@graph\":[{\"@type\":\"WebPage\",\"@id\":\"https:\/\/musee-circuit.be\/de\/das-museum\/\",\"url\":\"https:\/\/musee-circuit.be\/de\/das-museum\/\",\"name\":\"Das Museum - Mus\u00e9e du Circuit de Spa Francorchamps \u00e0 Stavelot | Abbaye de Stavelot\",\"isPartOf\":{\"@id\":\"https:\/\/musee-circuit.be\/de\/homepage\/#website\"},\"datePublished\":\"2020-01-22T22:21:32+00:00\",\"dateModified\":\"2022-12-02T21:14:51+00:00\",\"breadcrumb\":{\"@id\":\"https:\/\/musee-circuit.be\/de\/das-museum\/#breadcrumb\"},\"inLanguage\":\"de\",\"potentialAction\":[{\"@type\":\"ReadAction\",\"target\":[\"https:\/\/musee-circuit.be\/de\/das-museum\/\"]}]},{\"@type\":\"BreadcrumbList\",\"@id\":\"https:\/\/musee-circuit.be\/de\/das-museum\/#breadcrumb\",\"itemListElement\":[{\"@type\":\"ListItem\",\"position\":1,\"name\":\"Accueil\",\"item\":\"https:\/\/musee-circuit.be\/de\/startseite-2\/\"},{\"@type\":\"ListItem\",\"position\":2,\"name\":\"Das Museum\"}]},{\"@type\":\"WebSite\",\"@id\":\"https:\/\/musee-circuit.be\/de\/homepage\/#website\",\"url\":\"https:\/\/musee-circuit.be\/de\/homepage\/\",\"name\":\"Mus\u00e9e du Circuit de Spa Francorchamps \u00e0 Stavelot | Abbaye de Stavelot\",\"description\":\"Mus\u00e9e du Circuit de Spa Francorchamps \u00e0 Stavelot | Abbaye de Stavelot\",\"publisher\":{\"@id\":\"https:\/\/musee-circuit.be\/de\/homepage\/#organization\"},\"potentialAction\":[{\"@type\":\"SearchAction\",\"target\":{\"@type\":\"EntryPoint\",\"urlTemplate\":\"https:\/\/musee-circuit.be\/de\/homepage\/?s={search_term_string}\"},\"query-input\":{\"@type\":\"PropertyValueSpecification\",\"valueRequired\":true,\"valueName\":\"search_term_string\"}}],\"inLanguage\":\"de\"},{\"@type\":\"Organization\",\"@id\":\"https:\/\/musee-circuit.be\/de\/homepage\/#organization\",\"name\":\"Mus\u00e9e Du Circuit de Spa-Francorchamps\",\"url\":\"https:\/\/musee-circuit.be\/de\/homepage\/\",\"logo\":{\"@type\":\"ImageObject\",\"inLanguage\":\"de\",\"@id\":\"https:\/\/musee-circuit.be\/de\/homepage\/#\/schema\/logo\/image\/\",\"url\":\"https:\/\/musee-circuit.be\/wp-content\/uploads\/2021\/07\/logo-noir.png\",\"contentUrl\":\"https:\/\/musee-circuit.be\/wp-content\/uploads\/2021\/07\/logo-noir.png\",\"width\":939,\"height\":400,\"caption\":\"Mus\u00e9e Du Circuit de Spa-Francorchamps\"},\"image\":{\"@id\":\"https:\/\/musee-circuit.be\/de\/homepage\/#\/schema\/logo\/image\/\"},\"sameAs\":[\"https:\/\/www.facebook.com\/museecircuitspafrancorchamps\"]}]}<\/script>\n<!-- \/ Yoast SEO plugin. -->","yoast_head_json":{"title":"Das Museum - Mus\u00e9e du Circuit de Spa Francorchamps \u00e0 Stavelot | Abbaye de Stavelot","robots":{"index":"index","follow":"follow","max-snippet":"max-snippet:-1","max-image-preview":"max-image-preview:large","max-video-preview":"max-video-preview:-1"},"canonical":"https:\/\/musee-circuit.be\/de\/das-museum\/","og_locale":"de_DE","og_type":"article","og_title":"Das Museum - Mus\u00e9e du Circuit de Spa Francorchamps \u00e0 Stavelot | Abbaye de Stavelot","og_description":"Seine GeschichteDie Sammlung","og_url":"https:\/\/musee-circuit.be\/de\/das-museum\/","og_site_name":"Mus\u00e9e du Circuit de Spa Francorchamps \u00e0 Stavelot | Abbaye de Stavelot","article_publisher":"https:\/\/www.facebook.com\/museecircuitspafrancorchamps","article_modified_time":"2022-12-02T21:14:51+00:00","twitter_card":"summary_large_image","twitter_misc":{"Gesch\u00e4tzte Lesezeit":"1\u00a0Minute"},"schema":{"@context":"https:\/\/schema.org","@graph":[{"@type":"WebPage","@id":"https:\/\/musee-circuit.be\/de\/das-museum\/","url":"https:\/\/musee-circuit.be\/de\/das-museum\/","name":"Das Museum - Mus\u00e9e du Circuit de Spa Francorchamps \u00e0 Stavelot | Abbaye de Stavelot","isPartOf":{"@id":"https:\/\/musee-circuit.be\/de\/homepage\/#website"},"datePublished":"2020-01-22T22:21:32+00:00","dateModified":"2022-12-02T21:14:51+00:00","breadcrumb":{"@id":"https:\/\/musee-circuit.be\/de\/das-museum\/#breadcrumb"},"inLanguage":"de","potentialAction":[{"@type":"ReadAction","target":["https:\/\/musee-circuit.be\/de\/das-museum\/"]}]},{"@type":"BreadcrumbList","@id":"https:\/\/musee-circuit.be\/de\/das-museum\/#breadcrumb","itemListElement":[{"@type":"ListItem","position":1,"name":"Accueil","item":"https:\/\/musee-circuit.be\/de\/startseite-2\/"},{"@type":"ListItem","position":2,"name":"Das Museum"}]},{"@type":"WebSite","@id":"https:\/\/musee-circuit.be\/de\/homepage\/#website","url":"https:\/\/musee-circuit.be\/de\/homepage\/","name":"Mus\u00e9e du Circuit de Spa Francorchamps \u00e0 Stavelot | Abbaye de Stavelot","description":"Mus\u00e9e du Circuit de Spa Francorchamps \u00e0 Stavelot | Abbaye de Stavelot","publisher":{"@id":"https:\/\/musee-circuit.be\/de\/homepage\/#organization"},"potentialAction":[{"@type":"SearchAction","target":{"@type":"EntryPoint","urlTemplate":"https:\/\/musee-circuit.be\/de\/homepage\/?s={search_term_string}"},"query-input":{"@type":"PropertyValueSpecification","valueRequired":true,"valueName":"search_term_string"}}],"inLanguage":"de"},{"@type":"Organization","@id":"https:\/\/musee-circuit.be\/de\/homepage\/#organization","name":"Mus\u00e9e Du Circuit de Spa-Francorchamps","url":"https:\/\/musee-circuit.be\/de\/homepage\/","logo":{"@type":"ImageObject","inLanguage":"de","@id":"https:\/\/musee-circuit.be\/de\/homepage\/#\/schema\/logo\/image\/","url":"https:\/\/musee-circuit.be\/wp-content\/uploads\/2021\/07\/logo-noir.png","contentUrl":"https:\/\/musee-circuit.be\/wp-content\/uploads\/2021\/07\/logo-noir.png","width":939,"height":400,"caption":"Mus\u00e9e Du Circuit de Spa-Francorchamps"},"image":{"@id":"https:\/\/musee-circuit.be\/de\/homepage\/#\/schema\/logo\/image\/"},"sameAs":["https:\/\/www.facebook.com\/museecircuitspafrancorchamps"]}]}},"_links":{"self":[{"href":"https:\/\/musee-circuit.be\/de\/wp-json\/wp\/v2\/pages\/30339","targetHints":{"allow":["GET"]}}],"collection":[{"href":"https:\/\/musee-circuit.be\/de\/wp-json\/wp\/v2\/pages"}],"about":[{"href":"https:\/\/musee-circuit.be\/de\/wp-json\/wp\/v2\/types\/page"}],"author":[{"embeddable":true,"href":"https:\/\/musee-circuit.be\/de\/wp-json\/wp\/v2\/users\/1"}],"replies":[{"embeddable":true,"href":"https:\/\/musee-circuit.be\/de\/wp-json\/wp\/v2\/comments?post=30339"}],"version-history":[{"count":4,"href":"https:\/\/musee-circuit.be\/de\/wp-json\/wp\/v2\/pages\/30339\/revisions"}],"predecessor-version":[{"id":30456,"href":"https:\/\/musee-circuit.be\/de\/wp-json\/wp\/v2\/pages\/30339\/revisions\/30456"}],"wp:attachment":[{"href":"https:\/\/musee-circuit.be\/de\/wp-json\/wp\/v2\/media?parent=30339"}],"curies":[{"name":"wp","href":"https:\/\/api.w.org\/{rel}","templated":true}]}}