{"id":30335,"date":"2020-03-19T21:38:15","date_gmt":"2020-03-19T20:38:15","guid":{"rendered":"https:\/\/musee-circuit.be\/praktische-informationen\/"},"modified":"2023-10-26T13:53:23","modified_gmt":"2023-10-26T11:53:23","slug":"praktische-informationen","status":"publish","type":"page","link":"https:\/\/musee-circuit.be\/de\/praktische-informationen\/","title":{"rendered":"Praktische Informationen"},"content":{"rendered":"<p>[et_pb_section fb_built=&#8220;1&#8243; _builder_version=&#8220;4.16&#8243; global_colors_info=&#8220;{}&#8220;][et_pb_row _builder_version=&#8220;4.16&#8243; background_color=&#8220;#ffffff&#8220; custom_margin=&#8220;50px||||false|false&#8220; custom_padding=&#8220;0px||4px|||&#8220; box_shadow_style=&#8220;preset1&#8243; global_colors_info=&#8220;{}&#8220;][et_pb_column type=&#8220;4_4&#8243; _builder_version=&#8220;4.16&#8243; global_colors_info=&#8220;{}&#8220;][et_pb_text _builder_version=&#8220;4.22.2&#8243; text_font=&#8220;Open Sans||||||||&#8220; text_line_height=&#8220;1.8em&#8220; header_font=&#8220;||||||||&#8220; header_2_font=&#8220;Squada One||||||||&#8220; header_2_font_size=&#8220;40px&#8220; background_color=&#8220;#ffffff&#8220; width=&#8220;100%&#8220; custom_margin=&#8220;|391px|0px|||&#8220; custom_padding=&#8220;5px|24px|5px|24px|true|true&#8220; animation_direction=&#8220;bottom&#8220; hover_enabled=&#8220;0&#8243; header_2_font_size_tablet=&#8220;35px&#8220; header_2_font_size_phone=&#8220;25px&#8220; header_2_font_size_last_edited=&#8220;on|desktop&#8220; border_color_all=&#8220;#e02b20&#8243; border_width_top=&#8220;8px&#8220; box_shadow_style=&#8220;preset1&#8243; box_shadow_blur=&#8220;100px&#8220; box_shadow_color=&#8220;rgba(0,0,0,0.1)&#8220; global_colors_info=&#8220;{}&#8220; sticky_enabled=&#8220;0&#8243;]<\/p>\n<h2>Stundenplan<\/h2>\n<p><strong>Die \u00d6ffnungszeiten des Museums der Rennstrecke von Spa-Francorchamps finden Sie auf der Website der<span style=\"text-decoration: underline;\"><a href=\"https:\/\/www.abbayedestavelot.be\/preparer-ma-visite\/horaire-acces\/\" target=\"_blank\" rel=\"noopener\">Abtei von Stavelot<\/a><\/span><\/strong><\/p>\n<p>&nbsp;<\/p>\n<p>[\/et_pb_text][\/et_pb_column][\/et_pb_row][et_pb_row _builder_version=&#8220;4.16&#8243; background_color=&#8220;#ffffff&#8220; custom_margin=&#8220;50px||||false|false&#8220; custom_padding=&#8220;0px|||||&#8220; box_shadow_style=&#8220;preset1&#8243; global_colors_info=&#8220;{}&#8220;][et_pb_column type=&#8220;4_4&#8243; _builder_version=&#8220;4.16&#8243; global_colors_info=&#8220;{}&#8220;][et_pb_text _builder_version=&#8220;4.19.1&#8243; text_font=&#8220;Open Sans||||||||&#8220; text_line_height=&#8220;1.8em&#8220; header_font=&#8220;||||||||&#8220; header_2_font=&#8220;Squada One||||||||&#8220; header_2_font_size=&#8220;40px&#8220; background_color=&#8220;#ffffff&#8220; width=&#8220;100%&#8220; custom_margin=&#8220;|391px|0px|||&#8220; custom_padding=&#8220;5px|24px|5px|24px|true|true&#8220; animation_direction=&#8220;bottom&#8220; header_2_font_size_tablet=&#8220;35px&#8220; header_2_font_size_phone=&#8220;25px&#8220; header_2_font_size_last_edited=&#8220;on|desktop&#8220; border_color_all=&#8220;#e02b20&#8243; border_width_top=&#8220;8px&#8220; box_shadow_style=&#8220;preset1&#8243; box_shadow_blur=&#8220;100px&#8220; box_shadow_color=&#8220;rgba(0,0,0,0.1)&#8220; global_colors_info=&#8220;{}&#8220;]<\/p>\n<h2>Preise<\/h2>\n<p>[\/et_pb_text][et_pb_text _builder_version=&#8220;4.16&#8243; text_font=&#8220;||||||||&#8220; text_font_size=&#8220;16px&#8220; background_color=&#8220;#ffffff&#8220; custom_margin=&#8220;||0px||false|false&#8220; custom_padding=&#8220;|||25px|false|false&#8220; global_colors_info=&#8220;{}&#8220;]<\/p>\n<h3 class=\"visite-titre\">All-in-Besuch<\/h3>\n<p>Kostenloser Besuch der 3 Museen und der Wechselausstellung.<\/p>\n<table border=\"1\" style=\"width: 100%; border-collapse: collapse; border-style: solid; margin-left: auto; margin-right: auto;\">\n<tbody>\n<tr>\n<td style=\"width: 99.9999%; text-align: center;\" colspan=\"3\"><strong>Normaler Preis<\/strong><br \/><strong>11,00 \u20ac<\/strong><\/td>\n<\/tr>\n<tr>\n<td style=\"width: 33.3333%; text-align: center;\"><strong>0 &#8211; 6 Jahre alt<\/strong><br \/><strong>GRATUIT<\/strong><\/td>\n<td style=\"width: 33.3333%; text-align: center;\"><strong>6 &#8211; 18 Jahre alt<\/strong><br \/><strong>9,50 \u20ac<\/strong><\/td>\n<td style=\"width: 33.3333%; text-align: center;\"><strong>65+ Jahre alt<\/strong><br \/><strong>9,50 \u20ac<\/strong><\/td>\n<\/tr>\n<\/tbody>\n<\/table>\n<h3>Dauer des Besuchs:<\/h3>\n<p>Historisches Museum des F\u00fcrstentums von Stavelot-Malmedy: 1h30 bis 2h<br \/>Museum der Rennstrecke Spa-Francorchamps: 30 Min. bis 1 Std.<br \/>Guillaume Apollinaire Museum: 30 min. bis 1 Std.<\/p>\n<p>Weitere Informationen auf <a href=\"https:\/\/www.abbayedestavelot.be\/\">https:\/\/www.abbayedestavelot.be\/<\/a><br \/>Tickets online kaufen bei <a href=\"https:\/\/reservation.elloha.com\/?idPublication=d1d71d4c-086b-4b10-855c-3b9f078cd4f9&amp;idoi=9af9be28-61a9-4cf2-9d25-031c2049ca94&amp;idPrestation=912f1af0-0220-482c-b017-42a3bb46a0ee&amp;culture=fr-FR&amp;searchFirstAvailableDates=1\">Elloha.com<\/a><\/p>\n<p>&nbsp;<\/p>\n<p>[\/et_pb_text][\/et_pb_column][\/et_pb_row][et_pb_row _builder_version=&#8220;4.16&#8243; background_color=&#8220;#ffffff&#8220; custom_margin=&#8220;50px||||false|false&#8220; custom_padding=&#8220;0px|||||&#8220; box_shadow_style=&#8220;preset1&#8243; global_colors_info=&#8220;{}&#8220;][et_pb_column type=&#8220;4_4&#8243; _builder_version=&#8220;4.16&#8243; global_colors_info=&#8220;{}&#8220;][et_pb_text _builder_version=&#8220;4.19.1&#8243; text_font=&#8220;Open Sans||||||||&#8220; text_line_height=&#8220;1.8em&#8220; header_font=&#8220;||||||||&#8220; header_2_font=&#8220;Squada One||||||||&#8220; header_2_font_size=&#8220;40px&#8220; background_color=&#8220;#ffffff&#8220; width=&#8220;100%&#8220; custom_margin=&#8220;|391px|0px|||&#8220; custom_padding=&#8220;5px|24px|5px|24px|true|true&#8220; animation_direction=&#8220;bottom&#8220; header_2_font_size_tablet=&#8220;35px&#8220; header_2_font_size_phone=&#8220;25px&#8220; header_2_font_size_last_edited=&#8220;on|desktop&#8220; border_color_all=&#8220;#e02b20&#8243; border_width_top=&#8220;8px&#8220; box_shadow_style=&#8220;preset1&#8243; box_shadow_blur=&#8220;100px&#8220; box_shadow_color=&#8220;rgba(0,0,0,0.1)&#8220; global_colors_info=&#8220;{}&#8220;]<\/p>\n<h2>Parkplatz und Karte<\/h2>\n<p>Laden Sie <a href=\"abbayedestavelot.be\/wp-content\/uploads\/2021\/11\/plan_des_parking.pdf\" target=\"_blank\" rel=\"noopener\">den Plan der Parkpl\u00e4tze<\/a> herunter<\/p>\n<p>[\/et_pb_text][et_pb_image src=&#8220;https:\/\/www.abbayedestavelot.be\/wp-content\/uploads\/2021\/11\/0001-scaled.jpg&#8220; _builder_version=&#8220;4.19.1&#8243; _module_preset=&#8220;default&#8220; global_colors_info=&#8220;{}&#8220;][\/et_pb_image][\/et_pb_column][\/et_pb_row][et_pb_row _builder_version=&#8220;4.16&#8243; background_color=&#8220;#ffffff&#8220; custom_margin=&#8220;50px||||false|false&#8220; custom_padding=&#8220;0px|||||&#8220; box_shadow_style=&#8220;preset1&#8243; global_colors_info=&#8220;{}&#8220;][et_pb_column type=&#8220;4_4&#8243; _builder_version=&#8220;4.16&#8243; global_colors_info=&#8220;{}&#8220;][et_pb_text _builder_version=&#8220;4.19.1&#8243; text_font=&#8220;Open Sans||||||||&#8220; text_line_height=&#8220;1.8em&#8220; header_font=&#8220;||||||||&#8220; header_2_font=&#8220;Squada One||||||||&#8220; header_2_font_size=&#8220;40px&#8220; background_color=&#8220;#ffffff&#8220; width=&#8220;100%&#8220; custom_margin=&#8220;|391px|0px|||&#8220; custom_padding=&#8220;5px|24px|5px|24px|true|true&#8220; animation_direction=&#8220;bottom&#8220; header_2_font_size_tablet=&#8220;35px&#8220; header_2_font_size_phone=&#8220;25px&#8220; header_2_font_size_last_edited=&#8220;on|desktop&#8220; border_color_all=&#8220;#e02b20&#8243; border_width_top=&#8220;8px&#8220; box_shadow_style=&#8220;preset1&#8243; box_shadow_blur=&#8220;100px&#8220; box_shadow_color=&#8220;rgba(0,0,0,0.1)&#8220; global_colors_info=&#8220;{}&#8220;]<\/p>\n<h2>Zus\u00e4tzliche Informationen<\/h2>\n<p>Weitere Informationen zu Anfahrt, \u00d6ffnungszeiten und Vorkehrungen f\u00fcr Personen mit eingeschr\u00e4nkter Mobilit\u00e4t finden Sie auf <a href=\"https:\/\/www.abbayedestavelot.be\/preparer-ma-visite\/horaire-acces\/\">der Website der Abtei von Stavelot.<\/a><\/p>\n<p>[\/et_pb_text][\/et_pb_column][\/et_pb_row][\/et_pb_section]<\/p>\n","protected":false},"excerpt":{"rendered":"<p>Stundenplan Die \u00d6ffnungszeiten des Museums der Rennstrecke von Spa-Francorchamps finden Sie auf der Website derAbtei von Stavelot &nbsp;PreiseAll-in-Besuch Kostenloser Besuch der 3 Museen und der Wechselausstellung. Normaler Preis11,00 \u20ac 0 &#8211; 6 Jahre altGRATUIT 6 &#8211; 18 Jahre alt9,50 \u20ac 65+ Jahre alt9,50 \u20ac Dauer des Besuchs: Historisches Museum des F\u00fcrstentums von Stavelot-Malmedy: 1h30 bis [&hellip;]<\/p>\n","protected":false},"author":1,"featured_media":0,"parent":0,"menu_order":0,"comment_status":"closed","ping_status":"closed","template":"","meta":{"_et_pb_use_builder":"on","_et_pb_old_content":"","_et_gb_content_width":"","footnotes":""},"class_list":["post-30335","page","type-page","status-publish","hentry"],"yoast_head":"<!-- This site is optimized with the Yoast SEO plugin v25.4 - https:\/\/yoast.com\/wordpress\/plugins\/seo\/ -->\n<title>Praktische Informationen - Mus\u00e9e du Circuit de Spa Francorchamps \u00e0 Stavelot | Abbaye de Stavelot<\/title>\n<meta name=\"robots\" content=\"index, follow, max-snippet:-1, max-image-preview:large, max-video-preview:-1\" \/>\n<link rel=\"canonical\" href=\"https:\/\/musee-circuit.be\/de\/praktische-informationen\/\" \/>\n<meta property=\"og:locale\" content=\"de_DE\" \/>\n<meta property=\"og:type\" content=\"article\" \/>\n<meta property=\"og:title\" content=\"Praktische Informationen - Mus\u00e9e du Circuit de Spa Francorchamps \u00e0 Stavelot | Abbaye de Stavelot\" \/>\n<meta property=\"og:description\" content=\"Stundenplan Die \u00d6ffnungszeiten des Museums der Rennstrecke von Spa-Francorchamps finden Sie auf der Website derAbtei von Stavelot &nbsp;PreiseAll-in-Besuch Kostenloser Besuch der 3 Museen und der Wechselausstellung. Normaler Preis11,00 \u20ac 0 - 6 Jahre altGRATUIT 6 - 18 Jahre alt9,50 \u20ac 65+ Jahre alt9,50 \u20ac Dauer des Besuchs: Historisches Museum des F\u00fcrstentums von Stavelot-Malmedy: 1h30 bis [&hellip;]\" \/>\n<meta property=\"og:url\" content=\"https:\/\/musee-circuit.be\/de\/praktische-informationen\/\" \/>\n<meta property=\"og:site_name\" content=\"Mus\u00e9e du Circuit de Spa Francorchamps \u00e0 Stavelot | Abbaye de Stavelot\" \/>\n<meta property=\"article:publisher\" content=\"https:\/\/www.facebook.com\/museecircuitspafrancorchamps\" \/>\n<meta property=\"article:modified_time\" content=\"2023-10-26T11:53:23+00:00\" \/>\n<meta name=\"twitter:card\" content=\"summary_large_image\" \/>\n<meta name=\"twitter:label1\" content=\"Gesch\u00e4tzte Lesezeit\" \/>\n\t<meta name=\"twitter:data1\" content=\"3\u00a0Minuten\" \/>\n<script type=\"application\/ld+json\" class=\"yoast-schema-graph\">{\"@context\":\"https:\/\/schema.org\",\"@graph\":[{\"@type\":\"WebPage\",\"@id\":\"https:\/\/musee-circuit.be\/de\/praktische-informationen\/\",\"url\":\"https:\/\/musee-circuit.be\/de\/praktische-informationen\/\",\"name\":\"Praktische Informationen - Mus\u00e9e du Circuit de Spa Francorchamps \u00e0 Stavelot | Abbaye de Stavelot\",\"isPartOf\":{\"@id\":\"https:\/\/musee-circuit.be\/de\/homepage\/#website\"},\"datePublished\":\"2020-03-19T20:38:15+00:00\",\"dateModified\":\"2023-10-26T11:53:23+00:00\",\"breadcrumb\":{\"@id\":\"https:\/\/musee-circuit.be\/de\/praktische-informationen\/#breadcrumb\"},\"inLanguage\":\"de\",\"potentialAction\":[{\"@type\":\"ReadAction\",\"target\":[\"https:\/\/musee-circuit.be\/de\/praktische-informationen\/\"]}]},{\"@type\":\"BreadcrumbList\",\"@id\":\"https:\/\/musee-circuit.be\/de\/praktische-informationen\/#breadcrumb\",\"itemListElement\":[{\"@type\":\"ListItem\",\"position\":1,\"name\":\"Accueil\",\"item\":\"https:\/\/musee-circuit.be\/de\/startseite-2\/\"},{\"@type\":\"ListItem\",\"position\":2,\"name\":\"Praktische Informationen\"}]},{\"@type\":\"WebSite\",\"@id\":\"https:\/\/musee-circuit.be\/de\/homepage\/#website\",\"url\":\"https:\/\/musee-circuit.be\/de\/homepage\/\",\"name\":\"Mus\u00e9e du Circuit de Spa Francorchamps \u00e0 Stavelot | Abbaye de Stavelot\",\"description\":\"Mus\u00e9e du Circuit de Spa Francorchamps \u00e0 Stavelot | Abbaye de Stavelot\",\"publisher\":{\"@id\":\"https:\/\/musee-circuit.be\/de\/homepage\/#organization\"},\"potentialAction\":[{\"@type\":\"SearchAction\",\"target\":{\"@type\":\"EntryPoint\",\"urlTemplate\":\"https:\/\/musee-circuit.be\/de\/homepage\/?s={search_term_string}\"},\"query-input\":{\"@type\":\"PropertyValueSpecification\",\"valueRequired\":true,\"valueName\":\"search_term_string\"}}],\"inLanguage\":\"de\"},{\"@type\":\"Organization\",\"@id\":\"https:\/\/musee-circuit.be\/de\/homepage\/#organization\",\"name\":\"Mus\u00e9e Du Circuit de Spa-Francorchamps\",\"url\":\"https:\/\/musee-circuit.be\/de\/homepage\/\",\"logo\":{\"@type\":\"ImageObject\",\"inLanguage\":\"de\",\"@id\":\"https:\/\/musee-circuit.be\/de\/homepage\/#\/schema\/logo\/image\/\",\"url\":\"https:\/\/musee-circuit.be\/wp-content\/uploads\/2021\/07\/logo-noir.png\",\"contentUrl\":\"https:\/\/musee-circuit.be\/wp-content\/uploads\/2021\/07\/logo-noir.png\",\"width\":939,\"height\":400,\"caption\":\"Mus\u00e9e Du Circuit de Spa-Francorchamps\"},\"image\":{\"@id\":\"https:\/\/musee-circuit.be\/de\/homepage\/#\/schema\/logo\/image\/\"},\"sameAs\":[\"https:\/\/www.facebook.com\/museecircuitspafrancorchamps\"]}]}<\/script>\n<!-- \/ Yoast SEO plugin. -->","yoast_head_json":{"title":"Praktische Informationen - Mus\u00e9e du Circuit de Spa Francorchamps \u00e0 Stavelot | Abbaye de Stavelot","robots":{"index":"index","follow":"follow","max-snippet":"max-snippet:-1","max-image-preview":"max-image-preview:large","max-video-preview":"max-video-preview:-1"},"canonical":"https:\/\/musee-circuit.be\/de\/praktische-informationen\/","og_locale":"de_DE","og_type":"article","og_title":"Praktische Informationen - Mus\u00e9e du Circuit de Spa Francorchamps \u00e0 Stavelot | Abbaye de Stavelot","og_description":"Stundenplan Die \u00d6ffnungszeiten des Museums der Rennstrecke von Spa-Francorchamps finden Sie auf der Website derAbtei von Stavelot &nbsp;PreiseAll-in-Besuch Kostenloser Besuch der 3 Museen und der Wechselausstellung. Normaler Preis11,00 \u20ac 0 - 6 Jahre altGRATUIT 6 - 18 Jahre alt9,50 \u20ac 65+ Jahre alt9,50 \u20ac Dauer des Besuchs: Historisches Museum des F\u00fcrstentums von Stavelot-Malmedy: 1h30 bis [&hellip;]","og_url":"https:\/\/musee-circuit.be\/de\/praktische-informationen\/","og_site_name":"Mus\u00e9e du Circuit de Spa Francorchamps \u00e0 Stavelot | Abbaye de Stavelot","article_publisher":"https:\/\/www.facebook.com\/museecircuitspafrancorchamps","article_modified_time":"2023-10-26T11:53:23+00:00","twitter_card":"summary_large_image","twitter_misc":{"Gesch\u00e4tzte Lesezeit":"3\u00a0Minuten"},"schema":{"@context":"https:\/\/schema.org","@graph":[{"@type":"WebPage","@id":"https:\/\/musee-circuit.be\/de\/praktische-informationen\/","url":"https:\/\/musee-circuit.be\/de\/praktische-informationen\/","name":"Praktische Informationen - Mus\u00e9e du Circuit de Spa Francorchamps \u00e0 Stavelot | Abbaye de Stavelot","isPartOf":{"@id":"https:\/\/musee-circuit.be\/de\/homepage\/#website"},"datePublished":"2020-03-19T20:38:15+00:00","dateModified":"2023-10-26T11:53:23+00:00","breadcrumb":{"@id":"https:\/\/musee-circuit.be\/de\/praktische-informationen\/#breadcrumb"},"inLanguage":"de","potentialAction":[{"@type":"ReadAction","target":["https:\/\/musee-circuit.be\/de\/praktische-informationen\/"]}]},{"@type":"BreadcrumbList","@id":"https:\/\/musee-circuit.be\/de\/praktische-informationen\/#breadcrumb","itemListElement":[{"@type":"ListItem","position":1,"name":"Accueil","item":"https:\/\/musee-circuit.be\/de\/startseite-2\/"},{"@type":"ListItem","position":2,"name":"Praktische Informationen"}]},{"@type":"WebSite","@id":"https:\/\/musee-circuit.be\/de\/homepage\/#website","url":"https:\/\/musee-circuit.be\/de\/homepage\/","name":"Mus\u00e9e du Circuit de Spa Francorchamps \u00e0 Stavelot | Abbaye de Stavelot","description":"Mus\u00e9e du Circuit de Spa Francorchamps \u00e0 Stavelot | Abbaye de Stavelot","publisher":{"@id":"https:\/\/musee-circuit.be\/de\/homepage\/#organization"},"potentialAction":[{"@type":"SearchAction","target":{"@type":"EntryPoint","urlTemplate":"https:\/\/musee-circuit.be\/de\/homepage\/?s={search_term_string}"},"query-input":{"@type":"PropertyValueSpecification","valueRequired":true,"valueName":"search_term_string"}}],"inLanguage":"de"},{"@type":"Organization","@id":"https:\/\/musee-circuit.be\/de\/homepage\/#organization","name":"Mus\u00e9e Du Circuit de Spa-Francorchamps","url":"https:\/\/musee-circuit.be\/de\/homepage\/","logo":{"@type":"ImageObject","inLanguage":"de","@id":"https:\/\/musee-circuit.be\/de\/homepage\/#\/schema\/logo\/image\/","url":"https:\/\/musee-circuit.be\/wp-content\/uploads\/2021\/07\/logo-noir.png","contentUrl":"https:\/\/musee-circuit.be\/wp-content\/uploads\/2021\/07\/logo-noir.png","width":939,"height":400,"caption":"Mus\u00e9e Du Circuit de Spa-Francorchamps"},"image":{"@id":"https:\/\/musee-circuit.be\/de\/homepage\/#\/schema\/logo\/image\/"},"sameAs":["https:\/\/www.facebook.com\/museecircuitspafrancorchamps"]}]}},"_links":{"self":[{"href":"https:\/\/musee-circuit.be\/de\/wp-json\/wp\/v2\/pages\/30335","targetHints":{"allow":["GET"]}}],"collection":[{"href":"https:\/\/musee-circuit.be\/de\/wp-json\/wp\/v2\/pages"}],"about":[{"href":"https:\/\/musee-circuit.be\/de\/wp-json\/wp\/v2\/types\/page"}],"author":[{"embeddable":true,"href":"https:\/\/musee-circuit.be\/de\/wp-json\/wp\/v2\/users\/1"}],"replies":[{"embeddable":true,"href":"https:\/\/musee-circuit.be\/de\/wp-json\/wp\/v2\/comments?post=30335"}],"version-history":[{"count":14,"href":"https:\/\/musee-circuit.be\/de\/wp-json\/wp\/v2\/pages\/30335\/revisions"}],"predecessor-version":[{"id":30642,"href":"https:\/\/musee-circuit.be\/de\/wp-json\/wp\/v2\/pages\/30335\/revisions\/30642"}],"wp:attachment":[{"href":"https:\/\/musee-circuit.be\/de\/wp-json\/wp\/v2\/media?parent=30335"}],"curies":[{"name":"wp","href":"https:\/\/api.w.org\/{rel}","templated":true}]}}